{"id":12047,"date":"2024-09-04T15:07:59","date_gmt":"2024-09-04T15:07:59","guid":{"rendered":"https:\/\/pararepublique.com\/?post_type=product&#038;p=12047"},"modified":"2024-09-04T15:07:59","modified_gmt":"2024-09-04T15:07:59","slug":"roche-posay-cicaplast-t40ml","status":"publish","type":"product","link":"https:\/\/pararepublique.com\/index.php\/product\/roche-posay-cicaplast-t40ml\/","title":{"rendered":"ROCHE POSAY CICAPLAST T40ML"},"content":{"rendered":"<p>Cicaplast Baume B5 de La Roche-Posay est un baume multi-r\u00e9parateur apaisant, con\u00e7u pour acc\u00e9l\u00e9rer la r\u00e9paration de la peau irrit\u00e9e, sensibilis\u00e9e ou ab\u00eem\u00e9e. Enrichi en Panth\u00e9nol (vitamine B5) et en Madecassoside, ce baume agit en profondeur pour apaiser, r\u00e9parer et restaurer la barri\u00e8re cutan\u00e9e. Il est id\u00e9al pour les zones sujettes aux irritations, s\u00e9cheresses intenses ou apr\u00e8s des interventions dermatologiques. Sa texture riche et nourrissante est sans effet gras ni collant, offrant un confort imm\u00e9diat \u00e0 la peau.<\/p>\n<p><strong>Principaux avantages :<\/strong><\/p>\n<ul>\n<li><strong>R\u00e9paration et apaisement<\/strong> : Formul\u00e9 avec du Panth\u00e9nol (B5) et du Madecassoside pour favoriser la r\u00e9g\u00e9n\u00e9ration cutan\u00e9e et apaiser les irritations.<\/li>\n<li><strong>Multi-usage<\/strong> : Convient pour diverses applications sur le visage, le corps, et m\u00eame les l\u00e8vres, pour toute la famille, y compris les b\u00e9b\u00e9s.<\/li>\n<li><strong>Protection renforc\u00e9e<\/strong> : Cr\u00e9e un film protecteur sur la peau pour pr\u00e9venir les agressions ext\u00e9rieures et aider \u00e0 restaurer la barri\u00e8re cutan\u00e9e.<\/li>\n<li><strong>Texture riche, non grasse<\/strong> : Nourrit la peau en profondeur tout en \u00e9tant facilement absorb\u00e9e, sans laisser de r\u00e9sidus gras.<\/li>\n<\/ul>\n<p><strong>Conseils d&rsquo;utilisation :<\/strong> Appliquez une fine couche sur les zones affect\u00e9es du visage ou du corps deux fois par jour, ou selon les besoins. Peut \u00eatre utilis\u00e9 apr\u00e8s des interventions dermatologiques ou pour calmer les irritations et la s\u00e9cheresse intense.<\/p>\n","protected":false},"excerpt":{"rendered":"<p>Cicaplast Baume B5 de La Roche-Posay est un baume multi-r\u00e9parateur apaisant, con\u00e7u pour acc\u00e9l\u00e9rer la r\u00e9paration de la peau irrit\u00e9e, sensibilis\u00e9e ou ab\u00eem\u00e9e. Enrichi en Panth\u00e9nol (vitamine B5) et en Madecassoside, ce baume agit en profondeur pour apaiser, r\u00e9parer et restaurer la barri\u00e8re cutan\u00e9e. Il est id\u00e9al pour les zones sujettes aux irritations, s\u00e9cheresses intenses ou apr\u00e8s des interventions dermatologiques.<\/p>\n","protected":false},"featured_media":12048,"comment_status":"open","ping_status":"closed","template":"","meta":{"inline_featured_image":false,"_monsterinsights_skip_tracking":false,"_monsterinsights_sitenote_active":false,"_monsterinsights_sitenote_note":"","_monsterinsights_sitenote_category":0,"_joinchat":[]},"product_cat":[92],"product_tag":[],"class_list":{"0":"post-12047","1":"product","2":"type-product","3":"status-publish","4":"has-post-thumbnail","6":"product_cat-la-roche-posay","8":"first","9":"instock","10":"shipping-taxable","11":"purchasable","12":"product-type-simple","13":"add-to-wishlist-after_add_to_cart"},"aioseo_notices":[],"_links":{"self":[{"href":"https:\/\/pararepublique.com\/index.php\/wp-json\/wp\/v2\/product\/12047","targetHints":{"allow":["GET"]}}],"collection":[{"href":"https:\/\/pararepublique.com\/index.php\/wp-json\/wp\/v2\/product"}],"about":[{"href":"https:\/\/pararepublique.com\/index.php\/wp-json\/wp\/v2\/types\/product"}],"replies":[{"embeddable":true,"href":"https:\/\/pararepublique.com\/index.php\/wp-json\/wp\/v2\/comments?post=12047"}],"version-history":[{"count":0,"href":"https:\/\/pararepublique.com\/index.php\/wp-json\/wp\/v2\/product\/12047\/revisions"}],"wp:featuredmedia":[{"embeddable":true,"href":"https:\/\/pararepublique.com\/index.php\/wp-json\/wp\/v2\/media\/12048"}],"wp:attachment":[{"href":"https:\/\/pararepublique.com\/index.php\/wp-json\/wp\/v2\/media?parent=12047"}],"wp:term":[{"taxonomy":"product_cat","embeddable":true,"href":"https:\/\/pararepublique.com\/index.php\/wp-json\/wp\/v2\/product_cat?post=12047"},{"taxonomy":"product_tag","embeddable":true,"href":"https:\/\/pararepublique.com\/index.php\/wp-json\/wp\/v2\/product_tag?post=12047"}],"curies":[{"name":"wp","href":"https:\/\/api.w.org\/{rel}","templated":true}]}}