{"id":12055,"date":"2024-09-04T15:22:45","date_gmt":"2024-09-04T15:22:45","guid":{"rendered":"https:\/\/pararepublique.com\/?post_type=product&#038;p=12055"},"modified":"2024-09-04T15:22:45","modified_gmt":"2024-09-04T15:22:45","slug":"roche-posay-demaq-yeux-physio-f-100ml","status":"publish","type":"product","link":"https:\/\/pararepublique.com\/index.php\/product\/roche-posay-demaq-yeux-physio-f-100ml\/","title":{"rendered":"ROCHE POSAY DEMAQ YEUX PHYSIO F\/100ML"},"content":{"rendered":"<p>Le D\u00e9maquillant Yeux Physiologique de La Roche-Posay est sp\u00e9cialement formul\u00e9 pour \u00e9liminer en douceur le maquillage des yeux, m\u00eame le plus r\u00e9sistant, sans irriter la peau sensible du contour des yeux. Gr\u00e2ce \u00e0 sa formule enrichie en agents apaisants et hydratants, ce d\u00e9maquillant respecte le pH physiologique de la peau, laissant le contour des yeux propre, frais et apais\u00e9. Test\u00e9 sous contr\u00f4le ophtalmologique, il convient aux porteurs de lentilles et aux yeux sensibles.<\/p>\n<p><strong>Principaux avantages :<\/strong><\/p>\n<ul>\n<li><strong>D\u00e9maquillage efficace et doux<\/strong> : \u00c9limine rapidement et efficacement le maquillage, y compris le maquillage waterproof, sans frotter.<\/li>\n<li><strong>Respect du pH physiologique<\/strong> : Formul\u00e9 pour respecter l&rsquo;\u00e9quilibre naturel de la peau, \u00e9vitant ainsi les irritations et les rougeurs.<\/li>\n<li><strong>Convient aux peaux sensibles<\/strong> : Test\u00e9 sous contr\u00f4le ophtalmologique, il est adapt\u00e9 aux yeux sensibles et aux porteurs de lentilles de contact.<\/li>\n<li><strong>Apaisant et hydratant<\/strong> : Enrichi en agents apaisants, il laisse la peau douce, hydrat\u00e9e et apais\u00e9e apr\u00e8s chaque utilisation.<\/li>\n<\/ul>\n<p><strong>Conseils d&rsquo;utilisation :<\/strong> Appliquez une petite quantit\u00e9 de d\u00e9maquillant sur un coton. Passez doucement sur les paupi\u00e8res et les cils pour enlever le maquillage. R\u00e9p\u00e9tez l&rsquo;op\u00e9ration si n\u00e9cessaire jusqu&rsquo;\u00e0 ce que le coton soit propre. Ne n\u00e9cessite pas de rin\u00e7age.<\/p>\n<p>&nbsp;<\/p>\n","protected":false},"excerpt":{"rendered":"<p>Le D\u00e9maquillant Yeux Physiologique de La Roche-Posay est sp\u00e9cialement formul\u00e9 pour \u00e9liminer en douceur le maquillage des yeux, m\u00eame le plus r\u00e9sistant, sans irriter la peau sensible du contour des yeux. Gr\u00e2ce \u00e0 sa formule enrichie en agents apaisants et hydratants, ce d\u00e9maquillant respecte le pH physiologique de la peau, laissant le contour des yeux propre, frais et apais\u00e9.<\/p>\n","protected":false},"featured_media":12056,"comment_status":"open","ping_status":"closed","template":"","meta":{"inline_featured_image":false,"_monsterinsights_skip_tracking":false,"_monsterinsights_sitenote_active":false,"_monsterinsights_sitenote_note":"","_monsterinsights_sitenote_category":0,"_joinchat":[]},"product_cat":[92],"product_tag":[],"class_list":{"0":"post-12055","1":"product","2":"type-product","3":"status-publish","4":"has-post-thumbnail","6":"product_cat-la-roche-posay","8":"first","9":"instock","10":"shipping-taxable","11":"purchasable","12":"product-type-simple","13":"add-to-wishlist-after_add_to_cart"},"aioseo_notices":[],"_links":{"self":[{"href":"https:\/\/pararepublique.com\/index.php\/wp-json\/wp\/v2\/product\/12055","targetHints":{"allow":["GET"]}}],"collection":[{"href":"https:\/\/pararepublique.com\/index.php\/wp-json\/wp\/v2\/product"}],"about":[{"href":"https:\/\/pararepublique.com\/index.php\/wp-json\/wp\/v2\/types\/product"}],"replies":[{"embeddable":true,"href":"https:\/\/pararepublique.com\/index.php\/wp-json\/wp\/v2\/comments?post=12055"}],"version-history":[{"count":0,"href":"https:\/\/pararepublique.com\/index.php\/wp-json\/wp\/v2\/product\/12055\/revisions"}],"wp:featuredmedia":[{"embeddable":true,"href":"https:\/\/pararepublique.com\/index.php\/wp-json\/wp\/v2\/media\/12056"}],"wp:attachment":[{"href":"https:\/\/pararepublique.com\/index.php\/wp-json\/wp\/v2\/media?parent=12055"}],"wp:term":[{"taxonomy":"product_cat","embeddable":true,"href":"https:\/\/pararepublique.com\/index.php\/wp-json\/wp\/v2\/product_cat?post=12055"},{"taxonomy":"product_tag","embeddable":true,"href":"https:\/\/pararepublique.com\/index.php\/wp-json\/wp\/v2\/product_tag?post=12055"}],"curies":[{"name":"wp","href":"https:\/\/api.w.org\/{rel}","templated":true}]}}