{"id":12063,"date":"2024-09-04T15:38:45","date_gmt":"2024-09-04T15:38:45","guid":{"rendered":"https:\/\/pararepublique.com\/?post_type=product&#038;p=12063"},"modified":"2025-10-03T00:16:10","modified_gmt":"2025-10-03T00:16:10","slug":"roche-posay-toleriane-ultra-yeux","status":"publish","type":"product","link":"https:\/\/pararepublique.com\/index.php\/product\/roche-posay-toleriane-ultra-yeux\/","title":{"rendered":"ROCHE POSAY TOLERIANE ULTRA  YEUX"},"content":{"rendered":"<p>Toleriane Ultra Yeux de La Roche-Posay est un soin sp\u00e9cialement formul\u00e9 pour le contour des yeux ultra-sensible et r\u00e9actif. Ce soin apaisant offre une hydratation intense tout en r\u00e9duisant les signes de fatigue et les sensations d&rsquo;inconfort. Sa formule minimaliste, enrichie en eau thermale de La Roche-Posay, aide \u00e0 calmer les irritations et \u00e0 renforcer la barri\u00e8re cutan\u00e9e d\u00e9licate autour des yeux.<\/p>\n<p><strong>Principaux avantages :<\/strong><\/p>\n<ul>\n<li><strong>Apaisement intense<\/strong> : R\u00e9duit imm\u00e9diatement les sensations de tiraillement et d\u2019irritation autour des yeux, apportant un soulagement durable.<\/li>\n<li><strong>Hydratation cibl\u00e9e<\/strong> : Fournit une hydratation profonde pour le contour des yeux, aidant \u00e0 att\u00e9nuer les signes de s\u00e9cheresse et de fatigue.<\/li>\n<li><strong>Formule hypoallerg\u00e9nique<\/strong> : Sans parfum, sans alcool, ni conservateurs, elle minimise les risques de r\u00e9actions allergiques et convient aux yeux sensibles, y compris aux porteurs de lentilles.<\/li>\n<li><strong>Texture l\u00e9g\u00e8re<\/strong> : Sa texture fluide et non grasse p\u00e9n\u00e8tre rapidement, laissant une peau douce et confortable, sans effet collant.<\/li>\n<\/ul>\n<p><strong>Conseils d&rsquo;utilisation :<\/strong> Appliquez matin et soir sur le contour des yeux, en tapotant doucement avec le doigt jusqu\u2019\u00e0 absorption compl\u00e8te. Peut \u00eatre utilis\u00e9 seul ou sous le maquillage pour un effet apaisant et hydratant.<\/p>\n<p>&nbsp;<\/p>\n","protected":false},"excerpt":{"rendered":"<p>Toleriane Ultra Yeux de La Roche-Posay est un soin sp\u00e9cialement formul\u00e9 pour le contour des yeux ultra-sensible et r\u00e9actif. Ce soin apaisant offre une hydratation intense tout en r\u00e9duisant les signes de fatigue et les sensations d&rsquo;inconfort. Sa formule minimaliste, enrichie en eau thermale de La Roche-Posay, aide \u00e0 calmer les irritations et \u00e0 renforcer la barri\u00e8re cutan\u00e9e d\u00e9licate autour des yeux.<\/p>\n","protected":false},"featured_media":0,"comment_status":"open","ping_status":"closed","template":"","meta":{"inline_featured_image":false,"_monsterinsights_skip_tracking":false,"_monsterinsights_sitenote_active":false,"_monsterinsights_sitenote_note":"","_monsterinsights_sitenote_category":0,"_joinchat":[]},"product_cat":[92],"product_tag":[],"class_list":{"0":"post-12063","1":"product","2":"type-product","3":"status-publish","5":"product_cat-la-roche-posay","7":"first","8":"instock","9":"shipping-taxable","10":"purchasable","11":"product-type-simple","12":"add-to-wishlist-after_add_to_cart"},"aioseo_notices":[],"_links":{"self":[{"href":"https:\/\/pararepublique.com\/index.php\/wp-json\/wp\/v2\/product\/12063","targetHints":{"allow":["GET"]}}],"collection":[{"href":"https:\/\/pararepublique.com\/index.php\/wp-json\/wp\/v2\/product"}],"about":[{"href":"https:\/\/pararepublique.com\/index.php\/wp-json\/wp\/v2\/types\/product"}],"replies":[{"embeddable":true,"href":"https:\/\/pararepublique.com\/index.php\/wp-json\/wp\/v2\/comments?post=12063"}],"version-history":[{"count":0,"href":"https:\/\/pararepublique.com\/index.php\/wp-json\/wp\/v2\/product\/12063\/revisions"}],"wp:attachment":[{"href":"https:\/\/pararepublique.com\/index.php\/wp-json\/wp\/v2\/media?parent=12063"}],"wp:term":[{"taxonomy":"product_cat","embeddable":true,"href":"https:\/\/pararepublique.com\/index.php\/wp-json\/wp\/v2\/product_cat?post=12063"},{"taxonomy":"product_tag","embeddable":true,"href":"https:\/\/pararepublique.com\/index.php\/wp-json\/wp\/v2\/product_tag?post=12063"}],"curies":[{"name":"wp","href":"https:\/\/api.w.org\/{rel}","templated":true}]}}