{"id":12065,"date":"2024-09-04T15:47:24","date_gmt":"2024-09-04T15:47:24","guid":{"rendered":"https:\/\/pararepublique.com\/?post_type=product&#038;p=12065"},"modified":"2024-09-04T15:47:24","modified_gmt":"2024-09-04T15:47:24","slug":"roche-posay-toleriane-visage-soin-apaisante","status":"publish","type":"product","link":"https:\/\/pararepublique.com\/index.php\/product\/roche-posay-toleriane-visage-soin-apaisante\/","title":{"rendered":"ROCHE POSAY TOLERIANE VISAGE SOIN APAISANTE"},"content":{"rendered":"<p>Le Toleriane Soin Apaisant Visage de La Roche-Posay est un soin sp\u00e9cialement formul\u00e9 pour les peaux sensibles, r\u00e9actives et sujettes aux irritations. Ce soin apaisant et hydratant est con\u00e7u pour r\u00e9duire les sensations de tiraillement et d\u2019inconfort tout en renfor\u00e7ant la barri\u00e8re cutan\u00e9e. Enrichi en eau thermale de La Roche-Posay, il apporte une sensation de fra\u00eecheur et de confort imm\u00e9diate, id\u00e9al pour les peaux sujettes aux rougeurs et aux r\u00e9actions cutan\u00e9es.<\/p>\n<p><strong>Principaux avantages :<\/strong><\/p>\n<ul>\n<li><strong>Apaisement imm\u00e9diat<\/strong> : Calme les sensations de tiraillement et d&rsquo;irritation, apportant un confort durable.<\/li>\n<li><strong>Hydratation profonde<\/strong> : Offre une hydratation intense pour aider \u00e0 maintenir l\u2019\u00e9quilibre de la peau et pr\u00e9venir les sensations de s\u00e9cheresse.<\/li>\n<li><strong>Formule hypoallerg\u00e9nique<\/strong> : Sans parfum, sans alcool, et sans conservateurs, pour minimiser les risques de r\u00e9actions allergiques et garantir une tol\u00e9rance maximale.<\/li>\n<li><strong>Renforcement de la barri\u00e8re cutan\u00e9e<\/strong> : Aide \u00e0 renforcer la barri\u00e8re naturelle de la peau pour une meilleure protection contre les agressions ext\u00e9rieures.<\/li>\n<\/ul>\n<p><strong>Conseils d&rsquo;utilisation :<\/strong> Appliquez matin et soir sur le visage nettoy\u00e9 et sec. Massez doucement jusqu\u2019\u00e0 absorption compl\u00e8te. Peut \u00eatre utilis\u00e9 seul ou avant votre cr\u00e8me hydratante habituelle pour une action renforc\u00e9e.<\/p>\n","protected":false},"excerpt":{"rendered":"<p>formul\u00e9 pour les peaux sensibles, r\u00e9actives et sujettes aux irritations. Ce soin apaisant et hydratant est con\u00e7u pour r\u00e9duire les sensations de tiraillement et d\u2019inconfort tout en renfor\u00e7ant la barri\u00e8re cutan\u00e9e. Enrichi en eau thermale de La Roche-Posay, il apporte une sensation de fra\u00eecheur et de confort imm\u00e9diate, id\u00e9al pour les peaux sujettes aux rougeurs et aux r\u00e9actions cutan\u00e9es.<\/p>\n<p>&nbsp;<\/p>\n","protected":false},"featured_media":12066,"comment_status":"open","ping_status":"closed","template":"","meta":{"inline_featured_image":false,"_monsterinsights_skip_tracking":false,"_monsterinsights_sitenote_active":false,"_monsterinsights_sitenote_note":"","_monsterinsights_sitenote_category":0,"_joinchat":[]},"product_cat":[92],"product_tag":[],"class_list":{"0":"post-12065","1":"product","2":"type-product","3":"status-publish","4":"has-post-thumbnail","6":"product_cat-la-roche-posay","8":"first","9":"instock","10":"shipping-taxable","11":"purchasable","12":"product-type-simple","13":"add-to-wishlist-after_add_to_cart"},"aioseo_notices":[],"_links":{"self":[{"href":"https:\/\/pararepublique.com\/index.php\/wp-json\/wp\/v2\/product\/12065","targetHints":{"allow":["GET"]}}],"collection":[{"href":"https:\/\/pararepublique.com\/index.php\/wp-json\/wp\/v2\/product"}],"about":[{"href":"https:\/\/pararepublique.com\/index.php\/wp-json\/wp\/v2\/types\/product"}],"replies":[{"embeddable":true,"href":"https:\/\/pararepublique.com\/index.php\/wp-json\/wp\/v2\/comments?post=12065"}],"version-history":[{"count":0,"href":"https:\/\/pararepublique.com\/index.php\/wp-json\/wp\/v2\/product\/12065\/revisions"}],"wp:featuredmedia":[{"embeddable":true,"href":"https:\/\/pararepublique.com\/index.php\/wp-json\/wp\/v2\/media\/12066"}],"wp:attachment":[{"href":"https:\/\/pararepublique.com\/index.php\/wp-json\/wp\/v2\/media?parent=12065"}],"wp:term":[{"taxonomy":"product_cat","embeddable":true,"href":"https:\/\/pararepublique.com\/index.php\/wp-json\/wp\/v2\/product_cat?post=12065"},{"taxonomy":"product_tag","embeddable":true,"href":"https:\/\/pararepublique.com\/index.php\/wp-json\/wp\/v2\/product_tag?post=12065"}],"curies":[{"name":"wp","href":"https:\/\/api.w.org\/{rel}","templated":true}]}}