{"id":12069,"date":"2024-09-04T15:57:50","date_gmt":"2024-09-04T15:57:50","guid":{"rendered":"https:\/\/pararepublique.com\/?post_type=product&#038;p=12069"},"modified":"2024-09-04T15:57:51","modified_gmt":"2024-09-04T15:57:51","slug":"roche-posay-xerand-creme-protec-main","status":"publish","type":"product","link":"https:\/\/pararepublique.com\/index.php\/product\/roche-posay-xerand-creme-protec-main\/","title":{"rendered":"ROCHE POSAY XERAND CREME PROTEC MAIN"},"content":{"rendered":"<p>La Cr\u00e8me Protectrice Mains X\u00e9rand de La Roche-Posay est sp\u00e9cialement con\u00e7ue pour les mains s\u00e8ches et ab\u00eem\u00e9es, offrant une protection et une r\u00e9paration intenses. Sa formule riche en agents hydratants et en eau thermale de La Roche-Posay aide \u00e0 restaurer la barri\u00e8re cutan\u00e9e et \u00e0 apaiser les sensations de tiraillement. Id\u00e9ale pour une utilisation quotidienne, cette cr\u00e8me p\u00e9n\u00e8tre rapidement sans laisser de film gras, garantissant des mains douces et prot\u00e9g\u00e9es.<\/p>\n<p><strong>Principaux avantages :<\/strong><\/p>\n<ul>\n<li><strong>Hydratation intense<\/strong> : Enrichie en agents hydratants, elle nourrit en profondeur les peaux s\u00e8ches et ab\u00eem\u00e9es.<\/li>\n<li><strong>Protection renforc\u00e9e<\/strong> : Formule con\u00e7ue pour prot\u00e9ger les mains des agressions ext\u00e9rieures, telles que les variations de temp\u00e9rature et les produits agressifs.<\/li>\n<li><strong>R\u00e9paration de la barri\u00e8re cutan\u00e9e<\/strong> : Restaure la barri\u00e8re cutan\u00e9e pour aider \u00e0 pr\u00e9venir la s\u00e9cheresse et les irritations futures.<\/li>\n<li><strong>Texture non grasse<\/strong> : P\u00e9n\u00e8tre rapidement, laissant les mains douces et confortables sans r\u00e9sidu gras.<\/li>\n<\/ul>\n<p><strong>Conseils d&rsquo;utilisation :<\/strong> Appliquez une petite quantit\u00e9 de cr\u00e8me sur les mains propres et s\u00e8ches aussi souvent que n\u00e9cessaire. Massez doucement jusqu\u2019\u00e0 absorption compl\u00e8te, en insistant sur les zones particuli\u00e8rement s\u00e8ches ou ab\u00eem\u00e9es.<\/p>\n","protected":false},"excerpt":{"rendered":"<p>La Cr\u00e8me Protectrice Mains X\u00e9rand de La Roche-Posay est sp\u00e9cialement con\u00e7ue pour les mains s\u00e8ches et ab\u00eem\u00e9es, offrant une protection et une r\u00e9paration intenses. Sa formule riche en agents hydratants et en eau thermale de La Roche-Posay aide \u00e0 restaurer la barri\u00e8re cutan\u00e9e et \u00e0 apaiser les sensations de tiraillement. Id\u00e9ale pour une utilisation quotidienne, cette cr\u00e8me p\u00e9n\u00e8tre rapidement sans laisser de film gras, garantissant des mains douces e<\/p>\n","protected":false},"featured_media":12070,"comment_status":"open","ping_status":"closed","template":"","meta":{"inline_featured_image":false,"_monsterinsights_skip_tracking":false,"_monsterinsights_sitenote_active":false,"_monsterinsights_sitenote_note":"","_monsterinsights_sitenote_category":0,"_joinchat":[]},"product_cat":[92],"product_tag":[],"class_list":{"0":"post-12069","1":"product","2":"type-product","3":"status-publish","4":"has-post-thumbnail","6":"product_cat-la-roche-posay","8":"first","9":"instock","10":"shipping-taxable","11":"purchasable","12":"product-type-simple","13":"add-to-wishlist-after_add_to_cart"},"aioseo_notices":[],"_links":{"self":[{"href":"https:\/\/pararepublique.com\/index.php\/wp-json\/wp\/v2\/product\/12069","targetHints":{"allow":["GET"]}}],"collection":[{"href":"https:\/\/pararepublique.com\/index.php\/wp-json\/wp\/v2\/product"}],"about":[{"href":"https:\/\/pararepublique.com\/index.php\/wp-json\/wp\/v2\/types\/product"}],"replies":[{"embeddable":true,"href":"https:\/\/pararepublique.com\/index.php\/wp-json\/wp\/v2\/comments?post=12069"}],"version-history":[{"count":0,"href":"https:\/\/pararepublique.com\/index.php\/wp-json\/wp\/v2\/product\/12069\/revisions"}],"wp:featuredmedia":[{"embeddable":true,"href":"https:\/\/pararepublique.com\/index.php\/wp-json\/wp\/v2\/media\/12070"}],"wp:attachment":[{"href":"https:\/\/pararepublique.com\/index.php\/wp-json\/wp\/v2\/media?parent=12069"}],"wp:term":[{"taxonomy":"product_cat","embeddable":true,"href":"https:\/\/pararepublique.com\/index.php\/wp-json\/wp\/v2\/product_cat?post=12069"},{"taxonomy":"product_tag","embeddable":true,"href":"https:\/\/pararepublique.com\/index.php\/wp-json\/wp\/v2\/product_tag?post=12069"}],"curies":[{"name":"wp","href":"https:\/\/api.w.org\/{rel}","templated":true}]}}