{"id":12071,"date":"2024-09-04T16:00:22","date_gmt":"2024-09-04T16:00:22","guid":{"rendered":"https:\/\/pararepublique.com\/?post_type=product&#038;p=12071"},"modified":"2024-09-04T16:00:22","modified_gmt":"2024-09-04T16:00:22","slug":"roche-posay-toleriane-teint-fluide-13","status":"publish","type":"product","link":"https:\/\/pararepublique.com\/index.php\/product\/roche-posay-toleriane-teint-fluide-13\/","title":{"rendered":"ROCHE POSAY TOLERIANE TEINT  FLUIDE 13"},"content":{"rendered":"<p>Le Toleriane Teint Fluide 13 de La Roche-Posay est une base de teint sp\u00e9cialement formul\u00e9e pour les peaux sensibles et r\u00e9actives. Ce fluide de teint offre une couvrance l\u00e9g\u00e8re \u00e0 moyenne tout en apaisant et en respectant les peaux les plus d\u00e9licates. Sa formule hypoallerg\u00e9nique et sans parfum est enrichie en eau thermale de La Roche-Posay, pour une peau unifi\u00e9e et prot\u00e9g\u00e9e tout au long de la journ\u00e9e.<\/p>\n<p><strong>Principaux avantages :<\/strong><\/p>\n<ul>\n<li><strong>Couvrance l\u00e9g\u00e8re \u00e0 moyenne<\/strong> : Unifie le teint tout en laissant la peau respirer, sans effet masque.<\/li>\n<li><strong>Formule apaisante<\/strong> : Enrichie en eau thermale de La Roche-Posay pour calmer les irritations et prot\u00e9ger la peau.<\/li>\n<li><strong>Texture fluide<\/strong> : P\u00e9n\u00e8tre facilement et offre un fini naturel et homog\u00e8ne, sans effet gras ou collant.<\/li>\n<li><strong>Hypoallerg\u00e9nique<\/strong> : Sans parfum, sans parabens, et test\u00e9 sous contr\u00f4le dermatologique pour minimiser les risques d\u2019allergies.<\/li>\n<\/ul>\n<p><strong>Conseils d&rsquo;utilisation :<\/strong> Appliquez le fluide sur le visage apr\u00e8s avoir appliqu\u00e9 votre soin hydratant. Utilisez vos doigts, un pinceau ou une \u00e9ponge pour \u00e9taler le produit uniform\u00e9ment, en lissant bien sur le visage jusqu\u2019\u00e0 obtenir un teint uniforme. Pour une meilleure tenue, fixez avec une poudre l\u00e9g\u00e8re si n\u00e9cessaire.<\/p>\n","protected":false},"excerpt":{"rendered":"<p>Le Toleriane Teint Fluide 13 de La Roche-Posay est une base de teint sp\u00e9cialement formul\u00e9e pour les peaux sensibles et r\u00e9actives. Ce fluide de teint offre une couvrance l\u00e9g\u00e8re \u00e0 moyenne tout en apaisant et en respectant les peaux les plus d\u00e9licates. Sa formule hypoallerg\u00e9nique et sans parfum est enrichie en eau thermale de La Roche-Posay, pour une peau unifi\u00e9e et prot\u00e9g\u00e9e tout au long de la journ\u00e9e.<\/p>\n<p>&nbsp;<\/p>\n","protected":false},"featured_media":12072,"comment_status":"open","ping_status":"closed","template":"","meta":{"inline_featured_image":false,"_monsterinsights_skip_tracking":false,"_monsterinsights_sitenote_active":false,"_monsterinsights_sitenote_note":"","_monsterinsights_sitenote_category":0,"_joinchat":[]},"product_cat":[92],"product_tag":[],"class_list":{"0":"post-12071","1":"product","2":"type-product","3":"status-publish","4":"has-post-thumbnail","6":"product_cat-la-roche-posay","8":"first","9":"instock","10":"shipping-taxable","11":"purchasable","12":"product-type-simple","13":"add-to-wishlist-after_add_to_cart"},"aioseo_notices":[],"_links":{"self":[{"href":"https:\/\/pararepublique.com\/index.php\/wp-json\/wp\/v2\/product\/12071","targetHints":{"allow":["GET"]}}],"collection":[{"href":"https:\/\/pararepublique.com\/index.php\/wp-json\/wp\/v2\/product"}],"about":[{"href":"https:\/\/pararepublique.com\/index.php\/wp-json\/wp\/v2\/types\/product"}],"replies":[{"embeddable":true,"href":"https:\/\/pararepublique.com\/index.php\/wp-json\/wp\/v2\/comments?post=12071"}],"version-history":[{"count":0,"href":"https:\/\/pararepublique.com\/index.php\/wp-json\/wp\/v2\/product\/12071\/revisions"}],"wp:featuredmedia":[{"embeddable":true,"href":"https:\/\/pararepublique.com\/index.php\/wp-json\/wp\/v2\/media\/12072"}],"wp:attachment":[{"href":"https:\/\/pararepublique.com\/index.php\/wp-json\/wp\/v2\/media?parent=12071"}],"wp:term":[{"taxonomy":"product_cat","embeddable":true,"href":"https:\/\/pararepublique.com\/index.php\/wp-json\/wp\/v2\/product_cat?post=12071"},{"taxonomy":"product_tag","embeddable":true,"href":"https:\/\/pararepublique.com\/index.php\/wp-json\/wp\/v2\/product_tag?post=12071"}],"curies":[{"name":"wp","href":"https:\/\/api.w.org\/{rel}","templated":true}]}}