{"id":12075,"date":"2024-09-04T16:07:56","date_gmt":"2024-09-04T16:07:56","guid":{"rendered":"https:\/\/pararepublique.com\/?post_type=product&#038;p=12075"},"modified":"2024-09-04T16:07:56","modified_gmt":"2024-09-04T16:07:56","slug":"roche-posay-iso-urea-lt-hydratant-200ml","status":"publish","type":"product","link":"https:\/\/pararepublique.com\/index.php\/product\/roche-posay-iso-urea-lt-hydratant-200ml\/","title":{"rendered":"ROCHE POSAY ISO UREA LT HYDRATANT 200ML"},"content":{"rendered":"<p>Le Iso-Urea LD Hydratant de La Roche-Posay est un soin sp\u00e9cialement formul\u00e9 pour les peaux tr\u00e8s s\u00e8ches et rugueuses. Gr\u00e2ce \u00e0 sa haute concentration en ur\u00e9e, ce soin hydratant favorise une exfoliation douce tout en apportant une hydratation intense. Enrichi en eau thermale de La Roche-Posay, il contribue \u00e0 apaiser et \u00e0 restaurer la douceur de la peau, tout en renfor\u00e7ant sa barri\u00e8re cutan\u00e9e.<\/p>\n<p><strong>Principaux avantages :<\/strong><\/p>\n<ul>\n<li><strong>Hydratation intense<\/strong> : Formul\u00e9 avec 10% d&rsquo;ur\u00e9e, il hydrate profond\u00e9ment les peaux s\u00e8ches et rugueuses, am\u00e9liorant leur texture et leur souplesse.<\/li>\n<li><strong>Exfoliation douce<\/strong> : L&rsquo;ur\u00e9e aide \u00e0 \u00e9liminer les cellules mortes de la peau, favorisant une peau plus lisse et plus uniforme.<\/li>\n<li><strong>Apaisement imm\u00e9diat<\/strong> : Enrichi en eau thermale, il apaise les sensations de tiraillement et de d\u00e9mangeaisons.<\/li>\n<li><strong>Renforcement de la barri\u00e8re cutan\u00e9e<\/strong> : Aide \u00e0 restaurer la barri\u00e8re cutan\u00e9e et \u00e0 pr\u00e9venir la s\u00e9cheresse et les irritations.<\/li>\n<\/ul>\n<p><strong>Conseils d&rsquo;utilisation :<\/strong> Appliquez une quantit\u00e9 g\u00e9n\u00e9reuse sur la peau propre et s\u00e8che, en massant doucement jusqu\u2019\u00e0 absorption compl\u00e8te. Utilisez quotidiennement, matin et soir, en insistant sur les zones particuli\u00e8rement s\u00e8ches ou rugueuses.<\/p>\n","protected":false},"excerpt":{"rendered":"<p>Le Iso-Urea LD Hydratant de La Roche-Posay est un soin sp\u00e9cialement formul\u00e9 pour les peaux tr\u00e8s s\u00e8ches et rugueuses. Gr\u00e2ce \u00e0 sa haute concentration en ur\u00e9e, ce soin hydratant favorise une exfoliation douce tout en apportant une hydratation intense. Enrichi en eau thermale de La Roche-Posay, il contribue \u00e0 apaiser et \u00e0 restaurer la douceur de la peau, tout en renfor\u00e7ant sa barri\u00e8re cutan\u00e9e.<\/p>\n","protected":false},"featured_media":12076,"comment_status":"open","ping_status":"closed","template":"","meta":{"inline_featured_image":false,"_monsterinsights_skip_tracking":false,"_monsterinsights_sitenote_active":false,"_monsterinsights_sitenote_note":"","_monsterinsights_sitenote_category":0,"_joinchat":[]},"product_cat":[92],"product_tag":[],"class_list":{"0":"post-12075","1":"product","2":"type-product","3":"status-publish","4":"has-post-thumbnail","6":"product_cat-la-roche-posay","8":"first","9":"instock","10":"shipping-taxable","11":"purchasable","12":"product-type-simple","13":"add-to-wishlist-after_add_to_cart"},"aioseo_notices":[],"_links":{"self":[{"href":"https:\/\/pararepublique.com\/index.php\/wp-json\/wp\/v2\/product\/12075","targetHints":{"allow":["GET"]}}],"collection":[{"href":"https:\/\/pararepublique.com\/index.php\/wp-json\/wp\/v2\/product"}],"about":[{"href":"https:\/\/pararepublique.com\/index.php\/wp-json\/wp\/v2\/types\/product"}],"replies":[{"embeddable":true,"href":"https:\/\/pararepublique.com\/index.php\/wp-json\/wp\/v2\/comments?post=12075"}],"version-history":[{"count":0,"href":"https:\/\/pararepublique.com\/index.php\/wp-json\/wp\/v2\/product\/12075\/revisions"}],"wp:featuredmedia":[{"embeddable":true,"href":"https:\/\/pararepublique.com\/index.php\/wp-json\/wp\/v2\/media\/12076"}],"wp:attachment":[{"href":"https:\/\/pararepublique.com\/index.php\/wp-json\/wp\/v2\/media?parent=12075"}],"wp:term":[{"taxonomy":"product_cat","embeddable":true,"href":"https:\/\/pararepublique.com\/index.php\/wp-json\/wp\/v2\/product_cat?post=12075"},{"taxonomy":"product_tag","embeddable":true,"href":"https:\/\/pararepublique.com\/index.php\/wp-json\/wp\/v2\/product_tag?post=12075"}],"curies":[{"name":"wp","href":"https:\/\/api.w.org\/{rel}","templated":true}]}}