{"id":12080,"date":"2024-09-04T16:17:45","date_gmt":"2024-09-04T16:17:45","guid":{"rendered":"https:\/\/pararepublique.com\/?post_type=product&#038;p=12080"},"modified":"2024-09-04T16:17:45","modified_gmt":"2024-09-04T16:17:45","slug":"roche-posay-anthelios","status":"publish","type":"product","link":"https:\/\/pararepublique.com\/index.php\/product\/roche-posay-anthelios\/","title":{"rendered":"ROCHE POSAY ANTHELIOS"},"content":{"rendered":"<h3><strong>La Roche-Posay Anthelios &#8211; Protection Solaire Haute<\/strong><\/h3>\n<p>La gamme <strong>Anthelios<\/strong> de La Roche-Posay est con\u00e7ue pour offrir une protection solaire avanc\u00e9e contre les rayons UVA et UVB. Reconnue pour son efficacit\u00e9 et sa tol\u00e9rance optimale, cette gamme est adapt\u00e9e aux peaux sensibles et sujettes aux allergies, offrant des solutions vari\u00e9es pour prot\u00e9ger la peau tout en garantissant un confort d&rsquo;utilisation.<\/p>\n<p><strong>Principaux avantages :<\/strong><\/p>\n<ul>\n<li><strong>Protection Tr\u00e8s Haute<\/strong> : Les produits de la gamme Anthelios offrent une protection SPF 30, SPF 50 ou SPF 50+ pour pr\u00e9venir les coups de soleil et les dommages cutan\u00e9s \u00e0 long terme.<\/li>\n<li><strong>Formules Avanc\u00e9es<\/strong> : Enrichies en filtres solaires de derni\u00e8re g\u00e9n\u00e9ration et en eau thermale de La Roche-Posay, les formules prot\u00e8gent et apaisent la peau tout en offrant une protection efficace contre les rayons nocifs du soleil.<\/li>\n<li><strong>Texture Agr\u00e9able<\/strong> : Disponibles en diff\u00e9rentes textures (fluides, sprays, cr\u00e8mes, baumes) adapt\u00e9es \u00e0 tous les types de peau et pr\u00e9f\u00e9rences, elles s\u2019appliquent facilement et ne laissent pas de r\u00e9sidu gras.<\/li>\n<li><strong>R\u00e9sistance \u00e0 l\u2019eau<\/strong> : Certains produits sont r\u00e9sistants \u00e0 l\u2019eau, ce qui les rend id\u00e9aux pour les activit\u00e9s aquatiques et sportives.<\/li>\n<li><strong>Tol\u00e9rance Optimale<\/strong> : Test\u00e9s sous contr\u00f4le dermatologique et ophtalmologique pour minimiser les risques d\u2019allergies et d\u2019irritations.<\/li>\n<\/ul>\n<p><strong>Conseils d&rsquo;utilisation :<\/strong> Appliquez g\u00e9n\u00e9reusement sur la peau avant toute exposition au soleil. Renouvelez l\u2019application toutes les deux heures, et apr\u00e8s chaque baignade, transpiration ou essuyage. \u00c9vitez le contact direct avec les yeux et les tissus.<\/p>\n","protected":false},"excerpt":{"rendered":"<p>La gamme <strong>Anthelios<\/strong> de La Roche-Posay est con\u00e7ue pour offrir une protection solaire avanc\u00e9e contre les rayons UVA et UVB. Reconnue pour son efficacit\u00e9 et sa tol\u00e9rance optimale, cette gamme est adapt\u00e9e aux peaux sensibles et sujettes aux allergies, offrant des solutions vari\u00e9es pour prot\u00e9ger la peau tout en garantissant un confort d&rsquo;utilisation.<\/p>\n","protected":false},"featured_media":0,"comment_status":"open","ping_status":"closed","template":"","meta":{"inline_featured_image":false,"_monsterinsights_skip_tracking":false,"_monsterinsights_sitenote_active":false,"_monsterinsights_sitenote_note":"","_monsterinsights_sitenote_category":0,"_joinchat":[]},"product_cat":[92],"product_tag":[],"class_list":{"0":"post-12080","1":"product","2":"type-product","3":"status-publish","5":"product_cat-la-roche-posay","7":"first","8":"instock","9":"shipping-taxable","10":"purchasable","11":"product-type-simple","12":"add-to-wishlist-after_add_to_cart"},"aioseo_notices":[],"_links":{"self":[{"href":"https:\/\/pararepublique.com\/index.php\/wp-json\/wp\/v2\/product\/12080","targetHints":{"allow":["GET"]}}],"collection":[{"href":"https:\/\/pararepublique.com\/index.php\/wp-json\/wp\/v2\/product"}],"about":[{"href":"https:\/\/pararepublique.com\/index.php\/wp-json\/wp\/v2\/types\/product"}],"replies":[{"embeddable":true,"href":"https:\/\/pararepublique.com\/index.php\/wp-json\/wp\/v2\/comments?post=12080"}],"version-history":[{"count":0,"href":"https:\/\/pararepublique.com\/index.php\/wp-json\/wp\/v2\/product\/12080\/revisions"}],"wp:attachment":[{"href":"https:\/\/pararepublique.com\/index.php\/wp-json\/wp\/v2\/media?parent=12080"}],"wp:term":[{"taxonomy":"product_cat","embeddable":true,"href":"https:\/\/pararepublique.com\/index.php\/wp-json\/wp\/v2\/product_cat?post=12080"},{"taxonomy":"product_tag","embeddable":true,"href":"https:\/\/pararepublique.com\/index.php\/wp-json\/wp\/v2\/product_tag?post=12080"}],"curies":[{"name":"wp","href":"https:\/\/api.w.org\/{rel}","templated":true}]}}