{"id":12098,"date":"2024-09-06T11:25:53","date_gmt":"2024-09-06T11:25:53","guid":{"rendered":"https:\/\/pararepublique.com\/?post_type=product&#038;p=12098"},"modified":"2025-10-03T00:14:05","modified_gmt":"2025-10-03T00:14:05","slug":"caudalie-vinoclean-eau-micellaire-100ml","status":"publish","type":"product","link":"https:\/\/pararepublique.com\/index.php\/product\/caudalie-vinoclean-eau-micellaire-100ml\/","title":{"rendered":"CAUDALIE VINOCLEAN EAU MICELLAIRE 100ML"},"content":{"rendered":"<p>La <strong>Vinoclean Eau Micellaire<\/strong> de Caudalie est un nettoyant visage doux et naturel, sp\u00e9cialement formul\u00e9 pour \u00e9liminer les impuret\u00e9s et le maquillage, tout en respectant l&rsquo;\u00e9quilibre naturel de la peau. Enrichie en <strong>eau de raisin bio<\/strong> et en <strong>camomille<\/strong>, cette eau micellaire hydrate, apaise et laisse la peau fra\u00eeche et confortable. Convient \u00e0 tous les types de peaux, m\u00eame les plus sensibles.<\/p>\n<p><strong>Principaux avantages :<\/strong><\/p>\n<ul>\n<li><strong>D\u00e9maquillage efficace :<\/strong> \u00c9limine en douceur le maquillage, m\u00eame waterproof, tout en respectant l\u2019\u00e9quilibre naturel de la peau.<\/li>\n<li><strong>Hydratation et apaisement :<\/strong> L&rsquo;eau de raisin bio hydrate la peau en profondeur, tandis que la camomille apaise les irritations.<\/li>\n<li><strong>Formule naturelle :<\/strong> Compos\u00e9e \u00e0 98 % d\u2019ingr\u00e9dients d\u2019origine naturelle, sans parab\u00e8nes, sulfates, ni silicones.<\/li>\n<li><strong>Parfum l\u00e9ger et frais :<\/strong> Laisse un parfum subtil et agr\u00e9able apr\u00e8s utilisation.<\/li>\n<\/ul>\n<p><strong>Conseils d&rsquo;utilisation :<\/strong><\/p>\n<ol>\n<li>Appliquez l&rsquo;eau micellaire matin et soir \u00e0 l&rsquo;aide d&rsquo;un coton sur le visage, le cou et les yeux.<\/li>\n<li>Sans rin\u00e7age, il suffit de passer doucement le coton sur la peau pour \u00e9liminer maquillage et impuret\u00e9s.<\/li>\n<li>Compl\u00e9tez avec votre routine de soin hydratante habituelle pour un r\u00e9sultat optimal.<\/li>\n<\/ol>\n<p>&nbsp;<\/p>\n","protected":false},"excerpt":{"rendered":"<p>La <strong>Vinoclean Eau Micellaire<\/strong> de Caudalie est un nettoyant visage doux et naturel, sp\u00e9cialement formul\u00e9 pour \u00e9liminer les impuret\u00e9s et le maquillage, tout en respectant l&rsquo;\u00e9quilibre naturel de la peau. Enrichie en <strong>eau de raisin bio<\/strong> et en <strong>camomille<\/strong>, cette eau micellaire hydrate, apaise et laisse la peau fra\u00eeche et confortable. Convient \u00e0 tous les types de peaux, m\u00eame les plus sensibles.<\/p>\n","protected":false},"featured_media":12099,"comment_status":"open","ping_status":"closed","template":"","meta":{"inline_featured_image":false,"_monsterinsights_skip_tracking":false,"_monsterinsights_sitenote_active":false,"_monsterinsights_sitenote_note":"","_monsterinsights_sitenote_category":0,"_joinchat":[]},"product_cat":[112],"product_tag":[],"class_list":{"0":"post-12098","1":"product","2":"type-product","3":"status-publish","4":"has-post-thumbnail","6":"product_cat-caudalie","8":"first","9":"instock","10":"shipping-taxable","11":"purchasable","12":"product-type-simple","13":"add-to-wishlist-after_add_to_cart"},"aioseo_notices":[],"_links":{"self":[{"href":"https:\/\/pararepublique.com\/index.php\/wp-json\/wp\/v2\/product\/12098","targetHints":{"allow":["GET"]}}],"collection":[{"href":"https:\/\/pararepublique.com\/index.php\/wp-json\/wp\/v2\/product"}],"about":[{"href":"https:\/\/pararepublique.com\/index.php\/wp-json\/wp\/v2\/types\/product"}],"replies":[{"embeddable":true,"href":"https:\/\/pararepublique.com\/index.php\/wp-json\/wp\/v2\/comments?post=12098"}],"version-history":[{"count":0,"href":"https:\/\/pararepublique.com\/index.php\/wp-json\/wp\/v2\/product\/12098\/revisions"}],"wp:featuredmedia":[{"embeddable":true,"href":"https:\/\/pararepublique.com\/index.php\/wp-json\/wp\/v2\/media\/12099"}],"wp:attachment":[{"href":"https:\/\/pararepublique.com\/index.php\/wp-json\/wp\/v2\/media?parent=12098"}],"wp:term":[{"taxonomy":"product_cat","embeddable":true,"href":"https:\/\/pararepublique.com\/index.php\/wp-json\/wp\/v2\/product_cat?post=12098"},{"taxonomy":"product_tag","embeddable":true,"href":"https:\/\/pararepublique.com\/index.php\/wp-json\/wp\/v2\/product_tag?post=12098"}],"curies":[{"name":"wp","href":"https:\/\/api.w.org\/{rel}","templated":true}]}}