{"id":12104,"date":"2024-09-06T11:34:04","date_gmt":"2024-09-06T11:34:04","guid":{"rendered":"https:\/\/pararepublique.com\/?post_type=product&#038;p=12104"},"modified":"2024-09-06T11:34:05","modified_gmt":"2024-09-06T11:34:05","slug":"caudalie-vinofresh-deodorant-nat-50g","status":"publish","type":"product","link":"https:\/\/pararepublique.com\/index.php\/product\/caudalie-vinofresh-deodorant-nat-50g\/","title":{"rendered":"CAUDALIE VINOFRESH DEODORANT NAT 50G"},"content":{"rendered":"<p>Le <strong>Vinofresh D\u00e9odorant Naturel<\/strong> de Caudalie est un d\u00e9odorant efficace et respectueux de la peau, compos\u00e9 \u00e0 98 % d&rsquo;ingr\u00e9dients d&rsquo;origine naturelle. Formul\u00e9 sans sels d&rsquo;aluminium, ni alcool, il neutralise les odeurs tout en laissant la peau respirer naturellement. Enrichi en <strong>eau de raisin bio<\/strong>, ce d\u00e9odorant hydrate et apaise les aisselles, m\u00eame apr\u00e8s le rasage ou l&rsquo;\u00e9pilation, offrant une sensation de fra\u00eecheur longue dur\u00e9e. Son parfum l\u00e9ger et unisexe, aux notes d&rsquo;eucalyptus, convient \u00e0 tous.<\/p>\n<p><strong>Principaux avantages :<\/strong><\/p>\n<ul>\n<li><strong>Efficacit\u00e9 longue dur\u00e9e :<\/strong> Neutralise les odeurs pendant 24 heures tout en respectant l&rsquo;\u00e9quilibre naturel de la peau.<\/li>\n<li><strong>Ingr\u00e9dients naturels :<\/strong> Compos\u00e9 \u00e0 98 % d&rsquo;ingr\u00e9dients d&rsquo;origine naturelle, sans sels d&rsquo;aluminium, ni alcool, ni bicarbonate de soude.<\/li>\n<li><strong>Hydratation et apaisement :<\/strong> L&rsquo;eau de raisin bio hydrate et apaise les peaux les plus sensibles.<\/li>\n<li><strong>Parfum frais et unisexe :<\/strong> Parfum naturel d&rsquo;eucalyptus qui procure une sensation de fra\u00eecheur vivifiante toute la journ\u00e9e.<\/li>\n<\/ul>\n<p><strong>Conseils d&rsquo;utilisation :<\/strong><\/p>\n<ol>\n<li>Appliquez le d\u00e9odorant quotidiennement sur des aisselles propres et s\u00e8ches.<\/li>\n<li>Convient \u00e0 tous les types de peau, m\u00eame les plus sensibles, apr\u00e8s rasage ou \u00e9pilation.<\/li>\n<li>Renouvelez l&rsquo;application si n\u00e9cessaire au cours de la journ\u00e9e pour une protection continue.<\/li>\n<\/ol>\n<p><strong>Contenance :<\/strong> Stick de 50 g, facile \u00e0 transporter et id\u00e9al pour une utilisation quotidienne.<\/p>\n<p><strong>Id\u00e9al pour :<\/strong><\/p>\n<ul>\n<li>Les personnes cherchant un d\u00e9odorant naturel sans sels d&rsquo;aluminium et respectueux des peaux sensibles.<\/li>\n<li>Ceux qui souhaitent un d\u00e9odorant efficace, hydratant et au parfum l\u00e9ger, adapt\u00e9 \u00e0 tous.<\/li>\n<li>Un usage quotidien pour une protection durable et une sensation de fra\u00eecheur naturelle.<\/li>\n<\/ul>\n","protected":false},"excerpt":{"rendered":"<p>Le <strong>Vinofresh D\u00e9odorant Naturel<\/strong> de Caudalie est un d\u00e9odorant efficace et respectueux de la peau, compos\u00e9 \u00e0 98 % d&rsquo;ingr\u00e9dients d&rsquo;origine naturelle. Formul\u00e9 sans sels d&rsquo;aluminium, ni alcool, il neutralise les odeurs tout en laissant la peau respirer naturellement. Enrichi en <strong>eau de raisin bio<\/strong>, ce d\u00e9odorant hydrate et apaise les aisselles, m\u00eame apr\u00e8s le rasage ou l&rsquo;\u00e9pilation, offrant une sensation de fra\u00eecheur longue dur\u00e9e. Son parfum l\u00e9ger et unisexe, aux notes d&rsquo;eucalyptus, convient \u00e0 tous.<\/p>\n","protected":false},"featured_media":12105,"comment_status":"open","ping_status":"closed","template":"","meta":{"inline_featured_image":false,"_monsterinsights_skip_tracking":false,"_monsterinsights_sitenote_active":false,"_monsterinsights_sitenote_note":"","_monsterinsights_sitenote_category":0,"_joinchat":[]},"product_cat":[112],"product_tag":[],"class_list":{"0":"post-12104","1":"product","2":"type-product","3":"status-publish","4":"has-post-thumbnail","6":"product_cat-caudalie","8":"first","9":"instock","10":"shipping-taxable","11":"purchasable","12":"product-type-simple","13":"add-to-wishlist-after_add_to_cart"},"aioseo_notices":[],"_links":{"self":[{"href":"https:\/\/pararepublique.com\/index.php\/wp-json\/wp\/v2\/product\/12104","targetHints":{"allow":["GET"]}}],"collection":[{"href":"https:\/\/pararepublique.com\/index.php\/wp-json\/wp\/v2\/product"}],"about":[{"href":"https:\/\/pararepublique.com\/index.php\/wp-json\/wp\/v2\/types\/product"}],"replies":[{"embeddable":true,"href":"https:\/\/pararepublique.com\/index.php\/wp-json\/wp\/v2\/comments?post=12104"}],"version-history":[{"count":0,"href":"https:\/\/pararepublique.com\/index.php\/wp-json\/wp\/v2\/product\/12104\/revisions"}],"wp:featuredmedia":[{"embeddable":true,"href":"https:\/\/pararepublique.com\/index.php\/wp-json\/wp\/v2\/media\/12105"}],"wp:attachment":[{"href":"https:\/\/pararepublique.com\/index.php\/wp-json\/wp\/v2\/media?parent=12104"}],"wp:term":[{"taxonomy":"product_cat","embeddable":true,"href":"https:\/\/pararepublique.com\/index.php\/wp-json\/wp\/v2\/product_cat?post=12104"},{"taxonomy":"product_tag","embeddable":true,"href":"https:\/\/pararepublique.com\/index.php\/wp-json\/wp\/v2\/product_tag?post=12104"}],"curies":[{"name":"wp","href":"https:\/\/api.w.org\/{rel}","templated":true}]}}