{"id":12114,"date":"2024-09-06T11:50:44","date_gmt":"2024-09-06T11:50:44","guid":{"rendered":"https:\/\/pararepublique.com\/?post_type=product&#038;p=12114"},"modified":"2024-09-06T11:50:44","modified_gmt":"2024-09-06T11:50:44","slug":"caudalie-vinoperfect-essence100ml","status":"publish","type":"product","link":"https:\/\/pararepublique.com\/index.php\/product\/caudalie-vinoperfect-essence100ml\/","title":{"rendered":"CAUDALIE VINOPERFECT ESSENCE100ML"},"content":{"rendered":"<p>L&rsquo;<strong>Essence \u00c9clat Vinoperfect<\/strong> de Caudalie est une lotion inspir\u00e9e des rituels de beaut\u00e9 asiatiques, con\u00e7ue pour pr\u00e9parer la peau \u00e0 recevoir les bienfaits des soins suivants tout en r\u00e9v\u00e9lant son \u00e9clat naturel. Formul\u00e9e \u00e0 base d&rsquo;ingr\u00e9dients d&rsquo;origine naturelle, cette essence combine la puissance de l&rsquo;eau de raisin bio et de l&rsquo;acide glycolique pour exfolier en douceur, affiner le grain de peau, et activer l&rsquo;\u00e9clat du teint. En compl\u00e9ment du <strong>S\u00e9rum Vinoperfect<\/strong>, elle agit en synergie pour lutter contre les taches pigmentaires et unifier la peau, la laissant plus lumineuse et hydrat\u00e9e.<\/p>\n<p><strong>Principaux avantages :<\/strong><\/p>\n<ul>\n<li><strong>Exfoliation douce<\/strong> : Gr\u00e2ce \u00e0 l&rsquo;acide glycolique, elle \u00e9limine les cellules mortes et affine le grain de peau sans l&rsquo;agresser.<\/li>\n<li><strong>Hydratation<\/strong> : L&rsquo;eau de raisin bio hydrate intens\u00e9ment et apaise la peau.<\/li>\n<li><strong>\u00c9clat naturel<\/strong> : L&rsquo;essence pr\u00e9pare la peau \u00e0 absorber les bienfaits des soins suivants et r\u00e9veille l&rsquo;\u00e9clat du teint.<\/li>\n<li><strong>Action anti-taches<\/strong> : Utilis\u00e9e avant le s\u00e9rum Vinoperfect, elle amplifie l\u2019efficacit\u00e9 des soins pour une peau plus unifi\u00e9e.<\/li>\n<\/ul>\n<p><strong>Conseils d&rsquo;utilisation :<\/strong><\/p>\n<ol>\n<li>Appliquez l&rsquo;essence matin et soir apr\u00e8s avoir nettoy\u00e9 votre peau.<\/li>\n<li>Versez quelques gouttes dans vos mains ou sur un coton, puis appliquez d\u00e9licatement sur le visage et le cou.<\/li>\n<li>Tapotez l\u00e9g\u00e8rement pour favoriser l\u2019absorption avant de poursuivre avec le s\u00e9rum et la cr\u00e8me.<\/li>\n<\/ol>\n<p><strong>Ingr\u00e9dients cl\u00e9s :<\/strong><\/p>\n<ul>\n<li><strong>Acide glycolique<\/strong> : Exfolie en douceur pour r\u00e9v\u00e9ler une peau plus lisse.<\/li>\n<li><strong>Eau de raisin bio<\/strong> : Hydrate et apaise la peau.<\/li>\n<li><strong>Peony Extract<\/strong> : Renforce l\u2019\u00e9clat et illumine le teint.<\/li>\n<\/ul>\n","protected":false},"excerpt":{"rendered":"<p>L&rsquo;<strong>Essence \u00c9clat Vinoperfect<\/strong> de Caudalie est une lotion inspir\u00e9e des rituels de beaut\u00e9 asiatiques, con\u00e7ue pour pr\u00e9parer la peau \u00e0 recevoir les bienfaits des soins suivants tout en r\u00e9v\u00e9lant son \u00e9clat naturel<\/p>\n","protected":false},"featured_media":12115,"comment_status":"open","ping_status":"closed","template":"","meta":{"inline_featured_image":false,"_monsterinsights_skip_tracking":false,"_monsterinsights_sitenote_active":false,"_monsterinsights_sitenote_note":"","_monsterinsights_sitenote_category":0,"_joinchat":[]},"product_cat":[112],"product_tag":[],"class_list":{"0":"post-12114","1":"product","2":"type-product","3":"status-publish","4":"has-post-thumbnail","6":"product_cat-caudalie","8":"first","9":"instock","10":"shipping-taxable","11":"purchasable","12":"product-type-simple","13":"add-to-wishlist-after_add_to_cart"},"aioseo_notices":[],"_links":{"self":[{"href":"https:\/\/pararepublique.com\/index.php\/wp-json\/wp\/v2\/product\/12114","targetHints":{"allow":["GET"]}}],"collection":[{"href":"https:\/\/pararepublique.com\/index.php\/wp-json\/wp\/v2\/product"}],"about":[{"href":"https:\/\/pararepublique.com\/index.php\/wp-json\/wp\/v2\/types\/product"}],"replies":[{"embeddable":true,"href":"https:\/\/pararepublique.com\/index.php\/wp-json\/wp\/v2\/comments?post=12114"}],"version-history":[{"count":0,"href":"https:\/\/pararepublique.com\/index.php\/wp-json\/wp\/v2\/product\/12114\/revisions"}],"wp:featuredmedia":[{"embeddable":true,"href":"https:\/\/pararepublique.com\/index.php\/wp-json\/wp\/v2\/media\/12115"}],"wp:attachment":[{"href":"https:\/\/pararepublique.com\/index.php\/wp-json\/wp\/v2\/media?parent=12114"}],"wp:term":[{"taxonomy":"product_cat","embeddable":true,"href":"https:\/\/pararepublique.com\/index.php\/wp-json\/wp\/v2\/product_cat?post=12114"},{"taxonomy":"product_tag","embeddable":true,"href":"https:\/\/pararepublique.com\/index.php\/wp-json\/wp\/v2\/product_tag?post=12114"}],"curies":[{"name":"wp","href":"https:\/\/api.w.org\/{rel}","templated":true}]}}