{"id":12116,"date":"2024-09-06T11:53:32","date_gmt":"2024-09-06T11:53:32","guid":{"rendered":"https:\/\/pararepublique.com\/?post_type=product&#038;p=12116"},"modified":"2024-09-06T11:53:32","modified_gmt":"2024-09-06T11:53:32","slug":"caudalie-vinoperfect-mousse-100ml","status":"publish","type":"product","link":"https:\/\/pararepublique.com\/index.php\/product\/caudalie-vinoperfect-mousse-100ml\/","title":{"rendered":"CAUDALIE VINOPERFECT MOUSSE 100ML"},"content":{"rendered":"<p>La <strong>Mousse Nettoyante Vinoperfect<\/strong> de Caudalie est un nettoyant visage l\u00e9ger et a\u00e9rien qui purifie en douceur la peau tout en r\u00e9v\u00e9lant son \u00e9clat naturel. Formul\u00e9e sans savon, cette mousse onctueuse nettoie et d\u00e9maquille en profondeur sans ass\u00e9cher la peau. Enrichie en eau de raisin bio et en extrait de sauge, elle apaise, hydrate et laisse une sensation de fra\u00eecheur imm\u00e9diate. Elle fait partie de la gamme Vinoperfect, connue pour son action anti-taches et \u00e9clat du teint.<\/p>\n<p><strong>Principaux avantages :<\/strong><\/p>\n<ul>\n<li><strong>Nettoyage en douceur<\/strong> : \u00c9limine efficacement les impuret\u00e9s et les r\u00e9sidus de maquillage tout en respectant l\u2019\u00e9quilibre naturel de la peau.<\/li>\n<li><strong>\u00c9clat du teint<\/strong> : Utilis\u00e9e quotidiennement, elle aide \u00e0 illuminer le teint et \u00e0 uniformiser la peau.<\/li>\n<li><strong>Formule sans savon<\/strong> : Convient \u00e0 tous types de peaux, m\u00eame les plus sensibles, gr\u00e2ce \u00e0 sa texture douce et apaisante.<\/li>\n<li><strong>Hydratation et fra\u00eecheur<\/strong> : L\u2019eau de raisin bio hydrate en profondeur et apaise, tandis que l&rsquo;extrait de sauge purifie la peau.<\/li>\n<\/ul>\n<p><strong>Conseils d&rsquo;utilisation :<\/strong><\/p>\n<ol>\n<li>Appliquez matin et soir sur une peau humide.<\/li>\n<li>Pr\u00e9levez une petite quantit\u00e9 de mousse et massez d\u00e9licatement sur le visage et le cou en mouvements circulaires.<\/li>\n<li>Rincez abondamment \u00e0 l&rsquo;eau ti\u00e8de et poursuivez avec votre routine de soin.<\/li>\n<\/ol>\n<p><strong>Ingr\u00e9dients cl\u00e9s :<\/strong><\/p>\n<ul>\n<li><strong>Eau de raisin bio<\/strong> : Hydrate et apaise la peau.<\/li>\n<li><strong>Extrait de sauge<\/strong> : Purifie et resserre les pores.<\/li>\n<li><strong>Vinif\u00e9rine<\/strong> : Actif brevet\u00e9 pour un \u00e9clat optimal et une action anti-taches.<\/li>\n<\/ul>\n","protected":false},"excerpt":{"rendered":"<p>La <strong>Mousse Nettoyante Vinoperfect<\/strong> de Caudalie est un nettoyant visage l\u00e9ger et a\u00e9rien qui purifie en douceur la peau tout en r\u00e9v\u00e9lant son \u00e9clat naturel. Formul\u00e9e sans savon, cette mousse onctueuse nettoie et d\u00e9maquille en profondeur sans ass\u00e9cher la peau. Enrichie en eau de raisin bio et en extrait de sauge, elle apaise, hydrate et laisse une sensation de fra\u00eecheur imm\u00e9diate. Elle fait partie de la gamme Vinoperfect, connue pour son action anti-taches et \u00e9clat du teint.<\/p>\n","protected":false},"featured_media":12117,"comment_status":"open","ping_status":"closed","template":"","meta":{"inline_featured_image":false,"_monsterinsights_skip_tracking":false,"_monsterinsights_sitenote_active":false,"_monsterinsights_sitenote_note":"","_monsterinsights_sitenote_category":0,"_joinchat":[]},"product_cat":[112],"product_tag":[],"class_list":{"0":"post-12116","1":"product","2":"type-product","3":"status-publish","4":"has-post-thumbnail","6":"product_cat-caudalie","8":"first","9":"instock","10":"shipping-taxable","11":"purchasable","12":"product-type-simple","13":"add-to-wishlist-after_add_to_cart"},"aioseo_notices":[],"_links":{"self":[{"href":"https:\/\/pararepublique.com\/index.php\/wp-json\/wp\/v2\/product\/12116","targetHints":{"allow":["GET"]}}],"collection":[{"href":"https:\/\/pararepublique.com\/index.php\/wp-json\/wp\/v2\/product"}],"about":[{"href":"https:\/\/pararepublique.com\/index.php\/wp-json\/wp\/v2\/types\/product"}],"replies":[{"embeddable":true,"href":"https:\/\/pararepublique.com\/index.php\/wp-json\/wp\/v2\/comments?post=12116"}],"version-history":[{"count":0,"href":"https:\/\/pararepublique.com\/index.php\/wp-json\/wp\/v2\/product\/12116\/revisions"}],"wp:featuredmedia":[{"embeddable":true,"href":"https:\/\/pararepublique.com\/index.php\/wp-json\/wp\/v2\/media\/12117"}],"wp:attachment":[{"href":"https:\/\/pararepublique.com\/index.php\/wp-json\/wp\/v2\/media?parent=12116"}],"wp:term":[{"taxonomy":"product_cat","embeddable":true,"href":"https:\/\/pararepublique.com\/index.php\/wp-json\/wp\/v2\/product_cat?post=12116"},{"taxonomy":"product_tag","embeddable":true,"href":"https:\/\/pararepublique.com\/index.php\/wp-json\/wp\/v2\/product_tag?post=12116"}],"curies":[{"name":"wp","href":"https:\/\/api.w.org\/{rel}","templated":true}]}}