{"id":12121,"date":"2024-09-06T11:59:27","date_gmt":"2024-09-06T11:59:27","guid":{"rendered":"https:\/\/pararepublique.com\/?post_type=product&#038;p=12121"},"modified":"2024-09-06T11:59:28","modified_gmt":"2024-09-06T11:59:28","slug":"caudalie-vinoperfect-serum-anti","status":"publish","type":"product","link":"https:\/\/pararepublique.com\/index.php\/product\/caudalie-vinoperfect-serum-anti\/","title":{"rendered":"CAUDALIE VINOPERFECT SERUM ANTI"},"content":{"rendered":"<p>Le <strong>S\u00e9rum \u00c9clat Anti-Taches Vinoperfect<\/strong> de Caudalie est un soin intensif sp\u00e9cialement formul\u00e9 pour cibler les taches pigmentaires et restaurer l&rsquo;\u00e9clat de votre teint. Ce s\u00e9rum hautement concentr\u00e9 en Vinif\u00e9rine, un actif naturel extrait de la s\u00e8ve de vigne, est r\u00e9put\u00e9 pour sa capacit\u00e9 exceptionnelle \u00e0 r\u00e9duire l&rsquo;apparence des taches et \u00e0 uniformiser le teint. Sa texture l\u00e9g\u00e8re et fluide p\u00e9n\u00e8tre rapidement, laissant la peau douce et lumineuse.<\/p>\n<p><strong>Principaux avantages :<\/strong><\/p>\n<ul>\n<li><strong>R\u00e9duction des taches pigmentaires<\/strong> : Att\u00e9nue les taches caus\u00e9es par le soleil, le vieillissement, les imperfections ou les d\u00e9s\u00e9quilibres hormonaux.<\/li>\n<li><strong>\u00c9clat du teint<\/strong> : R\u00e9veille l&rsquo;\u00e9clat naturel de la peau et unifie le teint pour une peau radieuse.<\/li>\n<li><strong>Hydratation<\/strong> : Formule enrichie pour offrir une hydratation optimale tout en travaillant sur les taches.<\/li>\n<li><strong>Tol\u00e9rance optimale<\/strong> : Convient \u00e0 tous les types de peau, m\u00eame les plus sensibles.<\/li>\n<\/ul>\n<p><strong>Conseils d&rsquo;utilisation :<\/strong><\/p>\n<ol>\n<li>Appliquez le s\u00e9rum matin et soir sur une peau propre et s\u00e8che, avant votre cr\u00e8me de soin habituelle.<\/li>\n<li>Utilisez une petite quantit\u00e9 pour le visage, le cou et le d\u00e9collet\u00e9.<\/li>\n<li>Pour de meilleurs r\u00e9sultats, utilisez en combinaison avec une protection solaire durant la journ\u00e9e.<\/li>\n<\/ol>\n<p><strong>Ingr\u00e9dients cl\u00e9s :<\/strong><\/p>\n<ul>\n<li><strong>Vinif\u00e9rine<\/strong> : Un actif brevet\u00e9 d&rsquo;origine naturelle, r\u00e9put\u00e9 pour \u00eatre 62 fois plus efficace que la vitamine C pour \u00e9claircir les taches et uniformiser le teint.<\/li>\n<li><strong>Eau de raisin bio<\/strong> : Hydrate et apaise la peau tout en renfor\u00e7ant l&rsquo;efficacit\u00e9 du s\u00e9rum.<\/li>\n<li><strong>Squalane d&rsquo;olive<\/strong> : Nourrit la peau et am\u00e9liore sa texture.<\/li>\n<\/ul>\n","protected":false},"excerpt":{"rendered":"<p>Le <strong>S\u00e9rum \u00c9clat Anti-Taches Vinoperfect<\/strong> de Caudalie est un soin intensif sp\u00e9cialement formul\u00e9 pour cibler les taches pigmentaires et restaurer l&rsquo;\u00e9clat de votre teint. Ce s\u00e9rum hautement concentr\u00e9 en Vinif\u00e9rine, un actif naturel extrait de la s\u00e8ve de vigne, est r\u00e9put\u00e9 pour sa capacit\u00e9 exceptionnelle \u00e0 r\u00e9duire l&rsquo;apparence des taches et \u00e0 uniformiser le teint.<\/p>\n","protected":false},"featured_media":12122,"comment_status":"open","ping_status":"closed","template":"","meta":{"inline_featured_image":false,"_monsterinsights_skip_tracking":false,"_monsterinsights_sitenote_active":false,"_monsterinsights_sitenote_note":"","_monsterinsights_sitenote_category":0,"_joinchat":[]},"product_cat":[112],"product_tag":[],"class_list":{"0":"post-12121","1":"product","2":"type-product","3":"status-publish","4":"has-post-thumbnail","6":"product_cat-caudalie","8":"first","9":"instock","10":"shipping-taxable","11":"purchasable","12":"product-type-simple","13":"add-to-wishlist-after_add_to_cart"},"aioseo_notices":[],"_links":{"self":[{"href":"https:\/\/pararepublique.com\/index.php\/wp-json\/wp\/v2\/product\/12121","targetHints":{"allow":["GET"]}}],"collection":[{"href":"https:\/\/pararepublique.com\/index.php\/wp-json\/wp\/v2\/product"}],"about":[{"href":"https:\/\/pararepublique.com\/index.php\/wp-json\/wp\/v2\/types\/product"}],"replies":[{"embeddable":true,"href":"https:\/\/pararepublique.com\/index.php\/wp-json\/wp\/v2\/comments?post=12121"}],"version-history":[{"count":0,"href":"https:\/\/pararepublique.com\/index.php\/wp-json\/wp\/v2\/product\/12121\/revisions"}],"wp:featuredmedia":[{"embeddable":true,"href":"https:\/\/pararepublique.com\/index.php\/wp-json\/wp\/v2\/media\/12122"}],"wp:attachment":[{"href":"https:\/\/pararepublique.com\/index.php\/wp-json\/wp\/v2\/media?parent=12121"}],"wp:term":[{"taxonomy":"product_cat","embeddable":true,"href":"https:\/\/pararepublique.com\/index.php\/wp-json\/wp\/v2\/product_cat?post=12121"},{"taxonomy":"product_tag","embeddable":true,"href":"https:\/\/pararepublique.com\/index.php\/wp-json\/wp\/v2\/product_tag?post=12121"}],"curies":[{"name":"wp","href":"https:\/\/api.w.org\/{rel}","templated":true}]}}