{"id":12158,"date":"2024-09-06T12:41:20","date_gmt":"2024-09-06T12:41:20","guid":{"rendered":"https:\/\/pararepublique.com\/?post_type=product&#038;p=12158"},"modified":"2024-09-06T12:41:21","modified_gmt":"2024-09-06T12:41:21","slug":"preparation-serum-activateur","status":"publish","type":"product","link":"https:\/\/pararepublique.com\/index.php\/product\/preparation-serum-activateur\/","title":{"rendered":"PREPARATION SERUM ACTIVATEUR"},"content":{"rendered":"<p>Le <strong>S\u00e9rum Activateur<\/strong> de Clarins est un soin innovant con\u00e7u pour stimuler la r\u00e9g\u00e9n\u00e9ration naturelle de la peau et renforcer son \u00e9clat. Gr\u00e2ce \u00e0 sa formule enrichie en actifs sp\u00e9cifiques, ce s\u00e9rum aide \u00e0 activer les m\u00e9canismes naturels de la peau pour une apparence visiblement plus jeune, plus lumineuse et plus uniforme. Il pr\u00e9pare la peau \u00e0 recevoir les autres soins, maximisant ainsi leur efficacit\u00e9.<\/p>\n<p><strong>Principaux avantages :<\/strong><\/p>\n<ul>\n<li><strong>Activation de la r\u00e9g\u00e9n\u00e9ration<\/strong> : Stimule les processus naturels de r\u00e9paration et de renouvellement de la peau.<\/li>\n<li><strong>\u00c9clat instantan\u00e9<\/strong> : Am\u00e9liore la luminosit\u00e9 et l&rsquo;uniformit\u00e9 du teint, donnant \u00e0 la peau un \u00e9clat naturel.<\/li>\n<li><strong>Pr\u00e9paration optimale<\/strong> : Pr\u00e9pare la peau \u00e0 mieux absorber les soins suivants, optimisant leur efficacit\u00e9.<\/li>\n<li><strong>Texture peau<\/strong> : Affine et lisse la texture de la peau pour un teint plus uniforme et soign\u00e9.<\/li>\n<\/ul>\n<p><strong>Conseils d&rsquo;utilisation :<\/strong><\/p>\n<ol>\n<li>Appliquez le s\u00e9rum sur le visage et le cou nettoy\u00e9s, matin et soir.<\/li>\n<li>D\u00e9posez quelques gouttes du s\u00e9rum sur le bout des doigts.<\/li>\n<li>Massez doucement avec des mouvements ascendants jusqu&rsquo;\u00e0 absorption compl\u00e8te.<\/li>\n<li>Compl\u00e9tez avec votre soin habituel pour maximiser les r\u00e9sultats.<\/li>\n<\/ol>\n<p><strong>Ingr\u00e9dients cl\u00e9s :<\/strong><\/p>\n<ul>\n<li><strong>Extrait de plantes revitalisantes<\/strong> : Stimule les processus naturels de r\u00e9g\u00e9n\u00e9ration de la peau.<\/li>\n<li><strong>Acide hyaluronique<\/strong> : Hydrate la peau en profondeur et am\u00e9liore sa texture.<\/li>\n<li><strong>Complexe activateur de lumi\u00e8re<\/strong> : Apporte un \u00e9clat instantan\u00e9 et uniformise le teint.<\/li>\n<\/ul>\n","protected":false},"excerpt":{"rendered":"<p>Le <strong>S\u00e9rum Activateur<\/strong> de Clarins est un soin innovant con\u00e7u pour stimuler la r\u00e9g\u00e9n\u00e9ration naturelle de la peau et renforcer son \u00e9clat. Gr\u00e2ce \u00e0 sa formule enrichie en actifs sp\u00e9cifiques, ce s\u00e9rum aide \u00e0 activer les m\u00e9canismes naturels de la peau pour une apparence visiblement plus jeune, plus lumineuse et plus uniforme. Il pr\u00e9pare la peau \u00e0 recevoir les autres soins, maximisant ainsi leur efficacit\u00e9.<\/p>\n<p>&nbsp;<\/p>\n","protected":false},"featured_media":12159,"comment_status":"open","ping_status":"closed","template":"","meta":{"inline_featured_image":false,"_monsterinsights_skip_tracking":false,"_monsterinsights_sitenote_active":false,"_monsterinsights_sitenote_note":"","_monsterinsights_sitenote_category":0,"_joinchat":[]},"product_cat":[111],"product_tag":[],"class_list":{"0":"post-12158","1":"product","2":"type-product","3":"status-publish","4":"has-post-thumbnail","6":"product_cat-clarins","8":"first","9":"instock","10":"shipping-taxable","11":"purchasable","12":"product-type-simple","13":"add-to-wishlist-after_add_to_cart"},"aioseo_notices":[],"_links":{"self":[{"href":"https:\/\/pararepublique.com\/index.php\/wp-json\/wp\/v2\/product\/12158","targetHints":{"allow":["GET"]}}],"collection":[{"href":"https:\/\/pararepublique.com\/index.php\/wp-json\/wp\/v2\/product"}],"about":[{"href":"https:\/\/pararepublique.com\/index.php\/wp-json\/wp\/v2\/types\/product"}],"replies":[{"embeddable":true,"href":"https:\/\/pararepublique.com\/index.php\/wp-json\/wp\/v2\/comments?post=12158"}],"version-history":[{"count":0,"href":"https:\/\/pararepublique.com\/index.php\/wp-json\/wp\/v2\/product\/12158\/revisions"}],"wp:featuredmedia":[{"embeddable":true,"href":"https:\/\/pararepublique.com\/index.php\/wp-json\/wp\/v2\/media\/12159"}],"wp:attachment":[{"href":"https:\/\/pararepublique.com\/index.php\/wp-json\/wp\/v2\/media?parent=12158"}],"wp:term":[{"taxonomy":"product_cat","embeddable":true,"href":"https:\/\/pararepublique.com\/index.php\/wp-json\/wp\/v2\/product_cat?post=12158"},{"taxonomy":"product_tag","embeddable":true,"href":"https:\/\/pararepublique.com\/index.php\/wp-json\/wp\/v2\/product_tag?post=12158"}],"curies":[{"name":"wp","href":"https:\/\/api.w.org\/{rel}","templated":true}]}}