{"id":12193,"date":"2024-09-09T10:44:57","date_gmt":"2024-09-09T10:44:57","guid":{"rendered":"https:\/\/pararepublique.com\/?post_type=product&#038;p=12193"},"modified":"2024-09-09T10:44:57","modified_gmt":"2024-09-09T10:44:57","slug":"makari-lait-naturalle-intense-extreme","status":"publish","type":"product","link":"https:\/\/pararepublique.com\/index.php\/product\/makari-lait-naturalle-intense-extreme\/","title":{"rendered":"MAKARI LAIT NATURALLE INTENSE EXTREME"},"content":{"rendered":"<p>Le <strong>Makari Lait Naturalle Intense Extr\u00eame<\/strong> est un lait corporel luxueux, con\u00e7u pour \u00e9claircir et sublimer la peau de mani\u00e8re naturelle et progressive. Id\u00e9al pour les peaux ternes, sujettes aux taches brunes et aux irr\u00e9gularit\u00e9s pigmentaires, ce lait hydratant vise \u00e0 unifier le teint tout en nourrissant intens\u00e9ment la peau.<\/p>\n<p>Enrichi en extraits de plantes et en huiles naturelles, ce lait \u00e9claircissant puissant offre une approche douce mais efficace pour estomper les taches pigmentaires, les cicatrices, et les zones de d\u00e9coloration sur tout le corps. Il aide \u00e0 r\u00e9v\u00e9ler un teint plus clair et uniforme, tout en assurant une hydratation continue gr\u00e2ce \u00e0 sa formule nourrissante. Les ingr\u00e9dients actifs comme l&rsquo;huile de carotte et les extraits d&rsquo;argile blanche apportent des bienfaits \u00e9claircissants, sans irriter la peau.<\/p>\n<p>Sa texture l\u00e9g\u00e8re et soyeuse p\u00e9n\u00e8tre rapidement, sans laisser de r\u00e9sidu gras, ce qui en fait un soin quotidien agr\u00e9able pour toutes les zones du corps. Le <strong>Makari Lait Naturalle Intense Extr\u00eame<\/strong> est \u00e9galement con\u00e7u pour renforcer la barri\u00e8re cutan\u00e9e, aidant la peau \u00e0 rester hydrat\u00e9e et prot\u00e9g\u00e9e contre les agressions ext\u00e9rieures, tout en lissant les imperfections.<\/p>\n<p>En l\u2019utilisant r\u00e9guli\u00e8rement, ce lait corporel offre une transformation visible du teint : la peau devient progressivement plus lumineuse, douce et uniforme. Adapt\u00e9 \u00e0 tous les types de peaux, en particulier celles sujettes aux irr\u00e9gularit\u00e9s pigmentaires, ce lait \u00e9claircissant apporte \u00e9clat et souplesse tout en assurant un confort longue dur\u00e9e.<\/p>\n<hr \/>\n<p>&nbsp;<\/p>\n","protected":false},"excerpt":{"rendered":"<p>Le <strong>Makari Lait Naturalle Intense Extr\u00eame<\/strong> est un lait corporel luxueux, con\u00e7u pour \u00e9claircir et sublimer la peau de mani\u00e8re naturelle et progressive. Id\u00e9al pour les peaux ternes, sujettes aux taches brunes et aux irr\u00e9gularit\u00e9s pigmentaires, ce lait hydratant vise \u00e0 unifier le teint tout en nourrissant intens\u00e9ment la peau.<\/p>\n","protected":false},"featured_media":12194,"comment_status":"open","ping_status":"closed","template":"","meta":{"inline_featured_image":false,"_monsterinsights_skip_tracking":false,"_monsterinsights_sitenote_active":false,"_monsterinsights_sitenote_note":"","_monsterinsights_sitenote_category":0,"_joinchat":[]},"product_cat":[126],"product_tag":[],"class_list":{"0":"post-12193","1":"product","2":"type-product","3":"status-publish","4":"has-post-thumbnail","6":"product_cat-makari-de-suisse","8":"first","9":"instock","10":"shipping-taxable","11":"purchasable","12":"product-type-simple","13":"add-to-wishlist-after_add_to_cart"},"aioseo_notices":[],"_links":{"self":[{"href":"https:\/\/pararepublique.com\/index.php\/wp-json\/wp\/v2\/product\/12193","targetHints":{"allow":["GET"]}}],"collection":[{"href":"https:\/\/pararepublique.com\/index.php\/wp-json\/wp\/v2\/product"}],"about":[{"href":"https:\/\/pararepublique.com\/index.php\/wp-json\/wp\/v2\/types\/product"}],"replies":[{"embeddable":true,"href":"https:\/\/pararepublique.com\/index.php\/wp-json\/wp\/v2\/comments?post=12193"}],"version-history":[{"count":0,"href":"https:\/\/pararepublique.com\/index.php\/wp-json\/wp\/v2\/product\/12193\/revisions"}],"wp:featuredmedia":[{"embeddable":true,"href":"https:\/\/pararepublique.com\/index.php\/wp-json\/wp\/v2\/media\/12194"}],"wp:attachment":[{"href":"https:\/\/pararepublique.com\/index.php\/wp-json\/wp\/v2\/media?parent=12193"}],"wp:term":[{"taxonomy":"product_cat","embeddable":true,"href":"https:\/\/pararepublique.com\/index.php\/wp-json\/wp\/v2\/product_cat?post=12193"},{"taxonomy":"product_tag","embeddable":true,"href":"https:\/\/pararepublique.com\/index.php\/wp-json\/wp\/v2\/product_tag?post=12193"}],"curies":[{"name":"wp","href":"https:\/\/api.w.org\/{rel}","templated":true}]}}