{"id":12197,"date":"2024-09-09T10:49:06","date_gmt":"2024-09-09T10:49:06","guid":{"rendered":"https:\/\/pararepublique.com\/?post_type=product&#038;p=12197"},"modified":"2024-09-09T10:49:06","modified_gmt":"2024-09-09T10:49:06","slug":"makari-lait-raffermissant-sandal","status":"publish","type":"product","link":"https:\/\/pararepublique.com\/index.php\/product\/makari-lait-raffermissant-sandal\/","title":{"rendered":"MAKARI LAIT RAFFERMISSANT  SANDAL"},"content":{"rendered":"<p>Le <strong>Makari Lait Raffermissant Sandal<\/strong> est un soin corporel raffermissant et hydratant con\u00e7u pour offrir une peau plus tonique, lisse et \u00e9clatante. Formul\u00e9 \u00e0 partir d\u2019ingr\u00e9dients naturels et enrichi en essence de bois de santal, ce lait corporel aide \u00e0 revitaliser les peaux rel\u00e2ch\u00e9es et \u00e0 am\u00e9liorer leur \u00e9lasticit\u00e9, tout en hydratant en profondeur.<\/p>\n<p>L\u2019essence de bois de santal, connue pour ses propri\u00e9t\u00e9s apaisantes et r\u00e9g\u00e9n\u00e9ratrices, apporte un parfum doux et envo\u00fbtant, tout en contribuant \u00e0 la r\u00e9g\u00e9n\u00e9ration cellulaire. En combinaison avec des agents raffermissants naturels, ce lait aide \u00e0 tonifier la peau, \u00e0 att\u00e9nuer l\u2019apparence des ridules et \u00e0 raffermir les zones du corps sujettes \u00e0 la perte de fermet\u00e9. Il cible \u00e9galement les irr\u00e9gularit\u00e9s cutan\u00e9es et les zones de rel\u00e2chement, pour une peau visiblement plus jeune et revitalis\u00e9e.<\/p>\n<p>Sa texture l\u00e9g\u00e8re permet une absorption rapide, laissant la peau douce et soyeuse, sans r\u00e9sidu gras. En plus de ses propri\u00e9t\u00e9s raffermissantes, ce lait hydratant nourrit et prot\u00e8ge la peau contre la d\u00e9shydratation, lui offrant une sensation de confort longue dur\u00e9e. Adapt\u00e9 \u00e0 tous les types de peau, le <strong>Makari Lait Raffermissant Sandal<\/strong> convient parfaitement pour une utilisation quotidienne sur l\u2019ensemble du corps.<\/p>\n<p>Avec une utilisation r\u00e9guli\u00e8re, ce lait raffermissant am\u00e9liore visiblement la texture et l&rsquo;\u00e9lasticit\u00e9 de la peau, tout en lui redonnant un \u00e9clat naturel. Sa formule d\u00e9licate et efficace en fait un choix id\u00e9al pour celles et ceux qui recherchent \u00e0 la fois une hydratation profonde et un effet raffermissant durable.<\/p>\n","protected":false},"excerpt":{"rendered":"<p>Le <strong>Makari Lait Raffermissant Sandal<\/strong> est un soin corporel raffermissant et hydratant con\u00e7u pour offrir une peau plus tonique, lisse et \u00e9clatante. Formul\u00e9 \u00e0 partir d\u2019ingr\u00e9dients naturels et enrichi en essence de bois de santal, ce lait corporel aide \u00e0 revitaliser les peaux rel\u00e2ch\u00e9es et \u00e0 am\u00e9liorer leur \u00e9lasticit\u00e9, tout en hydratant en profondeur.<\/p>\n","protected":false},"featured_media":12198,"comment_status":"open","ping_status":"closed","template":"","meta":{"inline_featured_image":false,"_monsterinsights_skip_tracking":false,"_monsterinsights_sitenote_active":false,"_monsterinsights_sitenote_note":"","_monsterinsights_sitenote_category":0,"_joinchat":[]},"product_cat":[126],"product_tag":[],"class_list":{"0":"post-12197","1":"product","2":"type-product","3":"status-publish","4":"has-post-thumbnail","6":"product_cat-makari-de-suisse","8":"first","9":"instock","10":"shipping-taxable","11":"purchasable","12":"product-type-simple","13":"add-to-wishlist-after_add_to_cart"},"aioseo_notices":[],"_links":{"self":[{"href":"https:\/\/pararepublique.com\/index.php\/wp-json\/wp\/v2\/product\/12197","targetHints":{"allow":["GET"]}}],"collection":[{"href":"https:\/\/pararepublique.com\/index.php\/wp-json\/wp\/v2\/product"}],"about":[{"href":"https:\/\/pararepublique.com\/index.php\/wp-json\/wp\/v2\/types\/product"}],"replies":[{"embeddable":true,"href":"https:\/\/pararepublique.com\/index.php\/wp-json\/wp\/v2\/comments?post=12197"}],"version-history":[{"count":0,"href":"https:\/\/pararepublique.com\/index.php\/wp-json\/wp\/v2\/product\/12197\/revisions"}],"wp:featuredmedia":[{"embeddable":true,"href":"https:\/\/pararepublique.com\/index.php\/wp-json\/wp\/v2\/media\/12198"}],"wp:attachment":[{"href":"https:\/\/pararepublique.com\/index.php\/wp-json\/wp\/v2\/media?parent=12197"}],"wp:term":[{"taxonomy":"product_cat","embeddable":true,"href":"https:\/\/pararepublique.com\/index.php\/wp-json\/wp\/v2\/product_cat?post=12197"},{"taxonomy":"product_tag","embeddable":true,"href":"https:\/\/pararepublique.com\/index.php\/wp-json\/wp\/v2\/product_tag?post=12197"}],"curies":[{"name":"wp","href":"https:\/\/api.w.org\/{rel}","templated":true}]}}