{"id":12199,"date":"2024-09-09T10:51:13","date_gmt":"2024-09-09T10:51:13","guid":{"rendered":"https:\/\/pararepublique.com\/?post_type=product&#038;p=12199"},"modified":"2024-09-09T10:51:13","modified_gmt":"2024-09-09T10:51:13","slug":"makari-masque-pell-off","status":"publish","type":"product","link":"https:\/\/pararepublique.com\/index.php\/product\/makari-masque-pell-off\/","title":{"rendered":"MAKARI MASQUE PELL-OFF"},"content":{"rendered":"<p>Le <strong>Makari Masque Peel-Off<\/strong> est un soin purifiant et \u00e9claircissant con\u00e7u pour r\u00e9v\u00e9ler une peau plus lisse, \u00e9clatante et unifi\u00e9e. Gr\u00e2ce \u00e0 sa formule innovante, ce masque peel-off agit en profondeur pour \u00e9liminer les impuret\u00e9s, d\u00e9sincruster les pores et r\u00e9duire les taches sombres, tout en affinant le grain de peau.<\/p>\n<p>Id\u00e9al pour les peaux sujettes aux imperfections et \u00e0 l\u2019hyperpigmentation, le <strong>Makari Masque Peel-Off<\/strong> contient des ingr\u00e9dients naturels et \u00e9claircissants qui aident \u00e0 uniformiser le teint et \u00e0 revitaliser la peau. En s\u00e9chant, le masque forme une fine couche sur la peau, qui se retire facilement en une seule pi\u00e8ce, emportant avec elle les cellules mortes, l&rsquo;exc\u00e8s de s\u00e9bum et les r\u00e9sidus de pollution. R\u00e9sultat : une peau visiblement plus nette, plus douce et lumineuse.<\/p>\n<p>Ce masque contribue \u00e9galement \u00e0 stimuler la r\u00e9g\u00e9n\u00e9ration cellulaire, favorisant ainsi un teint plus \u00e9clatant et uniforme. Sa formule douce mais efficace aide \u00e0 raffermir la peau tout en r\u00e9duisant les rougeurs et l\u2019apparence des pores dilat\u00e9s. En plus de purifier la peau, le <strong>Makari Masque Peel-Off<\/strong> offre une sensation de fra\u00eecheur et de douceur imm\u00e9diate apr\u00e8s chaque utilisation.<\/p>\n<p>Convient \u00e0 tous les types de peau, en particulier celles pr\u00e9sentant des taches brunes ou des zones de pigmentation in\u00e9gales. Pour des r\u00e9sultats optimaux, il est recommand\u00e9 d&rsquo;utiliser ce masque une \u00e0 deux fois par semaine.<\/p>\n","protected":false},"excerpt":{"rendered":"<p>Le <strong>Makari Masque Peel-Off<\/strong> est un soin purifiant et \u00e9claircissant con\u00e7u pour r\u00e9v\u00e9ler une peau plus lisse, \u00e9clatante et unifi\u00e9e. Gr\u00e2ce \u00e0 sa formule innovante, ce masque peel-off agit en profondeur pour \u00e9liminer les impuret\u00e9s, d\u00e9sincruster les pores et r\u00e9duire les taches sombres, tout en affinant le grain de peau.<\/p>\n<p>&nbsp;<\/p>\n","protected":false},"featured_media":12200,"comment_status":"open","ping_status":"closed","template":"","meta":{"inline_featured_image":false,"_monsterinsights_skip_tracking":false,"_monsterinsights_sitenote_active":false,"_monsterinsights_sitenote_note":"","_monsterinsights_sitenote_category":0,"_joinchat":[]},"product_cat":[126],"product_tag":[],"class_list":{"0":"post-12199","1":"product","2":"type-product","3":"status-publish","4":"has-post-thumbnail","6":"product_cat-makari-de-suisse","8":"first","9":"instock","10":"shipping-taxable","11":"purchasable","12":"product-type-simple","13":"add-to-wishlist-after_add_to_cart"},"aioseo_notices":[],"_links":{"self":[{"href":"https:\/\/pararepublique.com\/index.php\/wp-json\/wp\/v2\/product\/12199","targetHints":{"allow":["GET"]}}],"collection":[{"href":"https:\/\/pararepublique.com\/index.php\/wp-json\/wp\/v2\/product"}],"about":[{"href":"https:\/\/pararepublique.com\/index.php\/wp-json\/wp\/v2\/types\/product"}],"replies":[{"embeddable":true,"href":"https:\/\/pararepublique.com\/index.php\/wp-json\/wp\/v2\/comments?post=12199"}],"version-history":[{"count":0,"href":"https:\/\/pararepublique.com\/index.php\/wp-json\/wp\/v2\/product\/12199\/revisions"}],"wp:featuredmedia":[{"embeddable":true,"href":"https:\/\/pararepublique.com\/index.php\/wp-json\/wp\/v2\/media\/12200"}],"wp:attachment":[{"href":"https:\/\/pararepublique.com\/index.php\/wp-json\/wp\/v2\/media?parent=12199"}],"wp:term":[{"taxonomy":"product_cat","embeddable":true,"href":"https:\/\/pararepublique.com\/index.php\/wp-json\/wp\/v2\/product_cat?post=12199"},{"taxonomy":"product_tag","embeddable":true,"href":"https:\/\/pararepublique.com\/index.php\/wp-json\/wp\/v2\/product_tag?post=12199"}],"curies":[{"name":"wp","href":"https:\/\/api.w.org\/{rel}","templated":true}]}}