{"id":12201,"date":"2024-09-09T10:53:15","date_gmt":"2024-09-09T10:53:15","guid":{"rendered":"https:\/\/pararepublique.com\/?post_type=product&#038;p=12201"},"modified":"2024-09-09T10:53:15","modified_gmt":"2024-09-09T10:53:15","slug":"makari-multi-action-extreme-savon","status":"publish","type":"product","link":"https:\/\/pararepublique.com\/index.php\/product\/makari-multi-action-extreme-savon\/","title":{"rendered":"MAKARI MULTI ACTION EXTREME SAVON"},"content":{"rendered":"<p>Le <strong>Makari Multi-Action Extr\u00eame Savon<\/strong> est un savon \u00e9claircissant et exfoliant, formul\u00e9 pour offrir un nettoyage en profondeur tout en am\u00e9liorant la clart\u00e9 et la luminosit\u00e9 de la peau. Ce savon puissant est con\u00e7u pour traiter les taches brunes, les d\u00e9colorations et les irr\u00e9gularit\u00e9s du teint, en particulier sur les peaux ternes et sujettes \u00e0 l&rsquo;hyperpigmentation.<\/p>\n<p>Enrichi en extraits naturels de plantes et en agents \u00e9claircissants, le <strong>Makari Multi-Action Extr\u00eame Savon<\/strong> aide \u00e0 \u00e9liminer les impuret\u00e9s, les cellules mortes et l&rsquo;exc\u00e8s de s\u00e9bum, tout en favorisant un renouvellement cellulaire sain. L\u2019exfoliation douce qu\u2019il offre permet d\u2019am\u00e9liorer la texture de la peau, de d\u00e9sobstruer les pores et d\u2019unifier le teint, r\u00e9v\u00e9lant ainsi une peau plus lisse et \u00e9clatante.<\/p>\n<p>Gr\u00e2ce \u00e0 ses propri\u00e9t\u00e9s \u00e9claircissantes avanc\u00e9es, ce savon agit pour estomper les taches pigmentaires et les cicatrices d&rsquo;acn\u00e9, tout en pr\u00e9venant l&rsquo;apparition de nouvelles d\u00e9colorations. Sa mousse riche et onctueuse purifie la peau en profondeur sans la dess\u00e9cher, la laissant douce, fra\u00eeche et revitalis\u00e9e.<\/p>\n<p>Le <strong>Makari Multi-Action Extr\u00eame Savon<\/strong> est id\u00e9al pour un usage quotidien, adapt\u00e9 \u00e0 tous les types de peau, en particulier celles sujettes aux taches brunes et aux irr\u00e9gularit\u00e9s du teint. Avec une utilisation r\u00e9guli\u00e8re, il aide \u00e0 am\u00e9liorer visiblement l&rsquo;\u00e9clat et la texture de la peau, la laissant lumineuse, nette et uniforme.<\/p>\n","protected":false},"excerpt":{"rendered":"<p>Le <strong>Makari Multi-Action Extr\u00eame Savon<\/strong> est un savon \u00e9claircissant et exfoliant, formul\u00e9 pour offrir un nettoyage en profondeur tout en am\u00e9liorant la clart\u00e9 et la luminosit\u00e9 de la peau. Ce savon puissant est con\u00e7u pour traiter les taches brunes, les d\u00e9colorations et les irr\u00e9gularit\u00e9s du teint, en particulier sur les peaux ternes et sujettes \u00e0 l&rsquo;hyperpigmentation.<\/p>\n","protected":false},"featured_media":12202,"comment_status":"open","ping_status":"closed","template":"","meta":{"inline_featured_image":false,"_monsterinsights_skip_tracking":false,"_monsterinsights_sitenote_active":false,"_monsterinsights_sitenote_note":"","_monsterinsights_sitenote_category":0,"_joinchat":[]},"product_cat":[126],"product_tag":[],"class_list":{"0":"post-12201","1":"product","2":"type-product","3":"status-publish","4":"has-post-thumbnail","6":"product_cat-makari-de-suisse","8":"first","9":"instock","10":"shipping-taxable","11":"purchasable","12":"product-type-simple","13":"add-to-wishlist-after_add_to_cart"},"aioseo_notices":[],"_links":{"self":[{"href":"https:\/\/pararepublique.com\/index.php\/wp-json\/wp\/v2\/product\/12201","targetHints":{"allow":["GET"]}}],"collection":[{"href":"https:\/\/pararepublique.com\/index.php\/wp-json\/wp\/v2\/product"}],"about":[{"href":"https:\/\/pararepublique.com\/index.php\/wp-json\/wp\/v2\/types\/product"}],"replies":[{"embeddable":true,"href":"https:\/\/pararepublique.com\/index.php\/wp-json\/wp\/v2\/comments?post=12201"}],"version-history":[{"count":0,"href":"https:\/\/pararepublique.com\/index.php\/wp-json\/wp\/v2\/product\/12201\/revisions"}],"wp:featuredmedia":[{"embeddable":true,"href":"https:\/\/pararepublique.com\/index.php\/wp-json\/wp\/v2\/media\/12202"}],"wp:attachment":[{"href":"https:\/\/pararepublique.com\/index.php\/wp-json\/wp\/v2\/media?parent=12201"}],"wp:term":[{"taxonomy":"product_cat","embeddable":true,"href":"https:\/\/pararepublique.com\/index.php\/wp-json\/wp\/v2\/product_cat?post=12201"},{"taxonomy":"product_tag","embeddable":true,"href":"https:\/\/pararepublique.com\/index.php\/wp-json\/wp\/v2\/product_tag?post=12201"}],"curies":[{"name":"wp","href":"https:\/\/api.w.org\/{rel}","templated":true}]}}