{"id":12207,"date":"2024-09-09T11:07:27","date_gmt":"2024-09-09T11:07:27","guid":{"rendered":"https:\/\/pararepublique.com\/?post_type=product&#038;p=12207"},"modified":"2024-09-09T11:07:28","modified_gmt":"2024-09-09T11:07:28","slug":"makari-naturalle-carotonic-lait-400ml","status":"publish","type":"product","link":"https:\/\/pararepublique.com\/index.php\/product\/makari-naturalle-carotonic-lait-400ml\/","title":{"rendered":"MAKARI NATURALLE CAROTONIC LAIT 400ML"},"content":{"rendered":"<p>Le <strong>Makari Naturalle Carotonic Lait 400ml<\/strong> est un lait corporel \u00e9claircissant et nourrissant, sp\u00e9cialement formul\u00e9 pour les peaux fonc\u00e9es et m\u00e9tiss\u00e9es. Enrichi en huile de carotte, ce lait offre une solution efficace pour uniformiser le teint et am\u00e9liorer l\u2019\u00e9clat de la peau tout en assurant une hydratation profonde et durable.<\/p>\n<p>L\u2019huile de carotte, riche en vitamines et antioxydants, est connue pour ses propri\u00e9t\u00e9s \u00e9claircissantes naturelles. Elle aide \u00e0 r\u00e9duire les taches brunes, les cicatrices d&rsquo;acn\u00e9, et les irr\u00e9gularit\u00e9s pigmentaires, tout en favorisant le renouvellement cellulaire pour un teint plus uniforme. Le <strong>Makari Naturalle Carotonic Lait<\/strong> agit en douceur pour \u00e9claircir les zones de d\u00e9coloration tout en nourrissant la peau en profondeur, la laissant douce, souple et \u00e9clatante.<\/p>\n<p>Sa formule l\u00e9g\u00e8re et non grasse est rapidement absorb\u00e9e par la peau, offrant une hydratation longue dur\u00e9e sans effet collant. En plus de ses propri\u00e9t\u00e9s \u00e9claircissantes, ce lait aide \u00e0 renforcer la barri\u00e8re cutan\u00e9e et \u00e0 prot\u00e9ger la peau des agressions environnementales. Il est id\u00e9al pour une utilisation quotidienne sur l\u2019ensemble du corps, particuli\u00e8rement les zones sujettes aux taches et \u00e0 la d\u00e9coloration.<\/p>\n<p>Le <strong>Makari Naturalle Carotonic Lait 400ml<\/strong> est parfaitement adapt\u00e9 pour les personnes cherchant \u00e0 obtenir un teint plus lumineux et uniforme tout en b\u00e9n\u00e9ficiant d\u2019une hydratation intense. Utilis\u00e9 r\u00e9guli\u00e8rement, ce lait r\u00e9v\u00e8le une peau visiblement plus claire, lisse et \u00e9clatante de sant\u00e9.<\/p>\n","protected":false},"excerpt":{"rendered":"<p>Le <strong>Makari Naturalle Carotonic Lait 400ml<\/strong> est un lait corporel \u00e9claircissant et nourrissant, sp\u00e9cialement formul\u00e9 pour les peaux fonc\u00e9es et m\u00e9tiss\u00e9es. Enrichi en huile de carotte, ce lait offre une solution efficace pour uniformiser le teint et am\u00e9liorer l\u2019\u00e9clat de la peau tout en assurant une hydratation profonde et durable.<\/p>\n<p>&nbsp;<\/p>\n","protected":false},"featured_media":12206,"comment_status":"open","ping_status":"closed","template":"","meta":{"inline_featured_image":false,"_monsterinsights_skip_tracking":false,"_monsterinsights_sitenote_active":false,"_monsterinsights_sitenote_note":"","_monsterinsights_sitenote_category":0,"_joinchat":[]},"product_cat":[126],"product_tag":[],"class_list":{"0":"post-12207","1":"product","2":"type-product","3":"status-publish","4":"has-post-thumbnail","6":"product_cat-makari-de-suisse","8":"first","9":"instock","10":"shipping-taxable","11":"purchasable","12":"product-type-simple","13":"add-to-wishlist-after_add_to_cart"},"aioseo_notices":[],"_links":{"self":[{"href":"https:\/\/pararepublique.com\/index.php\/wp-json\/wp\/v2\/product\/12207","targetHints":{"allow":["GET"]}}],"collection":[{"href":"https:\/\/pararepublique.com\/index.php\/wp-json\/wp\/v2\/product"}],"about":[{"href":"https:\/\/pararepublique.com\/index.php\/wp-json\/wp\/v2\/types\/product"}],"replies":[{"embeddable":true,"href":"https:\/\/pararepublique.com\/index.php\/wp-json\/wp\/v2\/comments?post=12207"}],"version-history":[{"count":0,"href":"https:\/\/pararepublique.com\/index.php\/wp-json\/wp\/v2\/product\/12207\/revisions"}],"wp:featuredmedia":[{"embeddable":true,"href":"https:\/\/pararepublique.com\/index.php\/wp-json\/wp\/v2\/media\/12206"}],"wp:attachment":[{"href":"https:\/\/pararepublique.com\/index.php\/wp-json\/wp\/v2\/media?parent=12207"}],"wp:term":[{"taxonomy":"product_cat","embeddable":true,"href":"https:\/\/pararepublique.com\/index.php\/wp-json\/wp\/v2\/product_cat?post=12207"},{"taxonomy":"product_tag","embeddable":true,"href":"https:\/\/pararepublique.com\/index.php\/wp-json\/wp\/v2\/product_tag?post=12207"}],"curies":[{"name":"wp","href":"https:\/\/api.w.org\/{rel}","templated":true}]}}