{"id":12208,"date":"2024-09-09T11:09:54","date_gmt":"2024-09-09T11:09:54","guid":{"rendered":"https:\/\/pararepublique.com\/?post_type=product&#038;p=12208"},"modified":"2024-09-09T11:09:55","modified_gmt":"2024-09-09T11:09:55","slug":"makari-naturalle-carotonic-savon","status":"publish","type":"product","link":"https:\/\/pararepublique.com\/index.php\/product\/makari-naturalle-carotonic-savon\/","title":{"rendered":"MAKARI NATURALLE CAROTONIC SAVON"},"content":{"rendered":"<p>Le <strong>Makari Naturalle Carotonic Savon<\/strong> est un savon \u00e9claircissant et purifiant con\u00e7u pour offrir une peau plus lumineuse et uniforme tout en nettoyant en douceur. Enrichi en huile de carotte et autres ingr\u00e9dients naturels, ce savon est sp\u00e9cialement formul\u00e9 pour les peaux fonc\u00e9es et m\u00e9tiss\u00e9es, visant \u00e0 r\u00e9duire les taches sombres, les irr\u00e9gularit\u00e9s du teint et les signes de d\u00e9coloration.<\/p>\n<p>L&rsquo;huile de carotte, riche en vitamines et en antioxydants, est l&rsquo;un des principaux ingr\u00e9dients actifs du <strong>Makari Naturalle Carotonic Savon<\/strong>. Elle aide \u00e0 \u00e9claircir les taches brunes et les d\u00e9colorations, tout en nourrissant la peau pour am\u00e9liorer son \u00e9clat naturel. Ce savon nettoie en profondeur, \u00e9limine les impuret\u00e9s, les cellules mortes et l&rsquo;exc\u00e8s de s\u00e9bum, tout en respectant l&rsquo;\u00e9quilibre naturel de la peau.<\/p>\n<p>Sa mousse onctueuse et riche assure un nettoyage doux mais efficace, laissant la peau propre, fra\u00eeche et revitalis\u00e9e. En plus d&rsquo;am\u00e9liorer la clart\u00e9 de la peau, le savon aide \u00e0 affiner le grain de peau, \u00e0 r\u00e9duire l&rsquo;apparence des imperfections et \u00e0 pr\u00e9parer la peau pour une meilleure absorption des soins suivants.<\/p>\n<p>Le <strong>Makari Naturalle Carotonic Savon<\/strong> est adapt\u00e9 \u00e0 un usage quotidien et convient \u00e0 tous les types de peau, en particulier celles sujettes \u00e0 l\u2019hyperpigmentation et aux irr\u00e9gularit\u00e9s. Avec une utilisation r\u00e9guli\u00e8re, il contribue \u00e0 unifier le teint, \u00e0 \u00e9claircir les zones de d\u00e9coloration et \u00e0 r\u00e9v\u00e9ler une peau plus lisse et \u00e9clatante.<\/p>\n","protected":false},"excerpt":{"rendered":"<p>Le <strong>Makari Naturalle Carotonic Savon<\/strong> est un savon \u00e9claircissant et purifiant con\u00e7u pour offrir une peau plus lumineuse et uniforme tout en nettoyant en douceur. Enrichi en huile de carotte et autres ingr\u00e9dients naturels, ce savon est sp\u00e9cialement formul\u00e9 pour les peaux fonc\u00e9es et m\u00e9tiss\u00e9es, visant \u00e0 r\u00e9duire les taches sombres, les irr\u00e9gularit\u00e9s du teint et les signes de d\u00e9coloration.<\/p>\n","protected":false},"featured_media":12209,"comment_status":"open","ping_status":"closed","template":"","meta":{"inline_featured_image":false,"_monsterinsights_skip_tracking":false,"_monsterinsights_sitenote_active":false,"_monsterinsights_sitenote_note":"","_monsterinsights_sitenote_category":0,"_joinchat":[]},"product_cat":[126],"product_tag":[],"class_list":{"0":"post-12208","1":"product","2":"type-product","3":"status-publish","4":"has-post-thumbnail","6":"product_cat-makari-de-suisse","8":"first","9":"instock","10":"shipping-taxable","11":"purchasable","12":"product-type-simple","13":"add-to-wishlist-after_add_to_cart"},"aioseo_notices":[],"_links":{"self":[{"href":"https:\/\/pararepublique.com\/index.php\/wp-json\/wp\/v2\/product\/12208","targetHints":{"allow":["GET"]}}],"collection":[{"href":"https:\/\/pararepublique.com\/index.php\/wp-json\/wp\/v2\/product"}],"about":[{"href":"https:\/\/pararepublique.com\/index.php\/wp-json\/wp\/v2\/types\/product"}],"replies":[{"embeddable":true,"href":"https:\/\/pararepublique.com\/index.php\/wp-json\/wp\/v2\/comments?post=12208"}],"version-history":[{"count":0,"href":"https:\/\/pararepublique.com\/index.php\/wp-json\/wp\/v2\/product\/12208\/revisions"}],"wp:featuredmedia":[{"embeddable":true,"href":"https:\/\/pararepublique.com\/index.php\/wp-json\/wp\/v2\/media\/12209"}],"wp:attachment":[{"href":"https:\/\/pararepublique.com\/index.php\/wp-json\/wp\/v2\/media?parent=12208"}],"wp:term":[{"taxonomy":"product_cat","embeddable":true,"href":"https:\/\/pararepublique.com\/index.php\/wp-json\/wp\/v2\/product_cat?post=12208"},{"taxonomy":"product_tag","embeddable":true,"href":"https:\/\/pararepublique.com\/index.php\/wp-json\/wp\/v2\/product_tag?post=12208"}],"curies":[{"name":"wp","href":"https:\/\/api.w.org\/{rel}","templated":true}]}}