{"id":12668,"date":"2024-10-10T13:11:05","date_gmt":"2024-10-10T13:11:05","guid":{"rendered":"https:\/\/pararepublique.com\/?post_type=product&#038;p=12668"},"modified":"2024-10-10T13:11:06","modified_gmt":"2024-10-10T13:11:06","slug":"pack-mela-lait-creme-jour","status":"publish","type":"product","link":"https:\/\/pararepublique.com\/index.php\/product\/pack-mela-lait-creme-jour\/","title":{"rendered":"PACK MELA LAIT + CREME JOUR"},"content":{"rendered":"<p>D\u00e9couvrez le soin parfait pour unifier et illuminer votre peau avec le <strong>Pack MELA<\/strong>, compos\u00e9 d&rsquo;un lait corporel et d&rsquo;une cr\u00e8me de jour sp\u00e9cialement formul\u00e9s pour r\u00e9pondre aux besoins des peaux ternes et irr\u00e9guli\u00e8res.<\/p>\n<ul>\n<li><strong>MELA Lait Corporel<\/strong> : Ce lait hydrate intens\u00e9ment tout en contribuant \u00e0 \u00e9claircir et unifier le teint de votre peau. Sa texture l\u00e9g\u00e8re et non grasse p\u00e9n\u00e8tre rapidement, laissant votre peau douce, souple et \u00e9clatante de sant\u00e9.<\/li>\n<li><strong>MELA Cr\u00e8me de Jour<\/strong> : Formul\u00e9e avec des ingr\u00e9dients actifs puissants, cette cr\u00e8me de jour aide \u00e0 r\u00e9duire visiblement les taches pigmentaires et \u00e0 pr\u00e9venir leur r\u00e9apparition. Elle offre une hydratation longue dur\u00e9e et prot\u00e8ge la peau contre les agressions ext\u00e9rieures pour un teint uniforme et lumineux.<\/li>\n<\/ul>\n<p><strong>B\u00e9n\u00e9fices<\/strong> :<\/p>\n<ul>\n<li>Hydrate en profondeur tout en uniformisant le teint<\/li>\n<li>R\u00e9duit les taches sombres et les imperfections<\/li>\n<li>Prot\u00e8ge la peau contre les agressions environnementales<\/li>\n<li>Texture l\u00e9g\u00e8re et agr\u00e9able pour une absorption rapide<\/li>\n<\/ul>\n<p><strong>Conseils d&rsquo;utilisation<\/strong> :<\/p>\n<ul>\n<li><strong>Lait Corporel<\/strong> : Appliquez quotidiennement sur une peau propre et s\u00e8che, en massant doucement pour une absorption optimale.<\/li>\n<li><strong>Cr\u00e8me de Jour<\/strong> : Utilisez chaque matin sur une peau nettoy\u00e9e, en appliquant une fine couche sur le visage et le cou, en \u00e9vitant le contour des yeux.<\/li>\n<\/ul>\n<p>Ce pack est id\u00e9al pour les peaux qui recherchent une routine quotidienne simple mais efficace pour retrouver un teint \u00e9clatant et homog\u00e8ne.<\/p>\n","protected":false},"excerpt":{"rendered":"<p>D\u00e9couvrez le soin parfait pour unifier et illuminer votre peau avec le <strong>Pack MELA<\/strong>, compos\u00e9 d&rsquo;un lait corporel et d&rsquo;une cr\u00e8me de jour sp\u00e9cialement formul\u00e9s pour r\u00e9pondre aux besoins des peaux ternes et irr\u00e9guli\u00e8res.<strong style=\"font-size: 1rem;\">MELA Lait Corporel<\/strong><span style=\"font-size: 1rem;\"> : Ce lait hydrate intens\u00e9ment tout en contribuant \u00e0 \u00e9claircir et unifier le teint de votre peau. Sa texture l\u00e9g\u00e8re et non grasse p\u00e9n\u00e8tre rapidement, laissant votre peau douce, souple et \u00e9clatante de sant\u00e9.<\/span><\/p>\n","protected":false},"featured_media":12669,"comment_status":"open","ping_status":"closed","template":"","meta":{"inline_featured_image":false,"_monsterinsights_skip_tracking":false,"_monsterinsights_sitenote_active":false,"_monsterinsights_sitenote_note":"","_monsterinsights_sitenote_category":0,"_joinchat":[]},"product_cat":[125,178],"product_tag":[],"class_list":{"0":"post-12668","1":"product","2":"type-product","3":"status-publish","4":"has-post-thumbnail","6":"product_cat-soins-specifiques","7":"product_cat-topicrem","9":"first","10":"instock","11":"shipping-taxable","12":"purchasable","13":"product-type-simple","14":"add-to-wishlist-after_add_to_cart"},"aioseo_notices":[],"_links":{"self":[{"href":"https:\/\/pararepublique.com\/index.php\/wp-json\/wp\/v2\/product\/12668","targetHints":{"allow":["GET"]}}],"collection":[{"href":"https:\/\/pararepublique.com\/index.php\/wp-json\/wp\/v2\/product"}],"about":[{"href":"https:\/\/pararepublique.com\/index.php\/wp-json\/wp\/v2\/types\/product"}],"replies":[{"embeddable":true,"href":"https:\/\/pararepublique.com\/index.php\/wp-json\/wp\/v2\/comments?post=12668"}],"version-history":[{"count":1,"href":"https:\/\/pararepublique.com\/index.php\/wp-json\/wp\/v2\/product\/12668\/revisions"}],"predecessor-version":[{"id":12670,"href":"https:\/\/pararepublique.com\/index.php\/wp-json\/wp\/v2\/product\/12668\/revisions\/12670"}],"wp:featuredmedia":[{"embeddable":true,"href":"https:\/\/pararepublique.com\/index.php\/wp-json\/wp\/v2\/media\/12669"}],"wp:attachment":[{"href":"https:\/\/pararepublique.com\/index.php\/wp-json\/wp\/v2\/media?parent=12668"}],"wp:term":[{"taxonomy":"product_cat","embeddable":true,"href":"https:\/\/pararepublique.com\/index.php\/wp-json\/wp\/v2\/product_cat?post=12668"},{"taxonomy":"product_tag","embeddable":true,"href":"https:\/\/pararepublique.com\/index.php\/wp-json\/wp\/v2\/product_tag?post=12668"}],"curies":[{"name":"wp","href":"https:\/\/api.w.org\/{rel}","templated":true}]}}