{"id":12688,"date":"2024-10-11T11:21:17","date_gmt":"2024-10-11T11:21:17","guid":{"rendered":"https:\/\/pararepublique.com\/?post_type=product&#038;p=12688"},"modified":"2024-10-11T11:21:17","modified_gmt":"2024-10-11T11:21:17","slug":"topicreme-ac-soin-actif-40ml","status":"publish","type":"product","link":"https:\/\/pararepublique.com\/index.php\/product\/topicreme-ac-soin-actif-40ml\/","title":{"rendered":"TOPICREME AC SOIN ACTIF 40ML"},"content":{"rendered":"<p>Le <strong>TOPICREM AC Soin Actif<\/strong> est sp\u00e9cialement con\u00e7u pour les peaux grasses \u00e0 tendance acn\u00e9ique. Ce soin concentr\u00e9 agit directement sur les imperfections, r\u00e9duit les boutons et aide \u00e0 contr\u00f4ler l&rsquo;exc\u00e8s de s\u00e9bum, tout en respectant la sensibilit\u00e9 de la peau.<\/p>\n<p><strong>Caract\u00e9ristiques<\/strong> :<\/p>\n<ul>\n<li><strong>Action anti-imperfections<\/strong> : R\u00e9duit les boutons, points noirs et imperfections, laissant la peau plus nette.<\/li>\n<li><strong>R\u00e9gulation du s\u00e9bum<\/strong> : Contr\u00f4le l&rsquo;exc\u00e8s de s\u00e9bum pour un fini mat et une peau moins brillante.<\/li>\n<li><strong>Formule apaisante<\/strong> : Pr\u00e9vient les irritations et apaise les rougeurs dues aux imperfections.<\/li>\n<\/ul>\n<p><strong>B\u00e9n\u00e9fices<\/strong> :<\/p>\n<ul>\n<li>Peau plus nette, lisse et matifi\u00e9e<\/li>\n<li>Texture l\u00e9g\u00e8re qui p\u00e9n\u00e8tre rapidement sans laisser de r\u00e9sidu gras<\/li>\n<li>Formule non com\u00e9dog\u00e8ne, hypoallerg\u00e9nique et test\u00e9e sous contr\u00f4le dermatologique<\/li>\n<\/ul>\n<p><strong>Conseils d&rsquo;utilisation<\/strong> :<\/p>\n<ul>\n<li>Appliquez matin et\/ou soir sur une peau propre et s\u00e8che, en insistant sur les zones \u00e0 imperfections.<\/li>\n<li>Peut \u00eatre utilis\u00e9 seul ou sous votre cr\u00e8me hydratante quotidienne.<\/li>\n<li>\u00c9vitez le contour des yeux.<\/li>\n<\/ul>\n<p>Le <strong>TOPICREM AC Soin Actif 40ML<\/strong> est votre alli\u00e9 pour lutter efficacement contre les imperfections, tout en gardant une peau douce, saine et \u00e9quilibr\u00e9e au quotidien.<\/p>\n","protected":false},"excerpt":{"rendered":"<p>Le <strong>TOPICREM AC Soin Actif<\/strong> est sp\u00e9cialement con\u00e7u pour les peaux grasses \u00e0 tendance acn\u00e9ique. Ce soin concentr\u00e9 agit directement sur les imperfections, r\u00e9duit les boutons et aide \u00e0 contr\u00f4ler l&rsquo;exc\u00e8s de s\u00e9bum, tout en respectant la sensibilit\u00e9 de la peau.<\/p>\n","protected":false},"featured_media":12689,"comment_status":"open","ping_status":"closed","template":"","meta":{"inline_featured_image":false,"_monsterinsights_skip_tracking":false,"_monsterinsights_sitenote_active":false,"_monsterinsights_sitenote_note":"","_monsterinsights_sitenote_category":0,"_joinchat":[]},"product_cat":[178],"product_tag":[],"class_list":{"0":"post-12688","1":"product","2":"type-product","3":"status-publish","4":"has-post-thumbnail","6":"product_cat-topicrem","8":"first","9":"instock","10":"shipping-taxable","11":"purchasable","12":"product-type-simple","13":"add-to-wishlist-after_add_to_cart"},"aioseo_notices":[],"_links":{"self":[{"href":"https:\/\/pararepublique.com\/index.php\/wp-json\/wp\/v2\/product\/12688","targetHints":{"allow":["GET"]}}],"collection":[{"href":"https:\/\/pararepublique.com\/index.php\/wp-json\/wp\/v2\/product"}],"about":[{"href":"https:\/\/pararepublique.com\/index.php\/wp-json\/wp\/v2\/types\/product"}],"replies":[{"embeddable":true,"href":"https:\/\/pararepublique.com\/index.php\/wp-json\/wp\/v2\/comments?post=12688"}],"version-history":[{"count":2,"href":"https:\/\/pararepublique.com\/index.php\/wp-json\/wp\/v2\/product\/12688\/revisions"}],"predecessor-version":[{"id":12691,"href":"https:\/\/pararepublique.com\/index.php\/wp-json\/wp\/v2\/product\/12688\/revisions\/12691"}],"wp:featuredmedia":[{"embeddable":true,"href":"https:\/\/pararepublique.com\/index.php\/wp-json\/wp\/v2\/media\/12689"}],"wp:attachment":[{"href":"https:\/\/pararepublique.com\/index.php\/wp-json\/wp\/v2\/media?parent=12688"}],"wp:term":[{"taxonomy":"product_cat","embeddable":true,"href":"https:\/\/pararepublique.com\/index.php\/wp-json\/wp\/v2\/product_cat?post=12688"},{"taxonomy":"product_tag","embeddable":true,"href":"https:\/\/pararepublique.com\/index.php\/wp-json\/wp\/v2\/product_tag?post=12688"}],"curies":[{"name":"wp","href":"https:\/\/api.w.org\/{rel}","templated":true}]}}