{"id":12695,"date":"2024-10-11T11:26:45","date_gmt":"2024-10-11T11:26:45","guid":{"rendered":"https:\/\/pararepublique.com\/?post_type=product&#038;p=12695"},"modified":"2024-10-11T11:26:46","modified_gmt":"2024-10-11T11:26:46","slug":"topicreme-ac-eau-micellaire-purifiant-200ml","status":"publish","type":"product","link":"https:\/\/pararepublique.com\/index.php\/product\/topicreme-ac-eau-micellaire-purifiant-200ml\/","title":{"rendered":"TOPICREME AC EAU MICELLAIRE PURIFIANT 200ML"},"content":{"rendered":"<p>Le <strong>TOPICREM AC Eau Micellaire Purifiante<\/strong> est un nettoyant doux sp\u00e9cialement con\u00e7u pour les peaux mixtes \u00e0 grasses et sujettes aux imperfections. Sa formule enrichie en micelles capture et \u00e9limine efficacement les impuret\u00e9s, l&rsquo;exc\u00e8s de s\u00e9bum et le maquillage, tout en respectant l&rsquo;\u00e9quilibre naturel de la peau.<\/p>\n<p><strong>Caract\u00e9ristiques<\/strong> :<\/p>\n<ul>\n<li><strong>Nettoie et d\u00e9maquille<\/strong> : \u00c9limine en douceur le maquillage, les impuret\u00e9s et l&rsquo;exc\u00e8s de s\u00e9bum en un seul geste.<\/li>\n<li><strong>Purifie et apaise<\/strong> : Aide \u00e0 r\u00e9duire les imperfections et laisse la peau fra\u00eeche et propre.<\/li>\n<li><strong>Sans rin\u00e7age<\/strong> : Formule sans savon, respectueuse du pH de la peau.<\/li>\n<\/ul>\n<p><strong>B\u00e9n\u00e9fices<\/strong> :<\/p>\n<ul>\n<li>Convient aux peaux sensibles et grasses<\/li>\n<li>Laisse la peau nette, fra\u00eeche et matifi\u00e9e<\/li>\n<li>Test\u00e9 sous contr\u00f4le dermatologique pour une tol\u00e9rance optimale<\/li>\n<\/ul>\n<p><strong>Conseils d&rsquo;utilisation<\/strong> :<\/p>\n<ul>\n<li>Imbibez un coton d&rsquo;eau micellaire et passez-le d\u00e9licatement sur le visage, les yeux et le cou.<\/li>\n<li>R\u00e9p\u00e9tez jusqu&rsquo;\u00e0 ce que le coton soit propre. Ne n\u00e9cessite pas de rin\u00e7age.<\/li>\n<li>Utilisez matin et soir pour une peau purifi\u00e9e et \u00e9quilibr\u00e9e.<\/li>\n<\/ul>\n<p>Avec le <strong>TOPICREM AC Eau Micellaire Purifiante 200ML<\/strong>, offrez \u00e0 votre peau un nettoyage efficace et respectueux pour une sensation de puret\u00e9 et de fra\u00eecheur au quotidien.<\/p>\n","protected":false},"excerpt":{"rendered":"<p>Le <strong>TOPICREM AC Eau Micellaire Purifiante<\/strong> est un nettoyant doux sp\u00e9cialement con\u00e7u pour les peaux mixtes \u00e0 grasses et sujettes aux imperfections. Sa formule enrichie en micelles capture et \u00e9limine efficacement les impuret\u00e9s, l&rsquo;exc\u00e8s de s\u00e9bum et le maquillage, tout en respectant l&rsquo;\u00e9quilibre naturel de la peau.<\/p>\n","protected":false},"featured_media":12696,"comment_status":"open","ping_status":"closed","template":"","meta":{"inline_featured_image":false,"_monsterinsights_skip_tracking":false,"_monsterinsights_sitenote_active":false,"_monsterinsights_sitenote_note":"","_monsterinsights_sitenote_category":0,"_joinchat":[]},"product_cat":[178],"product_tag":[],"class_list":{"0":"post-12695","1":"product","2":"type-product","3":"status-publish","4":"has-post-thumbnail","6":"product_cat-topicrem","8":"first","9":"instock","10":"shipping-taxable","11":"purchasable","12":"product-type-simple","13":"add-to-wishlist-after_add_to_cart"},"aioseo_notices":[],"_links":{"self":[{"href":"https:\/\/pararepublique.com\/index.php\/wp-json\/wp\/v2\/product\/12695","targetHints":{"allow":["GET"]}}],"collection":[{"href":"https:\/\/pararepublique.com\/index.php\/wp-json\/wp\/v2\/product"}],"about":[{"href":"https:\/\/pararepublique.com\/index.php\/wp-json\/wp\/v2\/types\/product"}],"replies":[{"embeddable":true,"href":"https:\/\/pararepublique.com\/index.php\/wp-json\/wp\/v2\/comments?post=12695"}],"version-history":[{"count":1,"href":"https:\/\/pararepublique.com\/index.php\/wp-json\/wp\/v2\/product\/12695\/revisions"}],"predecessor-version":[{"id":12697,"href":"https:\/\/pararepublique.com\/index.php\/wp-json\/wp\/v2\/product\/12695\/revisions\/12697"}],"wp:featuredmedia":[{"embeddable":true,"href":"https:\/\/pararepublique.com\/index.php\/wp-json\/wp\/v2\/media\/12696"}],"wp:attachment":[{"href":"https:\/\/pararepublique.com\/index.php\/wp-json\/wp\/v2\/media?parent=12695"}],"wp:term":[{"taxonomy":"product_cat","embeddable":true,"href":"https:\/\/pararepublique.com\/index.php\/wp-json\/wp\/v2\/product_cat?post=12695"},{"taxonomy":"product_tag","embeddable":true,"href":"https:\/\/pararepublique.com\/index.php\/wp-json\/wp\/v2\/product_tag?post=12695"}],"curies":[{"name":"wp","href":"https:\/\/api.w.org\/{rel}","templated":true}]}}