{"id":12698,"date":"2024-10-11T11:30:12","date_gmt":"2024-10-11T11:30:12","guid":{"rendered":"https:\/\/pararepublique.com\/?post_type=product&#038;p=12698"},"modified":"2024-10-11T11:30:12","modified_gmt":"2024-10-11T11:30:12","slug":"topicreme-ac-gel-nettoyant-purifiant-200ml","status":"publish","type":"product","link":"https:\/\/pararepublique.com\/index.php\/product\/topicreme-ac-gel-nettoyant-purifiant-200ml\/","title":{"rendered":"TOPICREME AC GEL NETTOYANT PURIFIANT 200ML"},"content":{"rendered":"<p>Le <strong>TOPICREM AC Gel Nettoyant Purifiant<\/strong> est sp\u00e9cialement formul\u00e9 pour les peaux mixtes \u00e0 grasses, sujettes aux imperfections. Ce gel nettoyant \u00e9limine en douceur les impuret\u00e9s et l&rsquo;exc\u00e8s de s\u00e9bum, laissant la peau nette, fra\u00eeche et purifi\u00e9e, sans la dess\u00e9cher.<\/p>\n<p><strong>Caract\u00e9ristiques<\/strong> :<\/p>\n<ul>\n<li><strong>Nettoyage en profondeur<\/strong> : \u00c9limine efficacement les impuret\u00e9s et l&rsquo;exc\u00e8s de s\u00e9bum, tout en respectant l&rsquo;\u00e9quilibre naturel de la peau.<\/li>\n<li><strong>Action purifiante<\/strong> : Aide \u00e0 r\u00e9duire les imperfections et les brillances pour un teint matifi\u00e9.<\/li>\n<li><strong>Formule douce<\/strong> : Sans savon, pH physiologique, non com\u00e9dog\u00e8ne et test\u00e9 sous contr\u00f4le dermatologique.<\/li>\n<\/ul>\n<p><strong>B\u00e9n\u00e9fices<\/strong> :<\/p>\n<ul>\n<li>Laisse la peau propre, fra\u00eeche et apais\u00e9e<\/li>\n<li>Convient aux peaux sensibles et sujettes aux imperfections<\/li>\n<li>Pr\u00e9pare la peau \u00e0 recevoir les soins suivants, sans la dess\u00e9cher<\/li>\n<\/ul>\n<p><strong>Conseils d&rsquo;utilisation<\/strong> :<\/p>\n<ul>\n<li>Appliquez matin et soir sur une peau humide, en massant d\u00e9licatement le visage jusqu&rsquo;\u00e0 l&rsquo;obtention d&rsquo;une mousse l\u00e9g\u00e8re.<\/li>\n<li>Rincez abondamment \u00e0 l&rsquo;eau ti\u00e8de.<\/li>\n<li>\u00c9vitez le contact avec les yeux.<\/li>\n<\/ul>\n<p>Optez pour le <strong>TOPICREM AC Gel Nettoyant Purifiant 200ML<\/strong> pour un nettoyage quotidien doux et efficace, qui laisse votre peau fra\u00eeche, purifi\u00e9e et pr\u00eate \u00e0 recevoir les soins adapt\u00e9s.<\/p>\n","protected":false},"excerpt":{"rendered":"<p>Le <strong>TOPICREM AC Gel Nettoyant Purifiant<\/strong> est sp\u00e9cialement formul\u00e9 pour les peaux mixtes \u00e0 grasses, sujettes aux imperfections. Ce gel nettoyant \u00e9limine en douceur les impuret\u00e9s et l&rsquo;exc\u00e8s de s\u00e9bum, laissant la peau nette, fra\u00eeche et purifi\u00e9e, sans la dess\u00e9cher.<\/p>\n","protected":false},"featured_media":12699,"comment_status":"open","ping_status":"closed","template":"","meta":{"inline_featured_image":false,"_monsterinsights_skip_tracking":false,"_monsterinsights_sitenote_active":false,"_monsterinsights_sitenote_note":"","_monsterinsights_sitenote_category":0,"_joinchat":[]},"product_cat":[178],"product_tag":[],"class_list":{"0":"post-12698","1":"product","2":"type-product","3":"status-publish","4":"has-post-thumbnail","6":"product_cat-topicrem","8":"first","9":"instock","10":"shipping-taxable","11":"purchasable","12":"product-type-simple","13":"add-to-wishlist-after_add_to_cart"},"aioseo_notices":[],"_links":{"self":[{"href":"https:\/\/pararepublique.com\/index.php\/wp-json\/wp\/v2\/product\/12698","targetHints":{"allow":["GET"]}}],"collection":[{"href":"https:\/\/pararepublique.com\/index.php\/wp-json\/wp\/v2\/product"}],"about":[{"href":"https:\/\/pararepublique.com\/index.php\/wp-json\/wp\/v2\/types\/product"}],"replies":[{"embeddable":true,"href":"https:\/\/pararepublique.com\/index.php\/wp-json\/wp\/v2\/comments?post=12698"}],"version-history":[{"count":1,"href":"https:\/\/pararepublique.com\/index.php\/wp-json\/wp\/v2\/product\/12698\/revisions"}],"predecessor-version":[{"id":12700,"href":"https:\/\/pararepublique.com\/index.php\/wp-json\/wp\/v2\/product\/12698\/revisions\/12700"}],"wp:featuredmedia":[{"embeddable":true,"href":"https:\/\/pararepublique.com\/index.php\/wp-json\/wp\/v2\/media\/12699"}],"wp:attachment":[{"href":"https:\/\/pararepublique.com\/index.php\/wp-json\/wp\/v2\/media?parent=12698"}],"wp:term":[{"taxonomy":"product_cat","embeddable":true,"href":"https:\/\/pararepublique.com\/index.php\/wp-json\/wp\/v2\/product_cat?post=12698"},{"taxonomy":"product_tag","embeddable":true,"href":"https:\/\/pararepublique.com\/index.php\/wp-json\/wp\/v2\/product_tag?post=12698"}],"curies":[{"name":"wp","href":"https:\/\/api.w.org\/{rel}","templated":true}]}}