{"id":12712,"date":"2024-10-11T11:41:28","date_gmt":"2024-10-11T11:41:28","guid":{"rendered":"https:\/\/pararepublique.com\/?post_type=product&#038;p=12712"},"modified":"2024-10-11T11:41:29","modified_gmt":"2024-10-11T11:41:29","slug":"topicreme-anti-age-fluide","status":"publish","type":"product","link":"https:\/\/pararepublique.com\/index.php\/product\/topicreme-anti-age-fluide\/","title":{"rendered":"TOPICREME ANTI AGE FLUIDE"},"content":{"rendered":"<p>Le <strong>TOPICREM Anti-\u00c2ge Fluide<\/strong> est un soin l\u00e9ger et puissant formul\u00e9 pour combattre les signes visibles du vieillissement cutan\u00e9. Sa texture fluide et l\u00e9g\u00e8re p\u00e9n\u00e8tre rapidement, laissant la peau lisse, hydrat\u00e9e et revitalis\u00e9e, tout en aidant \u00e0 r\u00e9duire l&rsquo;apparence des rides et des ridules.<\/p>\n<p><strong>Caract\u00e9ristiques<\/strong> :<\/p>\n<ul>\n<li><strong>Action anti-\u00e2ge<\/strong> : Lutte contre les rides et les ridules tout en raffermissant la peau.<\/li>\n<li><strong>Hydratation intense<\/strong> : Offre une hydratation longue dur\u00e9e pour une peau souple et douce.<\/li>\n<li><strong>Texture fluide<\/strong> : L\u00e9ger et non gras, id\u00e9al pour tous les types de peaux, m\u00eame les peaux sensibles.<\/li>\n<\/ul>\n<p><strong>B\u00e9n\u00e9fices<\/strong> :<\/p>\n<ul>\n<li>R\u00e9duit visiblement les signes du vieillissement<\/li>\n<li>Raffermit et lisse la peau pour un teint rajeuni<\/li>\n<li>Laisse la peau douce, \u00e9clatante et pleine de vitalit\u00e9<\/li>\n<\/ul>\n<p><strong>Conseils d&rsquo;utilisation<\/strong> :<\/p>\n<ul>\n<li>Appliquez matin et\/ou soir sur une peau propre et s\u00e8che, sur le visage et le cou.<\/li>\n<li>Massez d\u00e9licatement en effectuant des mouvements circulaires pour favoriser l&rsquo;absorption.<\/li>\n<li>Pour des r\u00e9sultats optimaux, utilisez-le en compl\u00e9ment d&rsquo;autres soins anti-\u00e2ge de la gamme Topicrem.<\/li>\n<\/ul>\n<p>Le <strong>TOPICREM Anti-\u00c2ge Fluide<\/strong> est le soin id\u00e9al pour une peau visiblement plus jeune, \u00e9clatante et hydrat\u00e9e, au quotidien.<\/p>\n","protected":false},"excerpt":{"rendered":"<p>Le <strong>TOPICREM Anti-\u00c2ge Fluide<\/strong> est un soin l\u00e9ger et puissant formul\u00e9 pour combattre les signes visibles du vieillissement cutan\u00e9. Sa texture fluide et l\u00e9g\u00e8re p\u00e9n\u00e8tre rapidement, laissant la peau lisse, hydrat\u00e9e et revitalis\u00e9e, tout en aidant \u00e0 r\u00e9duire l&rsquo;apparence des rides et des ridules.<\/p>\n","protected":false},"featured_media":12713,"comment_status":"open","ping_status":"closed","template":"","meta":{"inline_featured_image":false,"_monsterinsights_skip_tracking":false,"_monsterinsights_sitenote_active":false,"_monsterinsights_sitenote_note":"","_monsterinsights_sitenote_category":0,"_joinchat":[]},"product_cat":[178],"product_tag":[],"class_list":{"0":"post-12712","1":"product","2":"type-product","3":"status-publish","4":"has-post-thumbnail","6":"product_cat-topicrem","8":"first","9":"instock","10":"shipping-taxable","11":"purchasable","12":"product-type-simple","13":"add-to-wishlist-after_add_to_cart"},"aioseo_notices":[],"_links":{"self":[{"href":"https:\/\/pararepublique.com\/index.php\/wp-json\/wp\/v2\/product\/12712","targetHints":{"allow":["GET"]}}],"collection":[{"href":"https:\/\/pararepublique.com\/index.php\/wp-json\/wp\/v2\/product"}],"about":[{"href":"https:\/\/pararepublique.com\/index.php\/wp-json\/wp\/v2\/types\/product"}],"replies":[{"embeddable":true,"href":"https:\/\/pararepublique.com\/index.php\/wp-json\/wp\/v2\/comments?post=12712"}],"version-history":[{"count":1,"href":"https:\/\/pararepublique.com\/index.php\/wp-json\/wp\/v2\/product\/12712\/revisions"}],"predecessor-version":[{"id":12714,"href":"https:\/\/pararepublique.com\/index.php\/wp-json\/wp\/v2\/product\/12712\/revisions\/12714"}],"wp:featuredmedia":[{"embeddable":true,"href":"https:\/\/pararepublique.com\/index.php\/wp-json\/wp\/v2\/media\/12713"}],"wp:attachment":[{"href":"https:\/\/pararepublique.com\/index.php\/wp-json\/wp\/v2\/media?parent=12712"}],"wp:term":[{"taxonomy":"product_cat","embeddable":true,"href":"https:\/\/pararepublique.com\/index.php\/wp-json\/wp\/v2\/product_cat?post=12712"},{"taxonomy":"product_tag","embeddable":true,"href":"https:\/\/pararepublique.com\/index.php\/wp-json\/wp\/v2\/product_tag?post=12712"}],"curies":[{"name":"wp","href":"https:\/\/api.w.org\/{rel}","templated":true}]}}