{"id":12727,"date":"2024-10-11T11:54:35","date_gmt":"2024-10-11T11:54:35","guid":{"rendered":"https:\/\/pararepublique.com\/?post_type=product&#038;p=12727"},"modified":"2024-10-11T11:54:35","modified_gmt":"2024-10-11T11:54:35","slug":"topicreme-cica-huile-concentre-100ml","status":"publish","type":"product","link":"https:\/\/pararepublique.com\/index.php\/product\/topicreme-cica-huile-concentre-100ml\/","title":{"rendered":"TOPICREME CICA HUILE CONCENTRE 100ML"},"content":{"rendered":"<p>La <strong>TOPICREM Cica Huile Concentr\u00e9e<\/strong> est un soin riche et nourrissant, sp\u00e9cialement formul\u00e9 pour aider \u00e0 r\u00e9parer et apaiser les peaux ab\u00eem\u00e9es, s\u00e8ches ou sujettes \u00e0 des irritations. Sa texture huileuse unique p\u00e9n\u00e8tre rapidement, offrant une hydratation intense tout en favorisant la r\u00e9g\u00e9n\u00e9ration de la peau.<\/p>\n<p><strong>Caract\u00e9ristiques<\/strong> :<\/p>\n<ul>\n<li><strong>Formule concentr\u00e9e<\/strong> : Enrichie en huiles naturelles et en actifs r\u00e9parateurs pour une efficacit\u00e9 optimale.<\/li>\n<li><strong>Texture l\u00e9g\u00e8re et non grasse<\/strong> : S&rsquo;absorbe facilement sans laisser de film gras, id\u00e9ale pour une utilisation quotidienne.<\/li>\n<li><strong>Hypoallerg\u00e9nique<\/strong> : Test\u00e9e dermatologiquement, cette huile convient \u00e0 tous les types de peau, m\u00eame les plus sensibles.<\/li>\n<\/ul>\n<p><strong>B\u00e9n\u00e9fices<\/strong> :<\/p>\n<ul>\n<li>R\u00e9pare et renforce la barri\u00e8re cutan\u00e9e, r\u00e9duisant les rougeurs et les sensations d&rsquo;inconfort.<\/li>\n<li>Nourrit en profondeur, apportant souplesse et douceur \u00e0 la peau.<\/li>\n<li>Apaise les irritations et favorise la cicatrisation des petites blessures et des cicatrices.<\/li>\n<\/ul>\n<p><strong>Conseils d&rsquo;utilisation<\/strong> :<\/p>\n<ul>\n<li>Appliquez quelques gouttes d&rsquo;huile sur les zones \u00e0 traiter, 1 \u00e0 2 fois par jour.<\/li>\n<li>Massez d\u00e9licatement jusqu&rsquo;\u00e0 absorption compl\u00e8te.<\/li>\n<li>Peut \u00eatre utilis\u00e9e sur le visage, le corps, ainsi que sur les zones particuli\u00e8rement s\u00e8ches.<\/li>\n<\/ul>\n<p>La <strong>TOPICREM Cica Huile Concentr\u00e9e 100ML<\/strong> est le soin parfait pour les peaux en qu\u00eate de r\u00e9paration et d&rsquo;hydratation. Offrez \u00e0 votre peau le luxe d&rsquo;une nutrition intense et d&rsquo;un confort durable !<\/p>\n","protected":false},"excerpt":{"rendered":"<p>La <strong>TOPICREM Cica Huile Concentr\u00e9e<\/strong> est un soin riche et nourrissant, sp\u00e9cialement formul\u00e9 pour aider \u00e0 r\u00e9parer et apaiser les peaux ab\u00eem\u00e9es, s\u00e8ches ou sujettes \u00e0 des irritations. Sa texture huileuse unique p\u00e9n\u00e8tre rapidement, offrant une hydratation intense tout en favorisant la r\u00e9g\u00e9n\u00e9ration de la peau.<\/p>\n<p>&nbsp;<\/p>\n","protected":false},"featured_media":12728,"comment_status":"open","ping_status":"closed","template":"","meta":{"inline_featured_image":false,"_monsterinsights_skip_tracking":false,"_monsterinsights_sitenote_active":false,"_monsterinsights_sitenote_note":"","_monsterinsights_sitenote_category":0,"_joinchat":[]},"product_cat":[178],"product_tag":[],"class_list":{"0":"post-12727","1":"product","2":"type-product","3":"status-publish","4":"has-post-thumbnail","6":"product_cat-topicrem","8":"first","9":"instock","10":"shipping-taxable","11":"purchasable","12":"product-type-simple","13":"add-to-wishlist-after_add_to_cart"},"aioseo_notices":[],"_links":{"self":[{"href":"https:\/\/pararepublique.com\/index.php\/wp-json\/wp\/v2\/product\/12727","targetHints":{"allow":["GET"]}}],"collection":[{"href":"https:\/\/pararepublique.com\/index.php\/wp-json\/wp\/v2\/product"}],"about":[{"href":"https:\/\/pararepublique.com\/index.php\/wp-json\/wp\/v2\/types\/product"}],"replies":[{"embeddable":true,"href":"https:\/\/pararepublique.com\/index.php\/wp-json\/wp\/v2\/comments?post=12727"}],"version-history":[{"count":1,"href":"https:\/\/pararepublique.com\/index.php\/wp-json\/wp\/v2\/product\/12727\/revisions"}],"predecessor-version":[{"id":12729,"href":"https:\/\/pararepublique.com\/index.php\/wp-json\/wp\/v2\/product\/12727\/revisions\/12729"}],"wp:featuredmedia":[{"embeddable":true,"href":"https:\/\/pararepublique.com\/index.php\/wp-json\/wp\/v2\/media\/12728"}],"wp:attachment":[{"href":"https:\/\/pararepublique.com\/index.php\/wp-json\/wp\/v2\/media?parent=12727"}],"wp:term":[{"taxonomy":"product_cat","embeddable":true,"href":"https:\/\/pararepublique.com\/index.php\/wp-json\/wp\/v2\/product_cat?post=12727"},{"taxonomy":"product_tag","embeddable":true,"href":"https:\/\/pararepublique.com\/index.php\/wp-json\/wp\/v2\/product_tag?post=12727"}],"curies":[{"name":"wp","href":"https:\/\/api.w.org\/{rel}","templated":true}]}}