{"id":12772,"date":"2024-10-11T12:58:44","date_gmt":"2024-10-11T12:58:44","guid":{"rendered":"https:\/\/pararepublique.com\/?post_type=product&#038;p=12772"},"modified":"2024-10-11T12:58:44","modified_gmt":"2024-10-11T12:58:44","slug":"topicreme-eau-micellaire-nett-200ml","status":"publish","type":"product","link":"https:\/\/pararepublique.com\/index.php\/product\/topicreme-eau-micellaire-nett-200ml\/","title":{"rendered":"TOPICREME EAU MICELLAIRE NETT 200ML"},"content":{"rendered":"<p>D\u00e9couvrez l&rsquo;<strong>Eau Micellaire Nettoyante TOPICREM<\/strong>, un soin doux et efficace pour un nettoyage parfait de votre peau. Formul\u00e9e pour \u00e9liminer les impuret\u00e9s et le maquillage en un seul geste, cette eau micellaire est id\u00e9ale pour les peaux sensibles et r\u00e9actives.<\/p>\n<h3><strong>Caract\u00e9ristiques :<\/strong><\/h3>\n<ul>\n<li><strong>Formule douce<\/strong> : Enrichie en agents apaisants, elle respecte l\u2019\u00e9quilibre naturel de la peau tout en nettoyant en profondeur.<\/li>\n<li><strong>Efficacit\u00e9 3 en 1<\/strong> : Nettoie, d\u00e9maquille et apaise, pour une peau fra\u00eeche et purifi\u00e9e.<\/li>\n<li><strong>Sans rin\u00e7age<\/strong> : Pratique et rapide, elle s\u2019utilise sans eau, parfaite pour un usage quotidien.<\/li>\n<\/ul>\n<h3><strong>B\u00e9n\u00e9fices :<\/strong><\/h3>\n<ul>\n<li><strong>Peau nettoy\u00e9e en douceur<\/strong> : \u00c9limine efficacement le maquillage et les impuret\u00e9s sans agresser la peau.<\/li>\n<li><strong>Apaisement imm\u00e9diat<\/strong> : Gr\u00e2ce \u00e0 sa formule douce, elle calme les sensations d&rsquo;inconfort et de tiraillement.<\/li>\n<li><strong>Convient \u00e0 tous les types de peau<\/strong> : Id\u00e9ale pour les peaux sensibles, s\u00e8ches ou mixtes.<\/li>\n<\/ul>\n<h3><strong>Conseils d&rsquo;utilisation :<\/strong><\/h3>\n<ol>\n<li>Imbibez un disque de coton avec l&rsquo;eau micellaire.<\/li>\n<li>Passez d\u00e9licatement sur le visage, les yeux et le cou.<\/li>\n<li>R\u00e9p\u00e9tez l\u2019op\u00e9ration jusqu\u2019\u00e0 ce que le disque de coton soit propre.<\/li>\n<li>Inutile de rincer.<\/li>\n<\/ol>\n<p>L&rsquo;<strong>Eau Micellaire Nettoyante TOPICREM 200ML<\/strong> est le choix parfait pour celles et ceux qui recherchent une solution pratique et efficace pour un nettoyage doux et respectueux de leur peau. Adoptez ce geste de beaut\u00e9 incontournable pour un teint frais et \u00e9clatant au quotidien !<\/p>\n","protected":false},"excerpt":{"rendered":"<p>D\u00e9couvrez l&rsquo;<strong>Eau Micellaire Nettoyante TOPICREM<\/strong>, un soin doux et efficace pour un nettoyage parfait de votre peau. Formul\u00e9e pour \u00e9liminer les impuret\u00e9s et le maquillage en un seul geste, cette eau micellaire est id\u00e9ale pour les peaux sensibles et r\u00e9actives.<\/p>\n<h3><\/h3>\n","protected":false},"featured_media":12773,"comment_status":"open","ping_status":"closed","template":"","meta":{"inline_featured_image":false,"_monsterinsights_skip_tracking":false,"_monsterinsights_sitenote_active":false,"_monsterinsights_sitenote_note":"","_monsterinsights_sitenote_category":0,"_joinchat":[]},"product_cat":[178],"product_tag":[],"class_list":{"0":"post-12772","1":"product","2":"type-product","3":"status-publish","4":"has-post-thumbnail","6":"product_cat-topicrem","8":"first","9":"instock","10":"shipping-taxable","11":"purchasable","12":"product-type-simple","13":"add-to-wishlist-after_add_to_cart"},"aioseo_notices":[],"_links":{"self":[{"href":"https:\/\/pararepublique.com\/index.php\/wp-json\/wp\/v2\/product\/12772","targetHints":{"allow":["GET"]}}],"collection":[{"href":"https:\/\/pararepublique.com\/index.php\/wp-json\/wp\/v2\/product"}],"about":[{"href":"https:\/\/pararepublique.com\/index.php\/wp-json\/wp\/v2\/types\/product"}],"replies":[{"embeddable":true,"href":"https:\/\/pararepublique.com\/index.php\/wp-json\/wp\/v2\/comments?post=12772"}],"version-history":[{"count":1,"href":"https:\/\/pararepublique.com\/index.php\/wp-json\/wp\/v2\/product\/12772\/revisions"}],"predecessor-version":[{"id":12774,"href":"https:\/\/pararepublique.com\/index.php\/wp-json\/wp\/v2\/product\/12772\/revisions\/12774"}],"wp:featuredmedia":[{"embeddable":true,"href":"https:\/\/pararepublique.com\/index.php\/wp-json\/wp\/v2\/media\/12773"}],"wp:attachment":[{"href":"https:\/\/pararepublique.com\/index.php\/wp-json\/wp\/v2\/media?parent=12772"}],"wp:term":[{"taxonomy":"product_cat","embeddable":true,"href":"https:\/\/pararepublique.com\/index.php\/wp-json\/wp\/v2\/product_cat?post=12772"},{"taxonomy":"product_tag","embeddable":true,"href":"https:\/\/pararepublique.com\/index.php\/wp-json\/wp\/v2\/product_tag?post=12772"}],"curies":[{"name":"wp","href":"https:\/\/api.w.org\/{rel}","templated":true}]}}