{"id":12794,"date":"2024-10-14T11:26:01","date_gmt":"2024-10-14T11:26:01","guid":{"rendered":"https:\/\/pararepublique.com\/?post_type=product&#038;p=12794"},"modified":"2024-10-14T11:26:01","modified_gmt":"2024-10-14T11:26:01","slug":"topicreme-gel-nett-douche-corps-500ml","status":"publish","type":"product","link":"https:\/\/pararepublique.com\/index.php\/product\/topicreme-gel-nett-douche-corps-500ml\/","title":{"rendered":"TOPICREME GEL NETT DOUCHE CORPS 500ML"},"content":{"rendered":"<p>Le <strong>Gel Nettoyant Douche Corps<\/strong> de <strong>TOPICREM<\/strong> est un soin lavant doux, sp\u00e9cialement formul\u00e9 pour nettoyer efficacement tout en respectant les peaux sensibles et s\u00e8ches. Sa texture agr\u00e9able et sa mousse l\u00e9g\u00e8re procurent une sensation de fra\u00eecheur et de confort \u00e0 chaque utilisation. Id\u00e9al pour une utilisation quotidienne, ce gel douche aide \u00e0 pr\u00e9server l\u2019hydratation naturelle de la peau et convient \u00e0 toute la famille.<\/p>\n<p><strong>Caract\u00e9ristiques :<\/strong><\/p>\n<ul>\n<li><strong>Nettoyage en douceur<\/strong> : Respecte le film hydrolipidique de la peau.<\/li>\n<li><strong>Formulation sans savon<\/strong> : Ne dess\u00e8che pas la peau et pr\u00e9vient les irritations.<\/li>\n<li><strong>Sans paraben et sans colorant<\/strong> : Parfait pour les peaux sensibles.<\/li>\n<li><strong>Convient \u00e0 toute la famille<\/strong> : Enfants, adultes et personnes \u00e0 la peau s\u00e8che ou r\u00e9active.<\/li>\n<li><strong>Test\u00e9 sous contr\u00f4le dermatologique<\/strong> pour garantir une tol\u00e9rance maximale.<\/li>\n<li>Format \u00e9conomique : <strong>Flacon pompe de 500 ml<\/strong>, id\u00e9al pour une utilisation quotidienne.<\/li>\n<\/ul>\n<p><strong>Conseils d\u2019utilisation :<\/strong><br \/>\nAppliquer sur peau mouill\u00e9e sous la douche. Faire mousser d\u00e9licatement puis rincer abondamment. Peut \u00eatre utilis\u00e9 quotidiennement sur le corps.<\/p>\n<p><strong>Avantages :<\/strong><\/p>\n<ul>\n<li><strong>Texture onctueuse et mousse l\u00e9g\u00e8re<\/strong> : Pour un moment de bien-\u00eatre \u00e0 chaque douche.<\/li>\n<li><strong>Respecte et hydrate<\/strong> : Pr\u00e9vient le dess\u00e8chement cutan\u00e9.<\/li>\n<li><strong>Pratique<\/strong> : Le flacon pompe permet un dosage pr\u00e9cis et une utilisation facile.<\/li>\n<li><strong>Parfum doux et hypoallerg\u00e9nique<\/strong> : Laisse une sensation de fra\u00eecheur.<\/li>\n<\/ul>\n","protected":false},"excerpt":{"rendered":"<p>e <strong>Gel Nettoyant Douche Corps<\/strong> de <strong>TOPICREM<\/strong> est un soin lavant doux, sp\u00e9cialement formul\u00e9 pour nettoyer efficacement tout en respectant les peaux sensibles et s\u00e8ches. Sa texture agr\u00e9able et sa mousse l\u00e9g\u00e8re procurent une sensation de fra\u00eecheur et de confort \u00e0 chaque utilisation. Id\u00e9al pour une utilisation quotidienne, ce gel douche aide \u00e0 pr\u00e9server l\u2019hydratation naturelle de la peau et convient \u00e0 toute la famille.<\/p>\n","protected":false},"featured_media":12795,"comment_status":"open","ping_status":"closed","template":"","meta":{"inline_featured_image":false,"_monsterinsights_skip_tracking":false,"_monsterinsights_sitenote_active":false,"_monsterinsights_sitenote_note":"","_monsterinsights_sitenote_category":0,"_joinchat":[]},"product_cat":[178],"product_tag":[],"class_list":{"0":"post-12794","1":"product","2":"type-product","3":"status-publish","4":"has-post-thumbnail","6":"product_cat-topicrem","8":"first","9":"instock","10":"shipping-taxable","11":"purchasable","12":"product-type-simple","13":"add-to-wishlist-after_add_to_cart"},"aioseo_notices":[],"_links":{"self":[{"href":"https:\/\/pararepublique.com\/index.php\/wp-json\/wp\/v2\/product\/12794","targetHints":{"allow":["GET"]}}],"collection":[{"href":"https:\/\/pararepublique.com\/index.php\/wp-json\/wp\/v2\/product"}],"about":[{"href":"https:\/\/pararepublique.com\/index.php\/wp-json\/wp\/v2\/types\/product"}],"replies":[{"embeddable":true,"href":"https:\/\/pararepublique.com\/index.php\/wp-json\/wp\/v2\/comments?post=12794"}],"version-history":[{"count":2,"href":"https:\/\/pararepublique.com\/index.php\/wp-json\/wp\/v2\/product\/12794\/revisions"}],"predecessor-version":[{"id":12797,"href":"https:\/\/pararepublique.com\/index.php\/wp-json\/wp\/v2\/product\/12794\/revisions\/12797"}],"wp:featuredmedia":[{"embeddable":true,"href":"https:\/\/pararepublique.com\/index.php\/wp-json\/wp\/v2\/media\/12795"}],"wp:attachment":[{"href":"https:\/\/pararepublique.com\/index.php\/wp-json\/wp\/v2\/media?parent=12794"}],"wp:term":[{"taxonomy":"product_cat","embeddable":true,"href":"https:\/\/pararepublique.com\/index.php\/wp-json\/wp\/v2\/product_cat?post=12794"},{"taxonomy":"product_tag","embeddable":true,"href":"https:\/\/pararepublique.com\/index.php\/wp-json\/wp\/v2\/product_tag?post=12794"}],"curies":[{"name":"wp","href":"https:\/\/api.w.org\/{rel}","templated":true}]}}