{"id":12823,"date":"2024-10-14T12:52:50","date_gmt":"2024-10-14T12:52:50","guid":{"rendered":"https:\/\/pararepublique.com\/?post_type=product&#038;p=12823"},"modified":"2024-10-14T12:52:50","modified_gmt":"2024-10-14T12:52:50","slug":"topicreme-lait-emuls-hydr-500ml","status":"publish","type":"product","link":"https:\/\/pararepublique.com\/index.php\/product\/topicreme-lait-emuls-hydr-500ml\/","title":{"rendered":"TOPICREME LAIT EMULS HYDR 500ML"},"content":{"rendered":"<p>Le <strong>Lait \u00c9mulsion Hydratante de TOPICREM<\/strong> est con\u00e7u pour <strong>hydrater, nourrir et apaiser<\/strong> les peaux s\u00e8ches et sensibles. Gr\u00e2ce \u00e0 sa texture fluide et l\u00e9g\u00e8re, ce lait p\u00e9n\u00e8tre rapidement sans laisser de film gras. Il aide \u00e0 restaurer la barri\u00e8re cutan\u00e9e tout en procurant un confort imm\u00e9diat et durable. Ce produit est adapt\u00e9 pour un usage quotidien par toute la famille.<\/p>\n<hr \/>\n<h3><strong>Caract\u00e9ristiques :<\/strong><\/h3>\n<ul>\n<li><strong>Hydratation intense et longue dur\u00e9e<\/strong> pendant 24 heures.<\/li>\n<li>Formul\u00e9 avec de la <strong>glyc\u00e9rine<\/strong> pour adoucir et maintenir l\u2019hydratation naturelle de la peau.<\/li>\n<li><strong>Sans paraben, sans colorant<\/strong>, test\u00e9 sous contr\u00f4le dermatologique.<\/li>\n<li><strong>Convient \u00e0 toute la famille<\/strong> : Nourrissons, enfants et adultes.<\/li>\n<li><strong>Texture fluide et non grasse<\/strong>, id\u00e9ale pour une application rapide apr\u00e8s la douche.<\/li>\n<\/ul>\n<hr \/>\n<h3><strong>Conseils d\u2019utilisation :<\/strong><\/h3>\n<ul>\n<li>Appliquer matin et\/ou soir sur une peau propre et s\u00e8che.<\/li>\n<li>Masser d\u00e9licatement jusqu&rsquo;\u00e0 absorption compl\u00e8te.<\/li>\n<li>Peut \u00eatre utilis\u00e9 sur le visage et le corps.<\/li>\n<\/ul>\n","protected":false},"excerpt":{"rendered":"<p>Le <strong>Lait \u00c9mulsion Hydratante de TOPICREM<\/strong> est con\u00e7u pour <strong>hydrater, nourrir et apaiser<\/strong> les peaux s\u00e8ches et sensibles. Gr\u00e2ce \u00e0 sa texture fluide et l\u00e9g\u00e8re, ce lait p\u00e9n\u00e8tre rapidement sans laisser de film gras. Il aide \u00e0 restaurer la barri\u00e8re cutan\u00e9e tout en procurant un confort imm\u00e9diat et durable. Ce produit est adapt\u00e9 pour un usage quotidien par toute la famille.<\/p>\n","protected":false},"featured_media":12824,"comment_status":"open","ping_status":"closed","template":"","meta":{"inline_featured_image":false,"_monsterinsights_skip_tracking":false,"_monsterinsights_sitenote_active":false,"_monsterinsights_sitenote_note":"","_monsterinsights_sitenote_category":0,"_joinchat":[]},"product_cat":[178],"product_tag":[],"class_list":{"0":"post-12823","1":"product","2":"type-product","3":"status-publish","4":"has-post-thumbnail","6":"product_cat-topicrem","8":"first","9":"instock","10":"shipping-taxable","11":"purchasable","12":"product-type-simple","13":"add-to-wishlist-after_add_to_cart"},"aioseo_notices":[],"_links":{"self":[{"href":"https:\/\/pararepublique.com\/index.php\/wp-json\/wp\/v2\/product\/12823","targetHints":{"allow":["GET"]}}],"collection":[{"href":"https:\/\/pararepublique.com\/index.php\/wp-json\/wp\/v2\/product"}],"about":[{"href":"https:\/\/pararepublique.com\/index.php\/wp-json\/wp\/v2\/types\/product"}],"replies":[{"embeddable":true,"href":"https:\/\/pararepublique.com\/index.php\/wp-json\/wp\/v2\/comments?post=12823"}],"version-history":[{"count":1,"href":"https:\/\/pararepublique.com\/index.php\/wp-json\/wp\/v2\/product\/12823\/revisions"}],"predecessor-version":[{"id":12825,"href":"https:\/\/pararepublique.com\/index.php\/wp-json\/wp\/v2\/product\/12823\/revisions\/12825"}],"wp:featuredmedia":[{"embeddable":true,"href":"https:\/\/pararepublique.com\/index.php\/wp-json\/wp\/v2\/media\/12824"}],"wp:attachment":[{"href":"https:\/\/pararepublique.com\/index.php\/wp-json\/wp\/v2\/media?parent=12823"}],"wp:term":[{"taxonomy":"product_cat","embeddable":true,"href":"https:\/\/pararepublique.com\/index.php\/wp-json\/wp\/v2\/product_cat?post=12823"},{"taxonomy":"product_tag","embeddable":true,"href":"https:\/\/pararepublique.com\/index.php\/wp-json\/wp\/v2\/product_tag?post=12823"}],"curies":[{"name":"wp","href":"https:\/\/api.w.org\/{rel}","templated":true}]}}