{"id":12835,"date":"2024-10-14T13:08:12","date_gmt":"2024-10-14T13:08:12","guid":{"rendered":"https:\/\/pararepublique.com\/?post_type=product&#038;p=12835"},"modified":"2024-10-14T13:08:13","modified_gmt":"2024-10-14T13:08:13","slug":"topicreme-mela-creme-nuit-anti-tache","status":"publish","type":"product","link":"https:\/\/pararepublique.com\/index.php\/product\/topicreme-mela-creme-nuit-anti-tache\/","title":{"rendered":"TOPICREME MELA CREME NUIT ANTI TACHE"},"content":{"rendered":"<p>La <strong>Cr\u00e8me Nuit Anti-Taches TOPICREM MELA<\/strong> est un soin \u00e9claircissant sp\u00e9cialement formul\u00e9 pour <strong>att\u00e9nuer les taches pigmentaires<\/strong> et uniformiser le teint. Elle agit efficacement pendant la nuit, p\u00e9riode o\u00f9 la r\u00e9g\u00e9n\u00e9ration cellulaire est optimale, pour estomper les taches brunes caus\u00e9es par le soleil, l\u2019acn\u00e9 ou le vieillissement. Sa formule associe des <strong>actifs d\u00e9pigmentants<\/strong> et hydratants pour redonner \u00e9clat et homog\u00e9n\u00e9it\u00e9 \u00e0 la peau.<\/p>\n<hr \/>\n<h3><strong>Caract\u00e9ristiques :<\/strong><\/h3>\n<ul>\n<li><strong>R\u00e9duit visiblement les taches pigmentaires<\/strong> avec une utilisation r\u00e9guli\u00e8re.<\/li>\n<li><strong>Uniformise et \u00e9claircit le teint<\/strong> gr\u00e2ce \u00e0 des actifs d\u00e9pigmentants doux.<\/li>\n<li><strong>Hydrate en profondeur<\/strong> et restaure le confort de la peau durant la nuit.<\/li>\n<li><strong>Test\u00e9 dermatologiquement<\/strong> : Convient aux peaux sensibles et ternes.<\/li>\n<li><strong>Sans paraben<\/strong> et formul\u00e9 pour minimiser les risques d\u2019allergies.<\/li>\n<\/ul>\n<hr \/>\n<h3><strong>Conseils d\u2019utilisation :<\/strong><\/h3>\n<ul>\n<li>Appliquer chaque soir sur une peau propre et s\u00e8che, en insistant sur les zones \u00e0 taches (visage, cou, mains).<\/li>\n<li>Masser d\u00e9licatement jusqu\u2019\u00e0 absorption compl\u00e8te.<\/li>\n<li>Pour de meilleurs r\u00e9sultats, utiliser en compl\u00e9ment d\u2019une <strong>protection solaire SPF<\/strong> durant la journ\u00e9e.<\/li>\n<\/ul>\n<hr \/>\n<h3><strong>Avantages :<\/strong><\/h3>\n<ul>\n<li><strong>Corrige efficacement<\/strong> les taches brunes et pr\u00e9vient leur r\u00e9apparition.<\/li>\n<li><strong>Lisse et hydrate<\/strong> la peau pour un teint \u00e9clatant au r\u00e9veil.<\/li>\n<li><strong>Convient \u00e0 tous types de peau<\/strong>, m\u00eame les plus sensibles.<\/li>\n<li><strong>R\u00e9g\u00e9n\u00e8re la peau pendant la nuit<\/strong> avec une texture douce et agr\u00e9able.<\/li>\n<\/ul>\n<hr \/>\n<h3><strong>Format :<\/strong><\/h3>\n<ul>\n<li><strong>Flacon de 40 ml<\/strong> : Pratique pour une utilisation quotidienne.<\/li>\n<\/ul>\n","protected":false},"excerpt":{"rendered":"<p>La <strong>Cr\u00e8me Nuit Anti-Taches TOPICREM MELA<\/strong> est un soin \u00e9claircissant sp\u00e9cialement formul\u00e9 pour <strong>att\u00e9nuer les taches pigmentaires<\/strong> et uniformiser le teint. Elle agit efficacement pendant la nuit, p\u00e9riode o\u00f9 la r\u00e9g\u00e9n\u00e9ration cellulaire est optimale, pour estomper les taches brunes caus\u00e9es par le soleil, l\u2019acn\u00e9 ou le vieillissement. Sa formule associe des <strong>actifs d\u00e9pigmentants<\/strong> et hydratants pour redonner \u00e9clat et homog\u00e9n\u00e9it\u00e9 \u00e0 la peau.<\/p>\n","protected":false},"featured_media":12836,"comment_status":"open","ping_status":"closed","template":"","meta":{"inline_featured_image":false,"_monsterinsights_skip_tracking":false,"_monsterinsights_sitenote_active":false,"_monsterinsights_sitenote_note":"","_monsterinsights_sitenote_category":0,"_joinchat":[]},"product_cat":[178],"product_tag":[],"class_list":{"0":"post-12835","1":"product","2":"type-product","3":"status-publish","4":"has-post-thumbnail","6":"product_cat-topicrem","8":"first","9":"instock","10":"shipping-taxable","11":"purchasable","12":"product-type-simple","13":"add-to-wishlist-after_add_to_cart"},"aioseo_notices":[],"_links":{"self":[{"href":"https:\/\/pararepublique.com\/index.php\/wp-json\/wp\/v2\/product\/12835","targetHints":{"allow":["GET"]}}],"collection":[{"href":"https:\/\/pararepublique.com\/index.php\/wp-json\/wp\/v2\/product"}],"about":[{"href":"https:\/\/pararepublique.com\/index.php\/wp-json\/wp\/v2\/types\/product"}],"replies":[{"embeddable":true,"href":"https:\/\/pararepublique.com\/index.php\/wp-json\/wp\/v2\/comments?post=12835"}],"version-history":[{"count":2,"href":"https:\/\/pararepublique.com\/index.php\/wp-json\/wp\/v2\/product\/12835\/revisions"}],"predecessor-version":[{"id":12838,"href":"https:\/\/pararepublique.com\/index.php\/wp-json\/wp\/v2\/product\/12835\/revisions\/12838"}],"wp:featuredmedia":[{"embeddable":true,"href":"https:\/\/pararepublique.com\/index.php\/wp-json\/wp\/v2\/media\/12836"}],"wp:attachment":[{"href":"https:\/\/pararepublique.com\/index.php\/wp-json\/wp\/v2\/media?parent=12835"}],"wp:term":[{"taxonomy":"product_cat","embeddable":true,"href":"https:\/\/pararepublique.com\/index.php\/wp-json\/wp\/v2\/product_cat?post=12835"},{"taxonomy":"product_tag","embeddable":true,"href":"https:\/\/pararepublique.com\/index.php\/wp-json\/wp\/v2\/product_tag?post=12835"}],"curies":[{"name":"wp","href":"https:\/\/api.w.org\/{rel}","templated":true}]}}