{"id":12852,"date":"2024-10-14T13:21:12","date_gmt":"2024-10-14T13:21:12","guid":{"rendered":"https:\/\/pararepublique.com\/?post_type=product&#038;p=12852"},"modified":"2024-10-14T13:21:12","modified_gmt":"2024-10-14T13:21:12","slug":"topicreme-mela-masque-anti-tache-eclat","status":"publish","type":"product","link":"https:\/\/pararepublique.com\/index.php\/product\/topicreme-mela-masque-anti-tache-eclat\/","title":{"rendered":"TOPICREME MELA MASQUE ANTI TACHE ECLAT"},"content":{"rendered":"<p>Le <strong>TOPICREM MELA Masque Anti-Taches \u00c9clat<\/strong> est un soin cibl\u00e9 con\u00e7u pour <strong>corriger les taches pigmentaires<\/strong> et <strong>unifier le teint<\/strong> tout en redonnant \u00e9clat et luminosit\u00e9 \u00e0 la peau. Sa formule innovante, enrichie en actifs d\u00e9pigmentants doux, agit en profondeur pour r\u00e9duire l\u2019apparence des taches brunes caus\u00e9es par le soleil, l\u2019acn\u00e9 ou le vieillissement. Ce masque offre \u00e9galement une hydratation intense, procurant confort et fra\u00eecheur \u00e0 la peau.<\/p>\n<hr \/>\n<h3><strong>Caract\u00e9ristiques :<\/strong><\/h3>\n<ul>\n<li><strong>R\u00e9duction des taches brunes<\/strong> et pr\u00e9vention de leur r\u00e9apparition.<\/li>\n<li><strong>Unifie et illumine le teint<\/strong>, pour une peau plus lumineuse.<\/li>\n<li><strong>Hydratation profonde<\/strong> : Maintient la souplesse et le confort de la peau.<\/li>\n<li><strong>Texture douce et onctueuse<\/strong> : Plaisante \u00e0 appliquer et adapt\u00e9e aux peaux sensibles.<\/li>\n<li><strong>Sans paraben et test\u00e9 dermatologiquement.<\/strong><\/li>\n<\/ul>\n<hr \/>\n<h3><strong>Conseils d\u2019utilisation :<\/strong><\/h3>\n<ul>\n<li>Appliquer une couche g\u00e9n\u00e9reuse sur le visage propre et sec.<\/li>\n<li>Laisser poser pendant <strong>10 \u00e0 15 minutes<\/strong>.<\/li>\n<li>Rincer abondamment \u00e0 l&rsquo;eau ti\u00e8de.<\/li>\n<li>Utiliser <strong>une \u00e0 deux fois par semaine<\/strong> pour des r\u00e9sultats optimaux.<\/li>\n<\/ul>\n<hr \/>\n<h3><strong>Avantages :<\/strong><\/h3>\n<ul>\n<li><strong>Estompe efficacement les taches<\/strong> d\u00e8s les premi\u00e8res utilisations.<\/li>\n<li><strong>Hydrate et apaise<\/strong> pour une peau plus douce et confortable.<\/li>\n<li><strong>R\u00e9veille l&rsquo;\u00e9clat naturel<\/strong> de la peau.<\/li>\n<li>Convient aux <strong>peaux ternes ou sujettes aux irr\u00e9gularit\u00e9s pigmentaires<\/strong>.<\/li>\n<\/ul>\n","protected":false},"excerpt":{"rendered":"<p>Le <strong>TOPICREM MELA Masque Anti-Taches \u00c9clat<\/strong> est un soin cibl\u00e9 con\u00e7u pour <strong>corriger les taches pigmentaires<\/strong> et <strong>unifier le teint<\/strong> tout en redonnant \u00e9clat et luminosit\u00e9 \u00e0 la peau. Sa formule innovante, enrichie en actifs d\u00e9pigmentants doux, agit en profondeur pour r\u00e9duire l\u2019apparence des taches brunes caus\u00e9es par le soleil, l\u2019acn\u00e9 ou le vieillissement. Ce masque offre \u00e9galement une hydratation intense, procurant confort et fra\u00eecheur \u00e0 la peau.<\/p>\n","protected":false},"featured_media":12853,"comment_status":"open","ping_status":"closed","template":"","meta":{"inline_featured_image":false,"_monsterinsights_skip_tracking":false,"_monsterinsights_sitenote_active":false,"_monsterinsights_sitenote_note":"","_monsterinsights_sitenote_category":0,"_joinchat":[]},"product_cat":[178],"product_tag":[],"class_list":{"0":"post-12852","1":"product","2":"type-product","3":"status-publish","4":"has-post-thumbnail","6":"product_cat-topicrem","8":"first","9":"instock","10":"shipping-taxable","11":"purchasable","12":"product-type-simple","13":"add-to-wishlist-after_add_to_cart"},"aioseo_notices":[],"_links":{"self":[{"href":"https:\/\/pararepublique.com\/index.php\/wp-json\/wp\/v2\/product\/12852","targetHints":{"allow":["GET"]}}],"collection":[{"href":"https:\/\/pararepublique.com\/index.php\/wp-json\/wp\/v2\/product"}],"about":[{"href":"https:\/\/pararepublique.com\/index.php\/wp-json\/wp\/v2\/types\/product"}],"replies":[{"embeddable":true,"href":"https:\/\/pararepublique.com\/index.php\/wp-json\/wp\/v2\/comments?post=12852"}],"version-history":[{"count":1,"href":"https:\/\/pararepublique.com\/index.php\/wp-json\/wp\/v2\/product\/12852\/revisions"}],"predecessor-version":[{"id":12854,"href":"https:\/\/pararepublique.com\/index.php\/wp-json\/wp\/v2\/product\/12852\/revisions\/12854"}],"wp:featuredmedia":[{"embeddable":true,"href":"https:\/\/pararepublique.com\/index.php\/wp-json\/wp\/v2\/media\/12853"}],"wp:attachment":[{"href":"https:\/\/pararepublique.com\/index.php\/wp-json\/wp\/v2\/media?parent=12852"}],"wp:term":[{"taxonomy":"product_cat","embeddable":true,"href":"https:\/\/pararepublique.com\/index.php\/wp-json\/wp\/v2\/product_cat?post=12852"},{"taxonomy":"product_tag","embeddable":true,"href":"https:\/\/pararepublique.com\/index.php\/wp-json\/wp\/v2\/product_tag?post=12852"}],"curies":[{"name":"wp","href":"https:\/\/api.w.org\/{rel}","templated":true}]}}