{"id":12862,"date":"2024-10-14T13:30:28","date_gmt":"2024-10-14T13:30:28","guid":{"rendered":"https:\/\/pararepublique.com\/?post_type=product&#038;p=12862"},"modified":"2024-10-14T13:30:29","modified_gmt":"2024-10-14T13:30:29","slug":"topicreme-mela-serum-anti-tache","status":"publish","type":"product","link":"https:\/\/pararepublique.com\/index.php\/product\/topicreme-mela-serum-anti-tache\/","title":{"rendered":"TOPICREME MELA SERUM ANTI TACHE"},"content":{"rendered":"<p>Le <strong>S\u00e9rum Anti-Taches TOPICREM MELA<\/strong> est un soin concentr\u00e9 con\u00e7u pour <strong>corriger les taches pigmentaires<\/strong> (brunes, solaires, et cicatricielles) et <strong>unifier le teint<\/strong>. Gr\u00e2ce \u00e0 une combinaison d\u2019actifs \u00e9claircissants puissants mais doux, ce s\u00e9rum aide \u00e0 r\u00e9duire visiblement l\u2019intensit\u00e9 des taches et pr\u00e9vient leur r\u00e9apparition. Il offre \u00e9galement une hydratation durable, laissant la peau lumineuse et \u00e9clatante.<\/p>\n<hr \/>\n<h3><strong>Caract\u00e9ristiques :<\/strong><\/h3>\n<ul>\n<li><strong>R\u00e9duit efficacement<\/strong> les taches pigmentaires visibles.<\/li>\n<li><strong>Unifie le teint<\/strong> en am\u00e9liorant la clart\u00e9 et l\u2019homog\u00e9n\u00e9it\u00e9 de la peau.<\/li>\n<li><strong>Hydratation longue dur\u00e9e<\/strong> : Laisse la peau douce et souple.<\/li>\n<li><strong>Convient \u00e0 tous les types de peaux<\/strong>, m\u00eame sensibles.<\/li>\n<li><strong>Test\u00e9 sous contr\u00f4le dermatologique<\/strong> : Sans paraben et hypoallerg\u00e9nique.<\/li>\n<\/ul>\n<hr \/>\n<h3><strong>Conseils d\u2019utilisation :<\/strong><\/h3>\n<ul>\n<li>Appliquer matin et soir sur <strong>peau propre<\/strong>, avant votre cr\u00e8me hydratante.<\/li>\n<li>Masser d\u00e9licatement sur le visage et le cou, en insistant sur les zones pr\u00e9sentant des taches.<\/li>\n<li>Pour des r\u00e9sultats optimaux, utiliser en compl\u00e9ment d\u2019une <strong>protection solaire SPF<\/strong> durant la journ\u00e9e.<\/li>\n<\/ul>\n<hr \/>\n<h3><strong>Avantages :<\/strong><\/h3>\n<ul>\n<li><strong>Estompe et pr\u00e9vient les taches<\/strong> de mani\u00e8re visible et durable.<\/li>\n<li><strong>Hydrate et unifie<\/strong> le teint au quotidien.<\/li>\n<li><strong>Texture l\u00e9g\u00e8re et agr\u00e9able<\/strong>, parfaite pour une utilisation sous la cr\u00e8me de jour ou de nuit.<\/li>\n<li>Adapt\u00e9 \u00e0 une <strong>routine compl\u00e8te anti-taches<\/strong> avec d&rsquo;autres produits de la gamme TOPICREM MELA.<\/li>\n<\/ul>\n<hr \/>\n<h3><strong>Format :<\/strong><\/h3>\n<ul>\n<li><strong>Flacon de 30 ml<\/strong> avec pipette, pratique pour un dosage pr\u00e9cis.<\/li>\n<\/ul>\n","protected":false},"excerpt":{"rendered":"<p>Le <strong>S\u00e9rum Anti-Taches TOPICREM MELA<\/strong> est un soin concentr\u00e9 con\u00e7u pour <strong>corriger les taches pigmentaires<\/strong> (brunes, solaires, et cicatricielles) et <strong>unifier le teint<\/strong>. Gr\u00e2ce \u00e0 une combinaison d\u2019actifs \u00e9claircissants puissants mais doux, ce s\u00e9rum aide \u00e0 r\u00e9duire visiblement l\u2019intensit\u00e9 des taches et pr\u00e9vient leur r\u00e9apparition. Il offre \u00e9galement une hydratation durable, laissant la peau lumineuse et \u00e9clatante.<\/p>\n","protected":false},"featured_media":12863,"comment_status":"open","ping_status":"closed","template":"","meta":{"inline_featured_image":false,"_monsterinsights_skip_tracking":false,"_monsterinsights_sitenote_active":false,"_monsterinsights_sitenote_note":"","_monsterinsights_sitenote_category":0,"_joinchat":[]},"product_cat":[178],"product_tag":[],"class_list":{"0":"post-12862","1":"product","2":"type-product","3":"status-publish","4":"has-post-thumbnail","6":"product_cat-topicrem","8":"first","9":"instock","10":"shipping-taxable","11":"purchasable","12":"product-type-simple","13":"add-to-wishlist-after_add_to_cart"},"aioseo_notices":[],"_links":{"self":[{"href":"https:\/\/pararepublique.com\/index.php\/wp-json\/wp\/v2\/product\/12862","targetHints":{"allow":["GET"]}}],"collection":[{"href":"https:\/\/pararepublique.com\/index.php\/wp-json\/wp\/v2\/product"}],"about":[{"href":"https:\/\/pararepublique.com\/index.php\/wp-json\/wp\/v2\/types\/product"}],"replies":[{"embeddable":true,"href":"https:\/\/pararepublique.com\/index.php\/wp-json\/wp\/v2\/comments?post=12862"}],"version-history":[{"count":1,"href":"https:\/\/pararepublique.com\/index.php\/wp-json\/wp\/v2\/product\/12862\/revisions"}],"predecessor-version":[{"id":12864,"href":"https:\/\/pararepublique.com\/index.php\/wp-json\/wp\/v2\/product\/12862\/revisions\/12864"}],"wp:featuredmedia":[{"embeddable":true,"href":"https:\/\/pararepublique.com\/index.php\/wp-json\/wp\/v2\/media\/12863"}],"wp:attachment":[{"href":"https:\/\/pararepublique.com\/index.php\/wp-json\/wp\/v2\/media?parent=12862"}],"wp:term":[{"taxonomy":"product_cat","embeddable":true,"href":"https:\/\/pararepublique.com\/index.php\/wp-json\/wp\/v2\/product_cat?post=12862"},{"taxonomy":"product_tag","embeddable":true,"href":"https:\/\/pararepublique.com\/index.php\/wp-json\/wp\/v2\/product_tag?post=12862"}],"curies":[{"name":"wp","href":"https:\/\/api.w.org\/{rel}","templated":true}]}}