{"id":12876,"date":"2024-10-14T13:51:34","date_gmt":"2024-10-14T13:51:34","guid":{"rendered":"https:\/\/pararepublique.com\/?post_type=product&#038;p=12876"},"modified":"2024-10-14T13:51:34","modified_gmt":"2024-10-14T13:51:34","slug":"topicreme-pack-30mela-laitserum","status":"publish","type":"product","link":"https:\/\/pararepublique.com\/index.php\/product\/topicreme-pack-30mela-laitserum\/","title":{"rendered":"TOPICREME PACK-30%MELA LAIT+SERUM"},"content":{"rendered":"<p>Le <strong>Pack MELA Lait + S\u00e9rum<\/strong> de TOPICREM offre une solution compl\u00e8te et efficace pour <strong>corriger les taches pigmentaires<\/strong>, unifier le teint et hydrater intens\u00e9ment la peau. Ce duo combine les bienfaits du <strong>Lait \u00c9claircissant MELA<\/strong> et du <strong>S\u00e9rum Anti-Taches MELA<\/strong>, pour un soin optimal quotidien. Gr\u00e2ce \u00e0 ce coffret, profitez de <strong>30 % de r\u00e9duction<\/strong> sur ces deux essentiels pour une peau lumineuse et sans imperfections.<\/p>\n<hr \/>\n<h3><strong>Caract\u00e9ristiques du Lait \u00c9claircissant MELA (500 ml)<\/strong><\/h3>\n<ul>\n<li><strong>Hydrate et unifie<\/strong> le teint sur tout le corps.<\/li>\n<li>R\u00e9duit progressivement <strong>les taches pigmentaires<\/strong> (soleil, acn\u00e9, \u00e2ge).<\/li>\n<li><strong>Texture l\u00e9g\u00e8re et non collante<\/strong>, rapidement absorb\u00e9e.<\/li>\n<li>Adapt\u00e9 aux <strong>peaux sensibles<\/strong>.<\/li>\n<\/ul>\n<h3><strong>Caract\u00e9ristiques du S\u00e9rum Anti-Taches MELA (30 ml)<\/strong><\/h3>\n<ul>\n<li><strong>Corrige et estompe<\/strong> efficacement les taches brunes.<\/li>\n<li><strong>Unifie le teint<\/strong> et redonne \u00e9clat \u00e0 la peau.<\/li>\n<li><strong>Texture fluide<\/strong>, parfaite pour une application avant la cr\u00e8me hydratante.<\/li>\n<li>Convient \u00e0 une <strong>utilisation quotidienne<\/strong>, m\u00eame pour les peaux d\u00e9licates.<\/li>\n<\/ul>\n<hr \/>\n<h3><strong>Conseils d\u2019utilisation :<\/strong><\/h3>\n<ul>\n<li><strong>Lait \u00c9claircissant<\/strong> : Appliquer chaque jour sur le corps apr\u00e8s la douche ou le bain.<\/li>\n<li><strong>S\u00e9rum Anti-Taches<\/strong> : Appliquer matin et soir sur le visage, avant votre cr\u00e8me de jour ou de nuit.<\/li>\n<li>Utiliser avec une <strong>protection solaire SPF<\/strong> pour maximiser les r\u00e9sultats et pr\u00e9venir l\u2019apparition de nouvelles taches.<\/li>\n<\/ul>\n","protected":false},"excerpt":{"rendered":"<p>Le <strong>Pack MELA Lait + S\u00e9rum<\/strong> de TOPICREM offre une solution compl\u00e8te et efficace pour <strong>corriger les taches pigmentaires<\/strong>, unifier le teint et hydrater intens\u00e9ment la peau. Ce duo combine les bienfaits du <strong>Lait \u00c9claircissant MELA<\/strong> et du <strong>S\u00e9rum Anti-Taches MELA<\/strong>, pour un soin optimal quotidien. Gr\u00e2ce \u00e0 ce coffret, profitez de <strong>30 % de r\u00e9duction<\/strong> sur ces deux essentiels pour une peau lumineuse et sans imperfections.<\/p>\n","protected":false},"featured_media":12877,"comment_status":"open","ping_status":"closed","template":"","meta":{"inline_featured_image":false,"_monsterinsights_skip_tracking":false,"_monsterinsights_sitenote_active":false,"_monsterinsights_sitenote_note":"","_monsterinsights_sitenote_category":0,"_joinchat":[]},"product_cat":[178],"product_tag":[],"class_list":{"0":"post-12876","1":"product","2":"type-product","3":"status-publish","4":"has-post-thumbnail","6":"product_cat-topicrem","8":"first","9":"instock","10":"shipping-taxable","11":"purchasable","12":"product-type-simple","13":"add-to-wishlist-after_add_to_cart"},"aioseo_notices":[],"_links":{"self":[{"href":"https:\/\/pararepublique.com\/index.php\/wp-json\/wp\/v2\/product\/12876","targetHints":{"allow":["GET"]}}],"collection":[{"href":"https:\/\/pararepublique.com\/index.php\/wp-json\/wp\/v2\/product"}],"about":[{"href":"https:\/\/pararepublique.com\/index.php\/wp-json\/wp\/v2\/types\/product"}],"replies":[{"embeddable":true,"href":"https:\/\/pararepublique.com\/index.php\/wp-json\/wp\/v2\/comments?post=12876"}],"version-history":[{"count":1,"href":"https:\/\/pararepublique.com\/index.php\/wp-json\/wp\/v2\/product\/12876\/revisions"}],"predecessor-version":[{"id":12878,"href":"https:\/\/pararepublique.com\/index.php\/wp-json\/wp\/v2\/product\/12876\/revisions\/12878"}],"wp:featuredmedia":[{"embeddable":true,"href":"https:\/\/pararepublique.com\/index.php\/wp-json\/wp\/v2\/media\/12877"}],"wp:attachment":[{"href":"https:\/\/pararepublique.com\/index.php\/wp-json\/wp\/v2\/media?parent=12876"}],"wp:term":[{"taxonomy":"product_cat","embeddable":true,"href":"https:\/\/pararepublique.com\/index.php\/wp-json\/wp\/v2\/product_cat?post=12876"},{"taxonomy":"product_tag","embeddable":true,"href":"https:\/\/pararepublique.com\/index.php\/wp-json\/wp\/v2\/product_tag?post=12876"}],"curies":[{"name":"wp","href":"https:\/\/api.w.org\/{rel}","templated":true}]}}