{"id":12886,"date":"2024-10-14T14:01:41","date_gmt":"2024-10-14T14:01:41","guid":{"rendered":"https:\/\/pararepublique.com\/?post_type=product&#038;p=12886"},"modified":"2024-10-14T14:01:41","modified_gmt":"2024-10-14T14:01:41","slug":"topicreme-pack-karite-shampoing-creme","status":"publish","type":"product","link":"https:\/\/pararepublique.com\/index.php\/product\/topicreme-pack-karite-shampoing-creme\/","title":{"rendered":"TOPICREME PACK KARITE SHAMPOING +CREME"},"content":{"rendered":"<p>Le <strong>Pack Karit\u00e9<\/strong> de <strong>TOPICREM<\/strong> est une solution id\u00e9ale pour <strong>hydrater et nourrir en profondeur<\/strong> les cheveux et la peau. Il combine l\u2019efficacit\u00e9 du <strong>Shampooing Douceur Karit\u00e9<\/strong> pour revitaliser les cheveux et de la <strong>Cr\u00e8me Hydratante au Karit\u00e9<\/strong>, id\u00e9ale pour apaiser et nourrir la peau s\u00e8che. Gr\u00e2ce aux propri\u00e9t\u00e9s du beurre de karit\u00e9, ce duo est parfait pour offrir un soin intensif \u00e0 toute la famille, des cheveux au corps.<\/p>\n<hr \/>\n<h3><strong>Caract\u00e9ristiques du Shampooing Douceur Karit\u00e9 (200 ml)<\/strong><\/h3>\n<ul>\n<li><strong>Nettoie en douceur<\/strong> les cheveux sans les dess\u00e9cher.<\/li>\n<li><strong>Enrichi en beurre de karit\u00e9<\/strong> pour nourrir et r\u00e9parer en profondeur.<\/li>\n<li>Laisse les cheveux <strong>souples, doux et brillants<\/strong>.<\/li>\n<li>Convient \u00e0 <strong>tous types de cheveux<\/strong>, m\u00eame les plus fragiles.<\/li>\n<li><strong>Sans paraben et sans silicone<\/strong>.<\/li>\n<\/ul>\n<hr \/>\n<h3><strong>Caract\u00e9ristiques de la Cr\u00e8me Hydratante Karit\u00e9 (200 ml)<\/strong><\/h3>\n<ul>\n<li><strong>Hydrate intens\u00e9ment<\/strong> et apaise les peaux s\u00e8ches \u00e0 tr\u00e8s s\u00e8ches.<\/li>\n<li>Enrichie en <strong>beurre de karit\u00e9<\/strong> et agents relipidants pour une peau douce et confortable.<\/li>\n<li>Convient aussi bien au <strong>corps qu\u2019au visage<\/strong>.<\/li>\n<li><strong>Test\u00e9e dermatologiquement<\/strong> pour une tol\u00e9rance optimale.<\/li>\n<li>Texture l\u00e9g\u00e8re et non collante, parfaite pour un usage quotidien.<\/li>\n<\/ul>\n<hr \/>\n<h3><strong>Conseils d\u2019utilisation :<\/strong><\/h3>\n<ul>\n<li><strong>Shampooing Karit\u00e9<\/strong> : Appliquer sur cheveux mouill\u00e9s, masser d\u00e9licatement le cuir chevelu, puis rincer abondamment.<\/li>\n<li><strong>Cr\u00e8me Hydratante Karit\u00e9<\/strong> : Appliquer quotidiennement sur le corps ou le visage, en insistant sur les zones s\u00e8ches.<\/li>\n<\/ul>\n<hr \/>\n<h3><strong>Avantages du Pack Karit\u00e9 :<\/strong><\/h3>\n<ul>\n<li><strong>Routine compl\u00e8te<\/strong> pour des cheveux nourris et une peau hydrat\u00e9e.<\/li>\n<li>Convient \u00e0 <strong>toute la famille<\/strong>.<\/li>\n<li><strong>Format pratique et \u00e9conomique<\/strong> pour une utilisation quotidienne.<\/li>\n<li>Parfum l\u00e9ger et agr\u00e9able, apportant une <strong>sensation de confort et de bien-\u00eatre<\/strong>.<\/li>\n<\/ul>\n","protected":false},"excerpt":{"rendered":"<p>Le <strong>Pack Karit\u00e9<\/strong> de <strong>TOPICREM<\/strong> est une solution id\u00e9ale pour <strong>hydrater et nourrir en profondeur<\/strong> les cheveux et la peau. Il combine l\u2019efficacit\u00e9 du <strong>Shampooing Douceur Karit\u00e9<\/strong> pour revitaliser les cheveux et de la <strong>Cr\u00e8me Hydratante au Karit\u00e9<\/strong>, id\u00e9ale pour apaiser et nourrir la peau s\u00e8che. Gr\u00e2ce aux propri\u00e9t\u00e9s du beurre de karit\u00e9, ce duo est parfait pour offrir un soin intensif \u00e0 toute la famille, des cheveux au corps.<\/p>\n","protected":false},"featured_media":12887,"comment_status":"open","ping_status":"closed","template":"","meta":{"inline_featured_image":false,"_monsterinsights_skip_tracking":false,"_monsterinsights_sitenote_active":false,"_monsterinsights_sitenote_note":"","_monsterinsights_sitenote_category":0,"_joinchat":[]},"product_cat":[178],"product_tag":[],"class_list":{"0":"post-12886","1":"product","2":"type-product","3":"status-publish","4":"has-post-thumbnail","6":"product_cat-topicrem","8":"first","9":"instock","10":"shipping-taxable","11":"purchasable","12":"product-type-simple","13":"add-to-wishlist-after_add_to_cart"},"aioseo_notices":[],"_links":{"self":[{"href":"https:\/\/pararepublique.com\/index.php\/wp-json\/wp\/v2\/product\/12886","targetHints":{"allow":["GET"]}}],"collection":[{"href":"https:\/\/pararepublique.com\/index.php\/wp-json\/wp\/v2\/product"}],"about":[{"href":"https:\/\/pararepublique.com\/index.php\/wp-json\/wp\/v2\/types\/product"}],"replies":[{"embeddable":true,"href":"https:\/\/pararepublique.com\/index.php\/wp-json\/wp\/v2\/comments?post=12886"}],"version-history":[{"count":1,"href":"https:\/\/pararepublique.com\/index.php\/wp-json\/wp\/v2\/product\/12886\/revisions"}],"predecessor-version":[{"id":12888,"href":"https:\/\/pararepublique.com\/index.php\/wp-json\/wp\/v2\/product\/12886\/revisions\/12888"}],"wp:featuredmedia":[{"embeddable":true,"href":"https:\/\/pararepublique.com\/index.php\/wp-json\/wp\/v2\/media\/12887"}],"wp:attachment":[{"href":"https:\/\/pararepublique.com\/index.php\/wp-json\/wp\/v2\/media?parent=12886"}],"wp:term":[{"taxonomy":"product_cat","embeddable":true,"href":"https:\/\/pararepublique.com\/index.php\/wp-json\/wp\/v2\/product_cat?post=12886"},{"taxonomy":"product_tag","embeddable":true,"href":"https:\/\/pararepublique.com\/index.php\/wp-json\/wp\/v2\/product_tag?post=12886"}],"curies":[{"name":"wp","href":"https:\/\/api.w.org\/{rel}","templated":true}]}}