{"id":12889,"date":"2024-10-14T14:07:28","date_gmt":"2024-10-14T14:07:28","guid":{"rendered":"https:\/\/pararepublique.com\/?post_type=product&#038;p=12889"},"modified":"2024-10-14T14:07:28","modified_gmt":"2024-10-14T14:07:28","slug":"topicreme-pain-1-er-surgras-150g","status":"publish","type":"product","link":"https:\/\/pararepublique.com\/index.php\/product\/topicreme-pain-1-er-surgras-150g\/","title":{"rendered":"TOPICREME PAIN 1 ER SURGRAS 150G"},"content":{"rendered":"<p>Le <strong>Pain 1er Surgras de TOPICREM<\/strong> est sp\u00e9cialement con\u00e7u pour <strong>nettoyer en douceur et prot\u00e9ger les peaux sensibles et s\u00e8ches<\/strong>. Gr\u00e2ce \u00e0 sa formule enrichie en agents relipidants, ce pain surgras aide \u00e0 <strong>pr\u00e9server la barri\u00e8re cutan\u00e9e<\/strong> et \u00e0 \u00e9viter le dess\u00e8chement. Il convient \u00e0 toute la famille et est id\u00e9al pour un usage quotidien, m\u00eame sur les peaux d\u00e9licates.<\/p>\n<hr \/>\n<h3><strong>Caract\u00e9ristiques :<\/strong><\/h3>\n<ul>\n<li><strong>Nettoie en douceur<\/strong> sans agresser la peau.<\/li>\n<li><strong>Formule surgrasse<\/strong> enrichie en agents hydratants et relipidants.<\/li>\n<li><strong>Sans savon<\/strong> et test\u00e9 sous contr\u00f4le dermatologique pour une tol\u00e9rance optimale.<\/li>\n<li><strong>Convient aux peaux sensibles<\/strong> et s\u00e8ches, y compris celles des nourrissons et enfants.<\/li>\n<li><strong>Sans paraben<\/strong> et respectueux du pH physiologique de la peau.<\/li>\n<\/ul>\n<hr \/>\n<h3><strong>Conseils d\u2019utilisation :<\/strong><\/h3>\n<ul>\n<li>Utiliser sur <strong>peau humide<\/strong> (visage et corps).<\/li>\n<li>Faire mousser, puis rincer abondamment.<\/li>\n<li>\u00c0 utiliser quotidiennement, en particulier pour les peaux sujettes au dess\u00e8chement.<\/li>\n<\/ul>\n<hr \/>\n<h3><strong>Avantages :<\/strong><\/h3>\n<ul>\n<li><strong>Hydrate et prot\u00e8ge<\/strong> la peau d\u00e8s le nettoyage.<\/li>\n<li><strong>Apaise<\/strong> les sensations de tiraillement et de s\u00e9cheresse.<\/li>\n<li><strong>Format pratique de 150 g<\/strong>, id\u00e9al pour une utilisation prolong\u00e9e.<\/li>\n<li>Convient \u00e0 <strong>toute la famille<\/strong>, m\u00eame aux nourrissons.<\/li>\n<\/ul>\n","protected":false},"excerpt":{"rendered":"<p>Le <strong>Pain 1er Surgras de TOPICREM<\/strong> est sp\u00e9cialement con\u00e7u pour <strong>nettoyer en douceur et prot\u00e9ger les peaux sensibles et s\u00e8ches<\/strong>. Gr\u00e2ce \u00e0 sa formule enrichie en agents relipidants, ce pain surgras aide \u00e0 <strong>pr\u00e9server la barri\u00e8re cutan\u00e9e<\/strong> et \u00e0 \u00e9viter le dess\u00e8chement. Il convient \u00e0 toute la famille et est id\u00e9al pour un usage quotidien, m\u00eame sur les peaux d\u00e9licates.<\/p>\n","protected":false},"featured_media":12890,"comment_status":"open","ping_status":"closed","template":"","meta":{"inline_featured_image":false,"_monsterinsights_skip_tracking":false,"_monsterinsights_sitenote_active":false,"_monsterinsights_sitenote_note":"","_monsterinsights_sitenote_category":0,"_joinchat":[]},"product_cat":[178],"product_tag":[],"class_list":{"0":"post-12889","1":"product","2":"type-product","3":"status-publish","4":"has-post-thumbnail","6":"product_cat-topicrem","8":"first","9":"instock","10":"shipping-taxable","11":"purchasable","12":"product-type-simple","13":"add-to-wishlist-after_add_to_cart"},"aioseo_notices":[],"_links":{"self":[{"href":"https:\/\/pararepublique.com\/index.php\/wp-json\/wp\/v2\/product\/12889","targetHints":{"allow":["GET"]}}],"collection":[{"href":"https:\/\/pararepublique.com\/index.php\/wp-json\/wp\/v2\/product"}],"about":[{"href":"https:\/\/pararepublique.com\/index.php\/wp-json\/wp\/v2\/types\/product"}],"replies":[{"embeddable":true,"href":"https:\/\/pararepublique.com\/index.php\/wp-json\/wp\/v2\/comments?post=12889"}],"version-history":[{"count":1,"href":"https:\/\/pararepublique.com\/index.php\/wp-json\/wp\/v2\/product\/12889\/revisions"}],"predecessor-version":[{"id":12892,"href":"https:\/\/pararepublique.com\/index.php\/wp-json\/wp\/v2\/product\/12889\/revisions\/12892"}],"wp:featuredmedia":[{"embeddable":true,"href":"https:\/\/pararepublique.com\/index.php\/wp-json\/wp\/v2\/media\/12890"}],"wp:attachment":[{"href":"https:\/\/pararepublique.com\/index.php\/wp-json\/wp\/v2\/media?parent=12889"}],"wp:term":[{"taxonomy":"product_cat","embeddable":true,"href":"https:\/\/pararepublique.com\/index.php\/wp-json\/wp\/v2\/product_cat?post=12889"},{"taxonomy":"product_tag","embeddable":true,"href":"https:\/\/pararepublique.com\/index.php\/wp-json\/wp\/v2\/product_tag?post=12889"}],"curies":[{"name":"wp","href":"https:\/\/api.w.org\/{rel}","templated":true}]}}