{"id":12893,"date":"2024-10-14T15:06:42","date_gmt":"2024-10-14T15:06:42","guid":{"rendered":"https:\/\/pararepublique.com\/?post_type=product&#038;p=12893"},"modified":"2024-10-14T15:06:42","modified_gmt":"2024-10-14T15:06:42","slug":"toipcreme-pv-gel-nett-cheveux-et-corps-200ml","status":"publish","type":"product","link":"https:\/\/pararepublique.com\/index.php\/product\/toipcreme-pv-gel-nett-cheveux-et-corps-200ml\/","title":{"rendered":"TOIPCREME PV GEL NETT CHEVEUX ET CORPS 200ML"},"content":{"rendered":"<p>Le <strong>TOPICREM PV Gel Nettoyant Cheveux et Corps<\/strong> est sp\u00e9cialement con\u00e7u pour un usage quotidien, offrant un nettoyage en douceur du <strong>corps et des cheveux<\/strong>. Gr\u00e2ce \u00e0 sa formule douce et respectueuse, il nettoie efficacement sans agresser la peau ni le cuir chevelu. Il est id\u00e9al pour toute la famille, y compris pour les <strong>peaux sensibles<\/strong>.<\/p>\n<hr \/>\n<h3><strong>Caract\u00e9ristiques :<\/strong><\/h3>\n<ul>\n<li><strong>2-en-1<\/strong> : Nettoie \u00e0 la fois le corps et les cheveux.<\/li>\n<li><strong>Formule douce<\/strong> sans savon, adapt\u00e9e aux peaux et cuirs chevelus d\u00e9licats.<\/li>\n<li><strong>Respecte le pH physiologique<\/strong> de la peau.<\/li>\n<li>Test\u00e9 sous contr\u00f4le dermatologique et <strong>convient aux peaux sensibles<\/strong>.<\/li>\n<li><strong>Parfum l\u00e9ger<\/strong> et agr\u00e9able, laissant une sensation de fra\u00eecheur.<\/li>\n<\/ul>\n<hr \/>\n<h3><strong>Conseils d\u2019utilisation :<\/strong><\/h3>\n<ul>\n<li>Appliquer sur <strong>peau et cheveux mouill\u00e9s<\/strong>.<\/li>\n<li>Faire mousser d\u00e9licatement, puis rincer abondamment.<\/li>\n<li>Convient \u00e0 une <strong>utilisation quotidienne<\/strong> par toute la famille.<\/li>\n<\/ul>\n<hr \/>\n<h3><strong>Avantages :<\/strong><\/h3>\n<ul>\n<li><strong>Pratique et polyvalent<\/strong> : Un seul produit pour le corps et les cheveux.<\/li>\n<li><strong>Ne dess\u00e8che pas<\/strong> la peau ni les cheveux.<\/li>\n<li><strong>Parfait pour un usage familial<\/strong>, y compris pour les enfants.<\/li>\n<li><strong>Format compact de 200 ml<\/strong> : Id\u00e9al pour les d\u00e9placements.<\/li>\n<\/ul>\n","protected":false},"excerpt":{"rendered":"<p>Le <strong>TOPICREM PV Gel Nettoyant Cheveux et Corps<\/strong> est sp\u00e9cialement con\u00e7u pour un usage quotidien, offrant un nettoyage en douceur du <strong>corps et des cheveux<\/strong>. Gr\u00e2ce \u00e0 sa formule douce et respectueuse, il nettoie efficacement sans agresser la peau ni le cuir chevelu. Il est id\u00e9al pour toute la famille, y compris pour les <strong>peaux sensibles<\/strong>.<\/p>\n","protected":false},"featured_media":12894,"comment_status":"open","ping_status":"closed","template":"","meta":{"inline_featured_image":false,"_monsterinsights_skip_tracking":false,"_monsterinsights_sitenote_active":false,"_monsterinsights_sitenote_note":"","_monsterinsights_sitenote_category":0,"_joinchat":[]},"product_cat":[178],"product_tag":[],"class_list":{"0":"post-12893","1":"product","2":"type-product","3":"status-publish","4":"has-post-thumbnail","6":"product_cat-topicrem","8":"first","9":"instock","10":"shipping-taxable","11":"purchasable","12":"product-type-simple","13":"add-to-wishlist-after_add_to_cart"},"aioseo_notices":[],"_links":{"self":[{"href":"https:\/\/pararepublique.com\/index.php\/wp-json\/wp\/v2\/product\/12893","targetHints":{"allow":["GET"]}}],"collection":[{"href":"https:\/\/pararepublique.com\/index.php\/wp-json\/wp\/v2\/product"}],"about":[{"href":"https:\/\/pararepublique.com\/index.php\/wp-json\/wp\/v2\/types\/product"}],"replies":[{"embeddable":true,"href":"https:\/\/pararepublique.com\/index.php\/wp-json\/wp\/v2\/comments?post=12893"}],"version-history":[{"count":1,"href":"https:\/\/pararepublique.com\/index.php\/wp-json\/wp\/v2\/product\/12893\/revisions"}],"predecessor-version":[{"id":12895,"href":"https:\/\/pararepublique.com\/index.php\/wp-json\/wp\/v2\/product\/12893\/revisions\/12895"}],"wp:featuredmedia":[{"embeddable":true,"href":"https:\/\/pararepublique.com\/index.php\/wp-json\/wp\/v2\/media\/12894"}],"wp:attachment":[{"href":"https:\/\/pararepublique.com\/index.php\/wp-json\/wp\/v2\/media?parent=12893"}],"wp:term":[{"taxonomy":"product_cat","embeddable":true,"href":"https:\/\/pararepublique.com\/index.php\/wp-json\/wp\/v2\/product_cat?post=12893"},{"taxonomy":"product_tag","embeddable":true,"href":"https:\/\/pararepublique.com\/index.php\/wp-json\/wp\/v2\/product_tag?post=12893"}],"curies":[{"name":"wp","href":"https:\/\/api.w.org\/{rel}","templated":true}]}}