{"id":12896,"date":"2024-10-14T15:09:29","date_gmt":"2024-10-14T15:09:29","guid":{"rendered":"https:\/\/pararepublique.com\/?post_type=product&#038;p=12896"},"modified":"2024-10-14T15:09:29","modified_gmt":"2024-10-14T15:09:29","slug":"topicreme-savon-douceur-150g","status":"publish","type":"product","link":"https:\/\/pararepublique.com\/index.php\/product\/topicreme-savon-douceur-150g\/","title":{"rendered":"TOPICREME SAVON DOUCEUR 150G"},"content":{"rendered":"<p>Le <strong>TOPICREM Savon Douceur<\/strong> est formul\u00e9 pour <strong>nettoyer la peau en douceur<\/strong> tout en respectant son \u00e9quilibre naturel. Enrichi en agents hydratants, il <strong>pr\u00e9serve le film hydrolipidique<\/strong> de la peau et emp\u00eache le dess\u00e8chement. Sa mousse fine et agr\u00e9able convient parfaitement aux <strong>peaux sensibles et d\u00e9licates<\/strong>, offrant une sensation de confort et de fra\u00eecheur apr\u00e8s chaque utilisation.<\/p>\n<hr \/>\n<h3><strong>Caract\u00e9ristiques :<\/strong><\/h3>\n<ul>\n<li><strong>Nettoyage doux<\/strong> : \u00c9limine les impuret\u00e9s sans agresser la peau.<\/li>\n<li><strong>Hydrate et prot\u00e8ge<\/strong> : Maintient l\u2019\u00e9quilibre naturel de la peau.<\/li>\n<li><strong>Sans savon<\/strong> et respectueux du <strong>pH physiologique<\/strong>.<\/li>\n<li><strong>Convient aux peaux sensibles<\/strong>, y compris celles des enfants.<\/li>\n<li><strong>Test\u00e9 sous contr\u00f4le dermatologique<\/strong>.<\/li>\n<\/ul>\n<hr \/>\n<h3><strong>Conseils d\u2019utilisation :<\/strong><\/h3>\n<ul>\n<li>Appliquer sur une <strong>peau humide<\/strong> (visage ou corps).<\/li>\n<li>Faire mousser d\u00e9licatement puis rincer \u00e0 l&rsquo;eau claire.<\/li>\n<li>\u00c0 utiliser quotidiennement, id\u00e9al pour toute la famille.<\/li>\n<\/ul>\n<hr \/>\n<h3><strong>Avantages :<\/strong><\/h3>\n<ul>\n<li><strong>Apaise et adoucit<\/strong> la peau, \u00e9vitant les sensations de tiraillement.<\/li>\n<li><strong>Parfum l\u00e9ger et agr\u00e9able<\/strong> pour un moment de bien-\u00eatre.<\/li>\n<li><strong>Format solide de 150 g<\/strong>, parfait pour un usage r\u00e9gulier.<\/li>\n<li><strong>Pratique et \u00e9conomique<\/strong> : Adapt\u00e9 pour les adultes et les enfants.<\/li>\n<\/ul>\n","protected":false},"excerpt":{"rendered":"<p>Le <strong>TOPICREM Savon Douceur<\/strong> est formul\u00e9 pour <strong>nettoyer la peau en douceur<\/strong> tout en respectant son \u00e9quilibre naturel. Enrichi en agents hydratants, il <strong>pr\u00e9serve le film hydrolipidique<\/strong> de la peau et emp\u00eache le dess\u00e8chement. Sa mousse fine et agr\u00e9able convient parfaitement aux <strong>peaux sensibles et d\u00e9licates<\/strong>, offrant une sensation de confort et de fra\u00eecheur apr\u00e8s chaque utilisation.<\/p>\n","protected":false},"featured_media":12897,"comment_status":"open","ping_status":"closed","template":"","meta":{"inline_featured_image":false,"_monsterinsights_skip_tracking":false,"_monsterinsights_sitenote_active":false,"_monsterinsights_sitenote_note":"","_monsterinsights_sitenote_category":0,"_joinchat":[]},"product_cat":[178],"product_tag":[],"class_list":{"0":"post-12896","1":"product","2":"type-product","3":"status-publish","4":"has-post-thumbnail","6":"product_cat-topicrem","8":"first","9":"instock","10":"shipping-taxable","11":"purchasable","12":"product-type-simple","13":"add-to-wishlist-after_add_to_cart"},"aioseo_notices":[],"_links":{"self":[{"href":"https:\/\/pararepublique.com\/index.php\/wp-json\/wp\/v2\/product\/12896","targetHints":{"allow":["GET"]}}],"collection":[{"href":"https:\/\/pararepublique.com\/index.php\/wp-json\/wp\/v2\/product"}],"about":[{"href":"https:\/\/pararepublique.com\/index.php\/wp-json\/wp\/v2\/types\/product"}],"replies":[{"embeddable":true,"href":"https:\/\/pararepublique.com\/index.php\/wp-json\/wp\/v2\/comments?post=12896"}],"version-history":[{"count":1,"href":"https:\/\/pararepublique.com\/index.php\/wp-json\/wp\/v2\/product\/12896\/revisions"}],"predecessor-version":[{"id":12898,"href":"https:\/\/pararepublique.com\/index.php\/wp-json\/wp\/v2\/product\/12896\/revisions\/12898"}],"wp:featuredmedia":[{"embeddable":true,"href":"https:\/\/pararepublique.com\/index.php\/wp-json\/wp\/v2\/media\/12897"}],"wp:attachment":[{"href":"https:\/\/pararepublique.com\/index.php\/wp-json\/wp\/v2\/media?parent=12896"}],"wp:term":[{"taxonomy":"product_cat","embeddable":true,"href":"https:\/\/pararepublique.com\/index.php\/wp-json\/wp\/v2\/product_cat?post=12896"},{"taxonomy":"product_tag","embeddable":true,"href":"https:\/\/pararepublique.com\/index.php\/wp-json\/wp\/v2\/product_tag?post=12896"}],"curies":[{"name":"wp","href":"https:\/\/api.w.org\/{rel}","templated":true}]}}