{"id":12902,"date":"2024-10-14T15:15:51","date_gmt":"2024-10-14T15:15:51","guid":{"rendered":"https:\/\/pararepublique.com\/?post_type=product&#038;p=12902"},"modified":"2024-10-14T15:15:51","modified_gmt":"2024-10-14T15:15:51","slug":"topicreme-spf-50creme-visage-ultra-hydratant","status":"publish","type":"product","link":"https:\/\/pararepublique.com\/index.php\/product\/topicreme-spf-50creme-visage-ultra-hydratant\/","title":{"rendered":"TOPICREME SPF 50+CREME VISAGE ULTRA HYDRATANT"},"content":{"rendered":"<p>La <strong>Cr\u00e8me Visage Ultra-Hydratante SPF 50+ de TOPICREM<\/strong> est un soin solaire con\u00e7u pour <strong>prot\u00e9ger efficacement la peau des rayons UVA et UVB<\/strong> tout en apportant une <strong>hydratation intense<\/strong>. Sp\u00e9cialement adapt\u00e9e aux peaux sensibles, cette cr\u00e8me pr\u00e9vient les dommages cutan\u00e9s caus\u00e9s par le soleil et aide \u00e0 maintenir le confort et la souplesse de la peau. Sa texture l\u00e9g\u00e8re et non grasse permet une absorption rapide, id\u00e9ale pour une utilisation quotidienne.<\/p>\n<hr \/>\n<h3><strong>Caract\u00e9ristiques :<\/strong><\/h3>\n<ul>\n<li><strong>Protection solaire tr\u00e8s haute SPF 50+<\/strong> : Prot\u00e8ge contre les rayons UVA et UVB.<\/li>\n<li><strong>Hydratation durable<\/strong> : Maintient la peau douce et confortable tout au long de la journ\u00e9e.<\/li>\n<li><strong>Texture l\u00e9g\u00e8re et non grasse<\/strong> : Ne laisse pas de r\u00e9sidu collant, parfaite comme base de maquillage.<\/li>\n<li><strong>Convient aux peaux sensibles<\/strong> : Test\u00e9 sous contr\u00f4le dermatologique.<\/li>\n<li><strong>Sans paraben<\/strong> et respectueux de l&rsquo;\u00e9quilibre cutan\u00e9.<\/li>\n<\/ul>\n<hr \/>\n<h3><strong>Conseils d\u2019utilisation :<\/strong><\/h3>\n<ul>\n<li>Appliquer chaque matin sur <strong>le visage et le cou<\/strong>, avant toute exposition au soleil.<\/li>\n<li>Renouveler l\u2019application toutes les <strong>2 heures<\/strong>, surtout apr\u00e8s avoir transpir\u00e9, nag\u00e9 ou s\u2019\u00eatre essuy\u00e9.<\/li>\n<li>Utiliser en compl\u00e9ment d&rsquo;autres soins hydratants ou r\u00e9parateurs de la gamme TOPICREM.<\/li>\n<\/ul>\n<hr \/>\n<h3><strong>Avantages :<\/strong><\/h3>\n<ul>\n<li><strong>Protection solaire et hydratation en un seul geste<\/strong>.<\/li>\n<li><strong>Pr\u00e9vient le vieillissement cutan\u00e9<\/strong> pr\u00e9matur\u00e9 li\u00e9 \u00e0 l\u2019exposition au soleil.<\/li>\n<li><strong>Id\u00e9al pour une utilisation quotidienne<\/strong>, m\u00eame en ville.<\/li>\n<li><strong>Absorption rapide<\/strong>, sans laisser de film blanc.<\/li>\n<\/ul>\n<hr \/>\n<h3><\/h3>\n","protected":false},"excerpt":{"rendered":"<p>La <strong>Cr\u00e8me Visage Ultra-Hydratante SPF 50+ de TOPICREM<\/strong> est un soin solaire con\u00e7u pour <strong>prot\u00e9ger efficacement la peau des rayons UVA et UVB<\/strong> tout en apportant une <strong>hydratation intense<\/strong>. Sp\u00e9cialement adapt\u00e9e aux peaux sensibles, cette cr\u00e8me pr\u00e9vient les dommages cutan\u00e9s caus\u00e9s par le soleil et aide \u00e0 maintenir le confort et la souplesse de la peau. Sa texture l\u00e9g\u00e8re et non grasse permet une absorption rapide, id\u00e9ale pour une utilisation quotidienne.<\/p>\n","protected":false},"featured_media":12903,"comment_status":"open","ping_status":"closed","template":"","meta":{"inline_featured_image":false,"_monsterinsights_skip_tracking":false,"_monsterinsights_sitenote_active":false,"_monsterinsights_sitenote_note":"","_monsterinsights_sitenote_category":0,"_joinchat":[]},"product_cat":[178],"product_tag":[],"class_list":{"0":"post-12902","1":"product","2":"type-product","3":"status-publish","4":"has-post-thumbnail","6":"product_cat-topicrem","8":"first","9":"instock","10":"shipping-taxable","11":"purchasable","12":"product-type-simple","13":"add-to-wishlist-after_add_to_cart"},"aioseo_notices":[],"_links":{"self":[{"href":"https:\/\/pararepublique.com\/index.php\/wp-json\/wp\/v2\/product\/12902","targetHints":{"allow":["GET"]}}],"collection":[{"href":"https:\/\/pararepublique.com\/index.php\/wp-json\/wp\/v2\/product"}],"about":[{"href":"https:\/\/pararepublique.com\/index.php\/wp-json\/wp\/v2\/types\/product"}],"replies":[{"embeddable":true,"href":"https:\/\/pararepublique.com\/index.php\/wp-json\/wp\/v2\/comments?post=12902"}],"version-history":[{"count":2,"href":"https:\/\/pararepublique.com\/index.php\/wp-json\/wp\/v2\/product\/12902\/revisions"}],"predecessor-version":[{"id":12905,"href":"https:\/\/pararepublique.com\/index.php\/wp-json\/wp\/v2\/product\/12902\/revisions\/12905"}],"wp:featuredmedia":[{"embeddable":true,"href":"https:\/\/pararepublique.com\/index.php\/wp-json\/wp\/v2\/media\/12903"}],"wp:attachment":[{"href":"https:\/\/pararepublique.com\/index.php\/wp-json\/wp\/v2\/media?parent=12902"}],"wp:term":[{"taxonomy":"product_cat","embeddable":true,"href":"https:\/\/pararepublique.com\/index.php\/wp-json\/wp\/v2\/product_cat?post=12902"},{"taxonomy":"product_tag","embeddable":true,"href":"https:\/\/pararepublique.com\/index.php\/wp-json\/wp\/v2\/product_tag?post=12902"}],"curies":[{"name":"wp","href":"https:\/\/api.w.org\/{rel}","templated":true}]}}