{"id":12912,"date":"2024-10-14T15:31:02","date_gmt":"2024-10-14T15:31:02","guid":{"rendered":"https:\/\/pararepublique.com\/?post_type=product&#038;p=12912"},"modified":"2024-10-14T15:31:02","modified_gmt":"2024-10-14T15:31:02","slug":"topicreme-uh-creme-main-50ml","status":"publish","type":"product","link":"https:\/\/pararepublique.com\/index.php\/product\/topicreme-uh-creme-main-50ml\/","title":{"rendered":"TOPICREME UH CREME MAIN 50ML"},"content":{"rendered":"<p>La <strong>Cr\u00e8me Mains Ultra-Hydratante TOPICREM<\/strong> est formul\u00e9e pour <strong>hydrater intens\u00e9ment<\/strong> et <strong>r\u00e9parer les mains s\u00e8ches et ab\u00eem\u00e9es<\/strong>. Gr\u00e2ce \u00e0 sa texture l\u00e9g\u00e8re et non grasse, elle p\u00e9n\u00e8tre rapidement, laissant les mains douces et confortables sans effet collant. Enrichie en glyc\u00e9rine et en agents relipidants, cette cr\u00e8me aide \u00e0 <strong>restaurer la barri\u00e8re cutan\u00e9e<\/strong> et offre une hydratation durable, id\u00e9ale pour un usage quotidien, en toute saison.<\/p>\n<hr \/>\n<h3><strong>Caract\u00e9ristiques :<\/strong><\/h3>\n<ul>\n<li><strong>Hydrate en profondeur<\/strong> et prot\u00e8ge contre le dess\u00e8chement.<\/li>\n<li><strong>Formule l\u00e9g\u00e8re et non grasse<\/strong> : Parfaite pour une utilisation fr\u00e9quente.<\/li>\n<li><strong>Absorption rapide<\/strong>, sans laisser de film collant.<\/li>\n<li><strong>Sans paraben<\/strong> et <strong>test\u00e9e sous contr\u00f4le dermatologique<\/strong>.<\/li>\n<li>Convient aux peaux sensibles.<\/li>\n<\/ul>\n<hr \/>\n<h3><strong>Conseils d\u2019utilisation :<\/strong><\/h3>\n<ul>\n<li>Appliquer une <strong>petite quantit\u00e9 sur les mains propres et s\u00e8ches<\/strong>.<\/li>\n<li>Masser d\u00e9licatement jusqu\u2019\u00e0 absorption compl\u00e8te.<\/li>\n<li>R\u00e9appliquer aussi souvent que n\u00e9cessaire, notamment apr\u00e8s le lavage des mains.<\/li>\n<\/ul>\n<hr \/>\n<h3><strong>Avantages :<\/strong><\/h3>\n<ul>\n<li><strong>Apaise et r\u00e9pare<\/strong> les mains ab\u00eem\u00e9es rapidement.<\/li>\n<li><strong>Hydratation longue dur\u00e9e<\/strong> m\u00eame en cas de froid ou de s\u00e9cheresse.<\/li>\n<li><strong>Pratique \u00e0 emporter<\/strong> gr\u00e2ce \u00e0 son <strong>format compact de 50 ml<\/strong>.<\/li>\n<li>Id\u00e9al pour <strong>un usage quotidien<\/strong>, m\u00eame en d\u00e9placement.<\/li>\n<\/ul>\n","protected":false},"excerpt":{"rendered":"<p>La <strong>Cr\u00e8me Mains Ultra-Hydratante TOPICREM<\/strong> est formul\u00e9e pour <strong>hydrater intens\u00e9ment<\/strong> et <strong>r\u00e9parer les mains s\u00e8ches et ab\u00eem\u00e9es<\/strong>. Gr\u00e2ce \u00e0 sa texture l\u00e9g\u00e8re et non grasse, elle p\u00e9n\u00e8tre rapidement, laissant les mains douces et confortables sans effet collant. Enrichie en glyc\u00e9rine et en agents relipidants, cette cr\u00e8me aide \u00e0 <strong>restaurer la barri\u00e8re cutan\u00e9e<\/strong> et offre une hydratation durable, id\u00e9ale pour un usage quotidien, en toute saison.<\/p>\n","protected":false},"featured_media":12916,"comment_status":"open","ping_status":"closed","template":"","meta":{"inline_featured_image":false,"_monsterinsights_skip_tracking":false,"_monsterinsights_sitenote_active":false,"_monsterinsights_sitenote_note":"","_monsterinsights_sitenote_category":0,"_joinchat":[]},"product_cat":[178],"product_tag":[],"class_list":{"0":"post-12912","1":"product","2":"type-product","3":"status-publish","4":"has-post-thumbnail","6":"product_cat-topicrem","8":"first","9":"instock","10":"shipping-taxable","11":"purchasable","12":"product-type-simple","13":"add-to-wishlist-after_add_to_cart"},"aioseo_notices":[],"_links":{"self":[{"href":"https:\/\/pararepublique.com\/index.php\/wp-json\/wp\/v2\/product\/12912","targetHints":{"allow":["GET"]}}],"collection":[{"href":"https:\/\/pararepublique.com\/index.php\/wp-json\/wp\/v2\/product"}],"about":[{"href":"https:\/\/pararepublique.com\/index.php\/wp-json\/wp\/v2\/types\/product"}],"replies":[{"embeddable":true,"href":"https:\/\/pararepublique.com\/index.php\/wp-json\/wp\/v2\/comments?post=12912"}],"version-history":[{"count":1,"href":"https:\/\/pararepublique.com\/index.php\/wp-json\/wp\/v2\/product\/12912\/revisions"}],"predecessor-version":[{"id":12917,"href":"https:\/\/pararepublique.com\/index.php\/wp-json\/wp\/v2\/product\/12912\/revisions\/12917"}],"wp:featuredmedia":[{"embeddable":true,"href":"https:\/\/pararepublique.com\/index.php\/wp-json\/wp\/v2\/media\/12916"}],"wp:attachment":[{"href":"https:\/\/pararepublique.com\/index.php\/wp-json\/wp\/v2\/media?parent=12912"}],"wp:term":[{"taxonomy":"product_cat","embeddable":true,"href":"https:\/\/pararepublique.com\/index.php\/wp-json\/wp\/v2\/product_cat?post=12912"},{"taxonomy":"product_tag","embeddable":true,"href":"https:\/\/pararepublique.com\/index.php\/wp-json\/wp\/v2\/product_tag?post=12912"}],"curies":[{"name":"wp","href":"https:\/\/api.w.org\/{rel}","templated":true}]}}