{"id":12936,"date":"2024-10-16T10:28:11","date_gmt":"2024-10-16T10:28:11","guid":{"rendered":"https:\/\/pararepublique.com\/?post_type=product&#038;p=12936"},"modified":"2024-10-16T10:28:11","modified_gmt":"2024-10-16T10:28:11","slug":"cerave-beaume-117ml","status":"publish","type":"product","link":"https:\/\/pararepublique.com\/index.php\/product\/cerave-beaume-117ml\/","title":{"rendered":"CERAVE BEAUME 117ML"},"content":{"rendered":"<p>Le <strong>CeraVe Baume Hydratant R\u00e9parateur (117 ml)<\/strong> est un soin con\u00e7u pour hydrater et r\u00e9parer les peaux s\u00e8ches \u00e0 tr\u00e8s s\u00e8ches. Il est formul\u00e9 avec des ingr\u00e9dients sp\u00e9cialement s\u00e9lectionn\u00e9s pour restaurer et renforcer la barri\u00e8re cutan\u00e9e tout en apportant une hydratation durable.<\/p>\n<h3>Caract\u00e9ristiques principales :<\/h3>\n<ol>\n<li><strong>Hydratation intense<\/strong> : Ce baume hydrate en profondeur la peau gr\u00e2ce \u00e0 sa formule enrichie en c\u00e9ramides essentiels et en acide hyaluronique.<\/li>\n<li><strong>C\u00e9ramides essentiels<\/strong> : Les c\u00e9ramides (1, 3, 6-II) aident \u00e0 restaurer la barri\u00e8re protectrice de la peau, essentielle pour maintenir une hydratation ad\u00e9quate et pr\u00e9venir la perte d\u2019eau.<\/li>\n<li><strong>Technologie MVE<\/strong> : La lib\u00e9ration prolong\u00e9e des actifs hydratants garantit une hydratation continue tout au long de la journ\u00e9e, jusqu\u2019\u00e0 24 heures apr\u00e8s l\u2019application.<\/li>\n<li><strong>Non-com\u00e9dog\u00e8ne<\/strong> : Sa texture riche et non grasse p\u00e9n\u00e8tre rapidement et ne bouche pas les pores, ce qui en fait un produit adapt\u00e9 pour le visage et le corps.<\/li>\n<li><strong>Sans parfum<\/strong> : Adapt\u00e9 aux peaux sensibles, ce baume ne contient pas de parfum, minimisant ainsi les risques d&rsquo;irritation ou d&rsquo;allergies.<\/li>\n<li><strong>Acide hyaluronique<\/strong> : Aide \u00e0 maintenir l\u2019hydratation de la peau en retenant l\u2019eau dans les couches sup\u00e9rieures de l\u2019\u00e9piderme.<\/li>\n<\/ol>\n<h3>Indications :<\/h3>\n<ul>\n<li>Peaux s\u00e8ches \u00e0 tr\u00e8s s\u00e8ches<\/li>\n<li>Peaux sensibles ou sujettes aux irritations<\/li>\n<li>Peau atopique ou avec des probl\u00e8mes de s\u00e9cheresse chronique<\/li>\n<\/ul>\n<h3>Utilisation :<\/h3>\n<p>Appliquer g\u00e9n\u00e9reusement sur les zones s\u00e8ches du corps et du visage aussi souvent que n\u00e9cessaire. Masser doucement jusqu&rsquo;\u00e0 absorption compl\u00e8te. Il peut \u00eatre utilis\u00e9 quotidiennement pour maintenir une hydratation optimale de la peau.<\/p>\n","protected":false},"excerpt":{"rendered":"<p>Le <strong>CeraVe Baume Hydratant R\u00e9parateur (117 ml)<\/strong> est un soin con\u00e7u pour hydrater et r\u00e9parer les peaux s\u00e8ches \u00e0 tr\u00e8s s\u00e8ches. Il est formul\u00e9 avec des ingr\u00e9dients sp\u00e9cialement s\u00e9lectionn\u00e9s pour restaurer et renforcer la barri\u00e8re cutan\u00e9e tout en apportant une hydratation durable.<\/p>\n","protected":false},"featured_media":12937,"comment_status":"open","ping_status":"closed","template":"","meta":{"inline_featured_image":false,"_monsterinsights_skip_tracking":false,"_monsterinsights_sitenote_active":false,"_monsterinsights_sitenote_note":"","_monsterinsights_sitenote_category":0,"_joinchat":[]},"product_cat":[122],"product_tag":[],"class_list":{"0":"post-12936","1":"product","2":"type-product","3":"status-publish","4":"has-post-thumbnail","6":"product_cat-cerave","8":"first","9":"instock","10":"shipping-taxable","11":"purchasable","12":"product-type-simple","13":"add-to-wishlist-after_add_to_cart"},"aioseo_notices":[],"_links":{"self":[{"href":"https:\/\/pararepublique.com\/index.php\/wp-json\/wp\/v2\/product\/12936","targetHints":{"allow":["GET"]}}],"collection":[{"href":"https:\/\/pararepublique.com\/index.php\/wp-json\/wp\/v2\/product"}],"about":[{"href":"https:\/\/pararepublique.com\/index.php\/wp-json\/wp\/v2\/types\/product"}],"replies":[{"embeddable":true,"href":"https:\/\/pararepublique.com\/index.php\/wp-json\/wp\/v2\/comments?post=12936"}],"version-history":[{"count":1,"href":"https:\/\/pararepublique.com\/index.php\/wp-json\/wp\/v2\/product\/12936\/revisions"}],"predecessor-version":[{"id":12938,"href":"https:\/\/pararepublique.com\/index.php\/wp-json\/wp\/v2\/product\/12936\/revisions\/12938"}],"wp:featuredmedia":[{"embeddable":true,"href":"https:\/\/pararepublique.com\/index.php\/wp-json\/wp\/v2\/media\/12937"}],"wp:attachment":[{"href":"https:\/\/pararepublique.com\/index.php\/wp-json\/wp\/v2\/media?parent=12936"}],"wp:term":[{"taxonomy":"product_cat","embeddable":true,"href":"https:\/\/pararepublique.com\/index.php\/wp-json\/wp\/v2\/product_cat?post=12936"},{"taxonomy":"product_tag","embeddable":true,"href":"https:\/\/pararepublique.com\/index.php\/wp-json\/wp\/v2\/product_tag?post=12936"}],"curies":[{"name":"wp","href":"https:\/\/api.w.org\/{rel}","templated":true}]}}