{"id":12945,"date":"2024-10-16T10:36:46","date_gmt":"2024-10-16T10:36:46","guid":{"rendered":"https:\/\/pararepublique.com\/?post_type=product&#038;p=12945"},"modified":"2024-10-16T10:38:25","modified_gmt":"2024-10-16T10:38:25","slug":"cerave-contour-des-yeux-cernes","status":"publish","type":"product","link":"https:\/\/pararepublique.com\/index.php\/product\/cerave-contour-des-yeux-cernes\/","title":{"rendered":"CERAVE CONTOUR DES YEUX CERNES"},"content":{"rendered":"<p>Le <strong>CeraVe Contour des Yeux<\/strong> est un soin sp\u00e9cifique pour la zone d\u00e9licate du contour des yeux, con\u00e7u pour r\u00e9duire l&rsquo;apparence des cernes et des poches tout en hydratant et en apaisant cette zone souvent sujette \u00e0 la s\u00e9cheresse et \u00e0 l&rsquo;irritation.<\/p>\n<h3>Caract\u00e9ristiques principales :<\/h3>\n<ol>\n<li><strong>R\u00e9duction des cernes et des poches<\/strong> : Ce soin contour des yeux est formul\u00e9 pour att\u00e9nuer visiblement l&rsquo;apparence des cernes et des poches sous les yeux. Il aide \u00e0 lisser et \u00e9claircir cette zone pour un regard plus frais et repos\u00e9.<\/li>\n<li><strong>C\u00e9ramides essentiels<\/strong> : Comme tous les produits de la gamme CeraVe, ce soin contient trois c\u00e9ramides (1, 3, et 6-II), qui aident \u00e0 restaurer et renforcer la barri\u00e8re cutan\u00e9e, essentielle pour une bonne hydratation et pour prot\u00e9ger la peau contre les agressions ext\u00e9rieures.<\/li>\n<li><strong>Acide hyaluronique<\/strong> : Cet ingr\u00e9dient phare aide \u00e0 retenir l&rsquo;humidit\u00e9 dans la peau, assurant une hydratation longue dur\u00e9e. Il contribue \u00e0 combler les ridules caus\u00e9es par la s\u00e9cheresse et \u00e0 repulper la peau.<\/li>\n<li><strong>Niacinamide<\/strong> : Ce puissant ingr\u00e9dient apaisant aide \u00e0 calmer et revitaliser la peau, en am\u00e9liorant son apparence g\u00e9n\u00e9rale et en r\u00e9duisant les irritations.<\/li>\n<li><strong>Texture l\u00e9g\u00e8re<\/strong> : Le contour des yeux CeraVe a une texture fluide et l\u00e9g\u00e8re qui p\u00e9n\u00e8tre rapidement, ne laissant aucun r\u00e9sidu gras. Cela le rend id\u00e9al pour une utilisation sous le maquillage ou dans une routine quotidienne de soin de la peau.<\/li>\n<li><strong>Sans parfum et non com\u00e9dog\u00e8ne<\/strong> : Sa formule sans parfum et hypoallerg\u00e9nique est particuli\u00e8rement adapt\u00e9e aux peaux sensibles, minimisant les risques de r\u00e9actions allergiques ou d&rsquo;irritations. Il est \u00e9galement non com\u00e9dog\u00e8ne, donc il n\u2019obstrue pas les pores.<\/li>\n<\/ol>\n<h3>Indications :<\/h3>\n<ul>\n<li>R\u00e9duit l&rsquo;apparence des <strong>cernes et des poches<\/strong> sous les yeux.<\/li>\n<li>Convient \u00e0 tous les types de peaux, y compris les peaux sensibles.<\/li>\n<li>Adapt\u00e9 pour les personnes cherchant une hydratation efficace et un soin anti-fatigue pour la zone du contour des yeux.<\/li>\n<\/ul>\n<h3>Utilisation :<\/h3>\n<p>Appliquer une petite quantit\u00e9 de produit sur le contour des yeux matin et soir, en tapotant doucement avec le bout des doigts jusqu&rsquo;\u00e0 absorption compl\u00e8te. Pour de meilleurs r\u00e9sultats, int\u00e9grer ce soin dans une routine quotidienne de soins de la peau.<\/p>\n","protected":false},"excerpt":{"rendered":"<p>Le <strong>CeraVe Contour des Yeux<\/strong> est un soin sp\u00e9cifique pour la zone d\u00e9licate du contour des yeux, con\u00e7u pour r\u00e9duire l&rsquo;apparence des cernes et des poches tout en hydratant et en apaisant cette zone souvent sujette \u00e0 la s\u00e9cheresse et \u00e0 l&rsquo;irritation.<\/p>\n","protected":false},"featured_media":12948,"comment_status":"open","ping_status":"closed","template":"","meta":{"inline_featured_image":false,"_monsterinsights_skip_tracking":false,"_monsterinsights_sitenote_active":false,"_monsterinsights_sitenote_note":"","_monsterinsights_sitenote_category":0,"_joinchat":[]},"product_cat":[122],"product_tag":[],"class_list":{"0":"post-12945","1":"product","2":"type-product","3":"status-publish","4":"has-post-thumbnail","6":"product_cat-cerave","8":"first","9":"instock","10":"shipping-taxable","11":"purchasable","12":"product-type-simple","13":"add-to-wishlist-after_add_to_cart"},"aioseo_notices":[],"_links":{"self":[{"href":"https:\/\/pararepublique.com\/index.php\/wp-json\/wp\/v2\/product\/12945","targetHints":{"allow":["GET"]}}],"collection":[{"href":"https:\/\/pararepublique.com\/index.php\/wp-json\/wp\/v2\/product"}],"about":[{"href":"https:\/\/pararepublique.com\/index.php\/wp-json\/wp\/v2\/types\/product"}],"replies":[{"embeddable":true,"href":"https:\/\/pararepublique.com\/index.php\/wp-json\/wp\/v2\/comments?post=12945"}],"version-history":[{"count":1,"href":"https:\/\/pararepublique.com\/index.php\/wp-json\/wp\/v2\/product\/12945\/revisions"}],"predecessor-version":[{"id":12947,"href":"https:\/\/pararepublique.com\/index.php\/wp-json\/wp\/v2\/product\/12945\/revisions\/12947"}],"wp:featuredmedia":[{"embeddable":true,"href":"https:\/\/pararepublique.com\/index.php\/wp-json\/wp\/v2\/media\/12948"}],"wp:attachment":[{"href":"https:\/\/pararepublique.com\/index.php\/wp-json\/wp\/v2\/media?parent=12945"}],"wp:term":[{"taxonomy":"product_cat","embeddable":true,"href":"https:\/\/pararepublique.com\/index.php\/wp-json\/wp\/v2\/product_cat?post=12945"},{"taxonomy":"product_tag","embeddable":true,"href":"https:\/\/pararepublique.com\/index.php\/wp-json\/wp\/v2\/product_tag?post=12945"}],"curies":[{"name":"wp","href":"https:\/\/api.w.org\/{rel}","templated":true}]}}