{"id":12976,"date":"2024-10-16T11:05:13","date_gmt":"2024-10-16T11:05:13","guid":{"rendered":"https:\/\/pararepublique.com\/?post_type=product&#038;p=12976"},"modified":"2024-10-16T11:05:14","modified_gmt":"2024-10-16T11:05:14","slug":"cerave-eau-micellaire-295ml-hydratante","status":"publish","type":"product","link":"https:\/\/pararepublique.com\/index.php\/product\/cerave-eau-micellaire-295ml-hydratante\/","title":{"rendered":"CERAVE EAU MICELLAIRE 295ML HYDRATANTE"},"content":{"rendered":"<p>La <strong>CeraVe Eau Micellaire Hydratante (295 ml)<\/strong> est une solution nettoyante douce, con\u00e7ue pour \u00e9liminer les impuret\u00e9s, le maquillage et l&rsquo;exc\u00e8s de s\u00e9bum, tout en respectant l&rsquo;\u00e9quilibre naturel de la peau. Gr\u00e2ce \u00e0 sa formule enrichie en c\u00e9ramides et en niacinamide, elle nettoie, apaise et hydrate la peau, sans la dess\u00e9cher. Elle est id\u00e9ale pour les peaux sensibles et peut \u00eatre utilis\u00e9e sur le visage, les yeux et les l\u00e8vres.<\/p>\n<h3>Caract\u00e9ristiques principales :<\/h3>\n<ol>\n<li><strong>Nettoyage efficace et doux<\/strong> : L\u2019eau micellaire contient des micelles qui capturent et \u00e9liminent efficacement les impuret\u00e9s, le maquillage (m\u00eame waterproof) et l&rsquo;exc\u00e8s de s\u00e9bum sans frotter, tout en maintenant l&rsquo;hydratation naturelle de la peau.<\/li>\n<li><strong>Hydratation continue<\/strong> : Contrairement \u00e0 d&rsquo;autres eaux micellaires, celle-ci est enrichie en <strong>c\u00e9ramides essentiels (1, 3 et 6-II)<\/strong>, qui aident \u00e0 restaurer et maintenir la barri\u00e8re protectrice de la peau, emp\u00eachant la d\u00e9shydratation.<\/li>\n<li><strong>Niacinamide<\/strong> : Cet ingr\u00e9dient apaisant aide \u00e0 r\u00e9duire les rougeurs et \u00e0 calmer la peau irrit\u00e9e. Il est particuli\u00e8rement b\u00e9n\u00e9fique pour les peaux sensibles, minimisant les risques d\u2019irritation.<\/li>\n<li><strong>Acide hyaluronique<\/strong> : Connu pour ses propri\u00e9t\u00e9s hydratantes, l&rsquo;acide hyaluronique aide \u00e0 retenir l&rsquo;eau dans la peau, ce qui contribue \u00e0 une hydratation durable apr\u00e8s le nettoyage.<\/li>\n<li><strong>Sans parfum, sans alcool et non com\u00e9dog\u00e8ne<\/strong> : Sa formule est sans parfum, sans alcool et hypoallerg\u00e9nique, ce qui la rend adapt\u00e9e aux peaux sensibles et sujettes aux irritations. Elle est \u00e9galement non com\u00e9dog\u00e8ne, ce qui signifie qu&rsquo;elle ne bouche pas les pores.<\/li>\n<li><strong>Pas besoin de rin\u00e7age<\/strong> : Cette eau micellaire peut \u00eatre utilis\u00e9e sans rin\u00e7age, ce qui en fait un produit pratique pour un nettoyage rapide et efficace \u00e0 tout moment de la journ\u00e9e.<\/li>\n<\/ol>\n<h3>Indications :<\/h3>\n<ul>\n<li>Convient \u00e0 tous les types de peau, y compris les <strong>peaux sensibles<\/strong>, s\u00e8ches ou sujettes aux rougeurs.<\/li>\n<li>Id\u00e9ale pour le <strong>d\u00e9maquillage du visage, des yeux et des l\u00e8vres<\/strong>.<\/li>\n<li>Peut \u00eatre utilis\u00e9e matin et soir, ou chaque fois que vous souhaitez nettoyer votre peau en douceur sans avoir \u00e0 rincer.<\/li>\n<\/ul>\n<h3>Utilisation :<\/h3>\n<p>Appliquer l\u2019eau micellaire sur un coton et passer doucement sur le visage, les yeux et les l\u00e8vres pour retirer le maquillage et les impuret\u00e9s. Il n&rsquo;est pas n\u00e9cessaire de rincer, mais vous pouvez le faire si vous le souhaitez. Utiliser matin et soir ou \u00e0 tout moment de la journ\u00e9e pour rafra\u00eechir la peau.<\/p>\n","protected":false},"excerpt":{"rendered":"<p>La <strong>CeraVe Eau Micellaire Hydratante (295 ml)<\/strong> est une solution nettoyante douce, con\u00e7ue pour \u00e9liminer les impuret\u00e9s, le maquillage et l&rsquo;exc\u00e8s de s\u00e9bum, tout en respectant l&rsquo;\u00e9quilibre naturel de la peau. Gr\u00e2ce \u00e0 sa formule enrichie en c\u00e9ramides et en niacinamide, elle nettoie, apaise et hydrate la peau, sans la dess\u00e9cher. Elle est id\u00e9ale pour les peaux sensibles et peut \u00eatre utilis\u00e9e sur le visage, les yeux et les l\u00e8vres.<\/p>\n","protected":false},"featured_media":12977,"comment_status":"open","ping_status":"closed","template":"","meta":{"inline_featured_image":false,"_monsterinsights_skip_tracking":false,"_monsterinsights_sitenote_active":false,"_monsterinsights_sitenote_note":"","_monsterinsights_sitenote_category":0,"_joinchat":[]},"product_cat":[122],"product_tag":[],"class_list":{"0":"post-12976","1":"product","2":"type-product","3":"status-publish","4":"has-post-thumbnail","6":"product_cat-cerave","8":"first","9":"instock","10":"shipping-taxable","11":"purchasable","12":"product-type-simple","13":"add-to-wishlist-after_add_to_cart"},"aioseo_notices":[],"_links":{"self":[{"href":"https:\/\/pararepublique.com\/index.php\/wp-json\/wp\/v2\/product\/12976","targetHints":{"allow":["GET"]}}],"collection":[{"href":"https:\/\/pararepublique.com\/index.php\/wp-json\/wp\/v2\/product"}],"about":[{"href":"https:\/\/pararepublique.com\/index.php\/wp-json\/wp\/v2\/types\/product"}],"replies":[{"embeddable":true,"href":"https:\/\/pararepublique.com\/index.php\/wp-json\/wp\/v2\/comments?post=12976"}],"version-history":[{"count":1,"href":"https:\/\/pararepublique.com\/index.php\/wp-json\/wp\/v2\/product\/12976\/revisions"}],"predecessor-version":[{"id":12978,"href":"https:\/\/pararepublique.com\/index.php\/wp-json\/wp\/v2\/product\/12976\/revisions\/12978"}],"wp:featuredmedia":[{"embeddable":true,"href":"https:\/\/pararepublique.com\/index.php\/wp-json\/wp\/v2\/media\/12977"}],"wp:attachment":[{"href":"https:\/\/pararepublique.com\/index.php\/wp-json\/wp\/v2\/media?parent=12976"}],"wp:term":[{"taxonomy":"product_cat","embeddable":true,"href":"https:\/\/pararepublique.com\/index.php\/wp-json\/wp\/v2\/product_cat?post=12976"},{"taxonomy":"product_tag","embeddable":true,"href":"https:\/\/pararepublique.com\/index.php\/wp-json\/wp\/v2\/product_tag?post=12976"}],"curies":[{"name":"wp","href":"https:\/\/api.w.org\/{rel}","templated":true}]}}