{"id":13003,"date":"2024-10-16T11:35:01","date_gmt":"2024-10-16T11:35:01","guid":{"rendered":"https:\/\/pararepublique.com\/?post_type=product&#038;p=13003"},"modified":"2024-10-16T11:35:01","modified_gmt":"2024-10-16T11:35:01","slug":"cerave-sa-creme-anti-rugosites-117ml","status":"publish","type":"product","link":"https:\/\/pararepublique.com\/index.php\/product\/cerave-sa-creme-anti-rugosites-117ml\/","title":{"rendered":"CERAVE SA CREME ANTI RUGOSITES 117ML"},"content":{"rendered":"<p>La <strong>CeraVe SA Cr\u00e8me Anti-Rugosit\u00e9s (117 ml)<\/strong> est un soin sp\u00e9cifique con\u00e7u pour exfolier en douceur, lisser et hydrater les peaux rugueuses ou \u00e0 tendance k\u00e9ratosique. Elle est particuli\u00e8rement adapt\u00e9e aux peaux s\u00e8ches et \u00e9paissies, avec des zones de rugosit\u00e9, comme les bras, les jambes et les coudes. Gr\u00e2ce \u00e0 sa combinaison d&rsquo;ingr\u00e9dients exfoliants et hydratants, elle aide \u00e0 adoucir et \u00e0 lisser la peau, tout en respectant la barri\u00e8re cutan\u00e9e.<\/p>\n<h3>Caract\u00e9ristiques principales :<\/h3>\n<ol>\n<li><strong>Exfoliation douce<\/strong> : Cette cr\u00e8me contient de l&rsquo;<strong>acide salicylique<\/strong>, un exfoliant doux qui aide \u00e0 \u00e9liminer les cellules mortes de la peau. Cela permet de lisser les rugosit\u00e9s et de pr\u00e9venir l&rsquo;accumulation de peaux \u00e9paissies.<\/li>\n<li><strong>C\u00e9ramides essentiels<\/strong> : Formul\u00e9e avec trois c\u00e9ramides (1, 3 et 6-II), cette cr\u00e8me aide \u00e0 restaurer et \u00e0 maintenir la barri\u00e8re protectrice de la peau, ce qui est essentiel pour \u00e9viter la d\u00e9shydratation.<\/li>\n<li><strong>Ur\u00e9e<\/strong> : Un ingr\u00e9dient hydratant qui aide \u00e0 adoucir et lisser la peau rugueuse, tout en augmentant l\u2019hydratation de la peau en retenant l&rsquo;humidit\u00e9.<\/li>\n<li><strong>Acide hyaluronique<\/strong> : Cet ingr\u00e9dient hydratant puissant aide \u00e0 attirer et retenir l&rsquo;humidit\u00e9 dans la peau, contribuant \u00e0 une hydratation en profondeur.<\/li>\n<li><strong>Niacinamide<\/strong> : Un ingr\u00e9dient apaisant qui aide \u00e0 calmer et \u00e0 r\u00e9duire les rougeurs, tout en renfor\u00e7ant la barri\u00e8re cutan\u00e9e.<\/li>\n<li><strong>Non com\u00e9dog\u00e8ne et sans parfum<\/strong> : Cette cr\u00e8me est formul\u00e9e pour ne pas obstruer les pores et ne contient pas de parfum, ce qui la rend adapt\u00e9e aux peaux sensibles et sujettes aux irritations.<\/li>\n<\/ol>\n<h3>Indications :<\/h3>\n<ul>\n<li>Con\u00e7ue pour les <strong>peaux s\u00e8ches, rugueuses ou \u00e9paissies<\/strong>, souvent touch\u00e9es par des conditions comme la <strong>k\u00e9ratose pilaire<\/strong>.<\/li>\n<li>Id\u00e9ale pour les zones comme les bras, les jambes, les coudes et les genoux.<\/li>\n<li>Convient \u00e0 une utilisation quotidienne pour am\u00e9liorer la texture de la peau.<\/li>\n<\/ul>\n<h3>Utilisation :<\/h3>\n<p>Appliquer une fine couche de cr\u00e8me sur les zones affect\u00e9es, matin et soir, ou selon les besoins. Masser doucement jusqu&rsquo;\u00e0 absorption compl\u00e8te. Cette cr\u00e8me peut \u00eatre utilis\u00e9e au quotidien pour aider \u00e0 adoucir les rugosit\u00e9s et am\u00e9liorer la texture de la peau.<\/p>\n","protected":false},"excerpt":{"rendered":"<p>La <strong>CeraVe SA Cr\u00e8me Anti-Rugosit\u00e9s (117 ml)<\/strong> est un soin sp\u00e9cifique con\u00e7u pour exfolier en douceur, lisser et hydrater les peaux rugueuses ou \u00e0 tendance k\u00e9ratosique. Elle est particuli\u00e8rement adapt\u00e9e aux peaux s\u00e8ches et \u00e9paissies, avec des zones de rugosit\u00e9, comme les bras, les jambes et les coudes. Gr\u00e2ce \u00e0 sa combinaison d&rsquo;ingr\u00e9dients exfoliants et hydratants, elle aide \u00e0 adoucir et \u00e0 lisser la peau, tout en respectant la barri\u00e8re cutan\u00e9e.<\/p>\n","protected":false},"featured_media":13004,"comment_status":"open","ping_status":"closed","template":"","meta":{"inline_featured_image":false,"_monsterinsights_skip_tracking":false,"_monsterinsights_sitenote_active":false,"_monsterinsights_sitenote_note":"","_monsterinsights_sitenote_category":0,"_joinchat":[]},"product_cat":[122],"product_tag":[],"class_list":{"0":"post-13003","1":"product","2":"type-product","3":"status-publish","4":"has-post-thumbnail","6":"product_cat-cerave","8":"first","9":"instock","10":"shipping-taxable","11":"purchasable","12":"product-type-simple","13":"add-to-wishlist-after_add_to_cart"},"aioseo_notices":[],"_links":{"self":[{"href":"https:\/\/pararepublique.com\/index.php\/wp-json\/wp\/v2\/product\/13003","targetHints":{"allow":["GET"]}}],"collection":[{"href":"https:\/\/pararepublique.com\/index.php\/wp-json\/wp\/v2\/product"}],"about":[{"href":"https:\/\/pararepublique.com\/index.php\/wp-json\/wp\/v2\/types\/product"}],"replies":[{"embeddable":true,"href":"https:\/\/pararepublique.com\/index.php\/wp-json\/wp\/v2\/comments?post=13003"}],"version-history":[{"count":1,"href":"https:\/\/pararepublique.com\/index.php\/wp-json\/wp\/v2\/product\/13003\/revisions"}],"predecessor-version":[{"id":13005,"href":"https:\/\/pararepublique.com\/index.php\/wp-json\/wp\/v2\/product\/13003\/revisions\/13005"}],"wp:featuredmedia":[{"embeddable":true,"href":"https:\/\/pararepublique.com\/index.php\/wp-json\/wp\/v2\/media\/13004"}],"wp:attachment":[{"href":"https:\/\/pararepublique.com\/index.php\/wp-json\/wp\/v2\/media?parent=13003"}],"wp:term":[{"taxonomy":"product_cat","embeddable":true,"href":"https:\/\/pararepublique.com\/index.php\/wp-json\/wp\/v2\/product_cat?post=13003"},{"taxonomy":"product_tag","embeddable":true,"href":"https:\/\/pararepublique.com\/index.php\/wp-json\/wp\/v2\/product_tag?post=13003"}],"curies":[{"name":"wp","href":"https:\/\/api.w.org\/{rel}","templated":true}]}}