{"id":13009,"date":"2024-10-16T11:40:54","date_gmt":"2024-10-16T11:40:54","guid":{"rendered":"https:\/\/pararepublique.com\/?post_type=product&#038;p=13009"},"modified":"2024-10-16T11:40:54","modified_gmt":"2024-10-16T11:40:54","slug":"cerave-sa-creme-pieds-regenerante","status":"publish","type":"product","link":"https:\/\/pararepublique.com\/index.php\/product\/cerave-sa-creme-pieds-regenerante\/","title":{"rendered":"CERAVE SA CREME PIEDS REGENERANTE"},"content":{"rendered":"<p>La <strong>CeraVe SA Cr\u00e8me Pieds R\u00e9g\u00e9n\u00e9rante<\/strong> est un soin sp\u00e9cialement con\u00e7u pour traiter la peau s\u00e8che, rugueuse et \u00e9paissie des pieds. Gr\u00e2ce \u00e0 une combinaison d\u2019ingr\u00e9dients exfoliants et hydratants, cette cr\u00e8me aide \u00e0 adoucir la peau, r\u00e9duire les rugosit\u00e9s et am\u00e9liorer la texture des pieds, tout en restaurant la barri\u00e8re protectrice cutan\u00e9e.<\/p>\n<h3>Caract\u00e9ristiques principales :<\/h3>\n<ol>\n<li><strong>Exfoliation douce<\/strong> : Enrichie en <strong>acide salicylique<\/strong>, cette cr\u00e8me exfolie en douceur pour \u00e9liminer les cellules mortes et lisser la peau rugueuse et \u00e9paissie, notamment sur les talons et les zones de frottement.<\/li>\n<li><strong>C\u00e9ramides essentiels<\/strong> : Comme tous les produits de la gamme CeraVe, cette cr\u00e8me contient trois c\u00e9ramides (1, 3 et 6-II) qui aident \u00e0 restaurer et \u00e0 maintenir la barri\u00e8re protectrice naturelle de la peau, essentielle pour pr\u00e9venir la perte d\u2019hydratation.<\/li>\n<li><strong>Ur\u00e9e<\/strong> : Un ingr\u00e9dient hydratant puissant qui adoucit et lisse la peau s\u00e8che, tout en augmentant l\u2019hydratation en retenant l&rsquo;humidit\u00e9 dans la peau.<\/li>\n<li><strong>Acide hyaluronique<\/strong> : Cet ingr\u00e9dient attire l&rsquo;humidit\u00e9 dans la peau, apportant une hydratation intense et durable, ce qui contribue \u00e0 adoucir les pieds secs et rugueux.<\/li>\n<li><strong>Niacinamide<\/strong> : Ce composant aide \u00e0 apaiser la peau et \u00e0 r\u00e9duire les rougeurs ou les irritations, tout en renfor\u00e7ant la fonction barri\u00e8re de la peau.<\/li>\n<li><strong>Formule non grasse<\/strong> : Bien qu&rsquo;intens\u00e9ment hydratante, la cr\u00e8me p\u00e9n\u00e8tre rapidement sans laisser de sensation collante ou grasse, ce qui permet de porter des chaussettes ou des chaussures imm\u00e9diatement apr\u00e8s l&rsquo;application.<\/li>\n<li><strong>Sans parfum et non com\u00e9dog\u00e8ne<\/strong> : La formule est hypoallerg\u00e9nique, sans parfum et convient m\u00eame aux peaux sensibles, minimisant les risques d\u2019irritation.<\/li>\n<\/ol>\n<h3>Indications :<\/h3>\n<ul>\n<li>Con\u00e7ue pour les <strong>pieds secs, rugueux ou \u00e9paissis<\/strong>, notamment les talons fendill\u00e9s ou les zones pr\u00e9sentant des callosit\u00e9s.<\/li>\n<li>Convient aux peaux sensibles et irrit\u00e9es par la s\u00e9cheresse.<\/li>\n<\/ul>\n<h3>Utilisation :<\/h3>\n<p>Appliquer une quantit\u00e9 g\u00e9n\u00e9reuse de cr\u00e8me sur les pieds propres et secs, en insistant sur les talons et les zones rugueuses. Masser d\u00e9licatement jusqu&rsquo;\u00e0 absorption compl\u00e8te. Utiliser quotidiennement, matin et soir, pour de meilleurs r\u00e9sultats. \u00c9viter d&rsquo;appliquer la cr\u00e8me sur une peau irrit\u00e9e ou l\u00e9s\u00e9e.<\/p>\n<p>&nbsp;<\/p>\n","protected":false},"excerpt":{"rendered":"<p>La <strong>CeraVe SA Cr\u00e8me Pieds R\u00e9g\u00e9n\u00e9rante<\/strong> est un soin sp\u00e9cialement con\u00e7u pour traiter la peau s\u00e8che, rugueuse et \u00e9paissie des pieds. Gr\u00e2ce \u00e0 une combinaison d\u2019ingr\u00e9dients exfoliants et hydratants, cette cr\u00e8me aide \u00e0 adoucir la peau, r\u00e9duire les rugosit\u00e9s et am\u00e9liorer la texture des pieds, tout en restaurant la barri\u00e8re protectrice cutan\u00e9e.<\/p>\n","protected":false},"featured_media":13010,"comment_status":"open","ping_status":"closed","template":"","meta":{"inline_featured_image":false,"_monsterinsights_skip_tracking":false,"_monsterinsights_sitenote_active":false,"_monsterinsights_sitenote_note":"","_monsterinsights_sitenote_category":0,"_joinchat":[]},"product_cat":[122],"product_tag":[],"class_list":{"0":"post-13009","1":"product","2":"type-product","3":"status-publish","4":"has-post-thumbnail","6":"product_cat-cerave","8":"first","9":"instock","10":"shipping-taxable","11":"purchasable","12":"product-type-simple","13":"add-to-wishlist-after_add_to_cart"},"aioseo_notices":[],"_links":{"self":[{"href":"https:\/\/pararepublique.com\/index.php\/wp-json\/wp\/v2\/product\/13009","targetHints":{"allow":["GET"]}}],"collection":[{"href":"https:\/\/pararepublique.com\/index.php\/wp-json\/wp\/v2\/product"}],"about":[{"href":"https:\/\/pararepublique.com\/index.php\/wp-json\/wp\/v2\/types\/product"}],"replies":[{"embeddable":true,"href":"https:\/\/pararepublique.com\/index.php\/wp-json\/wp\/v2\/comments?post=13009"}],"version-history":[{"count":1,"href":"https:\/\/pararepublique.com\/index.php\/wp-json\/wp\/v2\/product\/13009\/revisions"}],"predecessor-version":[{"id":13011,"href":"https:\/\/pararepublique.com\/index.php\/wp-json\/wp\/v2\/product\/13009\/revisions\/13011"}],"wp:featuredmedia":[{"embeddable":true,"href":"https:\/\/pararepublique.com\/index.php\/wp-json\/wp\/v2\/media\/13010"}],"wp:attachment":[{"href":"https:\/\/pararepublique.com\/index.php\/wp-json\/wp\/v2\/media?parent=13009"}],"wp:term":[{"taxonomy":"product_cat","embeddable":true,"href":"https:\/\/pararepublique.com\/index.php\/wp-json\/wp\/v2\/product_cat?post=13009"},{"taxonomy":"product_tag","embeddable":true,"href":"https:\/\/pararepublique.com\/index.php\/wp-json\/wp\/v2\/product_tag?post=13009"}],"curies":[{"name":"wp","href":"https:\/\/api.w.org\/{rel}","templated":true}]}}