{"id":13068,"date":"2024-10-21T12:00:34","date_gmt":"2024-10-21T12:00:34","guid":{"rendered":"https:\/\/pararepublique.com\/?post_type=product&#038;p=13068"},"modified":"2024-10-21T12:00:34","modified_gmt":"2024-10-21T12:00:34","slug":"cerave-serum-acide-hyaluronique-30ml","status":"publish","type":"product","link":"https:\/\/pararepublique.com\/index.php\/product\/cerave-serum-acide-hyaluronique-30ml\/","title":{"rendered":"CERAVE SERUM ACIDE HYALURONIQUE 30ML"},"content":{"rendered":"<p>Le <strong>CeraVe S\u00e9rum \u00e0 l&rsquo;Acide Hyaluronique<\/strong> (30 ml) est un s\u00e9rum hydratant intensif con\u00e7u pour les peaux qui ont besoin d&rsquo;une hydratation profonde et durable. Il combine des ingr\u00e9dients qui aident \u00e0 restaurer et maintenir la barri\u00e8re naturelle de la peau, tout en offrant une hydratation imm\u00e9diate. Voici les principales caract\u00e9ristiques du produit :<\/p>\n<h3>Principaux ingr\u00e9dients et actions :<\/h3>\n<ul>\n<li><strong>Acide hyaluronique<\/strong> : Connue pour sa capacit\u00e9 \u00e0 retenir jusqu&rsquo;\u00e0 1000 fois son poids en eau, cette mol\u00e9cule aide \u00e0 hydrater intens\u00e9ment la peau, repulpant les zones d\u00e9shydrat\u00e9es et r\u00e9duisant l&rsquo;apparence des ridules dues \u00e0 la s\u00e9cheresse.<\/li>\n<li><strong>C\u00e9ramides<\/strong> : Ces lipides essentiels aident \u00e0 restaurer et \u00e0 maintenir la barri\u00e8re protectrice de la peau, pr\u00e9venant ainsi la perte d&rsquo;humidit\u00e9 et les irritations.<\/li>\n<li><strong>Vitamine B5 (panth\u00e9nol)<\/strong> : Apaise la peau, favorise sa r\u00e9paration et contribue \u00e0 r\u00e9duire les irritations.<\/li>\n<li><strong>Technologie MVE<\/strong> : Permet une lib\u00e9ration prolong\u00e9e des actifs pour une hydratation continue tout au long de la journ\u00e9e.<\/li>\n<\/ul>\n<h3>Bienfaits :<\/h3>\n<ul>\n<li>Offre une hydratation imm\u00e9diate et durable pour les peaux s\u00e8ches et d\u00e9shydrat\u00e9es.<\/li>\n<li>Aide \u00e0 repulper la peau et \u00e0 r\u00e9duire l&rsquo;apparence des ridules caus\u00e9es par la s\u00e9cheresse.<\/li>\n<li>Am\u00e9liore la texture de la peau en la rendant plus lisse et plus souple.<\/li>\n<li>Sans parfum et non com\u00e9dog\u00e8ne, ce s\u00e9rum est adapt\u00e9 aux peaux sensibles et ne bouche pas les pores.<\/li>\n<\/ul>\n<h3>Utilisation :<\/h3>\n<ul>\n<li>Appliquer matin et\/ou soir sur une peau propre avant d&rsquo;utiliser une cr\u00e8me hydratante.<\/li>\n<li>Peut \u00eatre utilis\u00e9 seul ou en compl\u00e9ment d&rsquo;autres produits de soin pour renforcer l&rsquo;hydratation.<\/li>\n<\/ul>\n","protected":false},"excerpt":{"rendered":"<p>Le <strong>CeraVe S\u00e9rum \u00e0 l&rsquo;Acide Hyaluronique<\/strong> (30 ml) est un s\u00e9rum hydratant intensif con\u00e7u pour les peaux qui ont besoin d&rsquo;une hydratation profonde et durable. Il combine des ingr\u00e9dients qui aident \u00e0 restaurer et maintenir la barri\u00e8re naturelle de la peau, tout en offrant une hydratation imm\u00e9diate. Voici les principales caract\u00e9ristiques du produit :<\/p>\n","protected":false},"featured_media":13069,"comment_status":"open","ping_status":"closed","template":"","meta":{"inline_featured_image":false,"_monsterinsights_skip_tracking":false,"_monsterinsights_sitenote_active":false,"_monsterinsights_sitenote_note":"","_monsterinsights_sitenote_category":0,"_joinchat":[]},"product_cat":[122],"product_tag":[],"class_list":{"0":"post-13068","1":"product","2":"type-product","3":"status-publish","4":"has-post-thumbnail","6":"product_cat-cerave","8":"first","9":"instock","10":"shipping-taxable","11":"purchasable","12":"product-type-simple","13":"add-to-wishlist-after_add_to_cart"},"aioseo_notices":[],"_links":{"self":[{"href":"https:\/\/pararepublique.com\/index.php\/wp-json\/wp\/v2\/product\/13068","targetHints":{"allow":["GET"]}}],"collection":[{"href":"https:\/\/pararepublique.com\/index.php\/wp-json\/wp\/v2\/product"}],"about":[{"href":"https:\/\/pararepublique.com\/index.php\/wp-json\/wp\/v2\/types\/product"}],"replies":[{"embeddable":true,"href":"https:\/\/pararepublique.com\/index.php\/wp-json\/wp\/v2\/comments?post=13068"}],"version-history":[{"count":1,"href":"https:\/\/pararepublique.com\/index.php\/wp-json\/wp\/v2\/product\/13068\/revisions"}],"predecessor-version":[{"id":13070,"href":"https:\/\/pararepublique.com\/index.php\/wp-json\/wp\/v2\/product\/13068\/revisions\/13070"}],"wp:featuredmedia":[{"embeddable":true,"href":"https:\/\/pararepublique.com\/index.php\/wp-json\/wp\/v2\/media\/13069"}],"wp:attachment":[{"href":"https:\/\/pararepublique.com\/index.php\/wp-json\/wp\/v2\/media?parent=13068"}],"wp:term":[{"taxonomy":"product_cat","embeddable":true,"href":"https:\/\/pararepublique.com\/index.php\/wp-json\/wp\/v2\/product_cat?post=13068"},{"taxonomy":"product_tag","embeddable":true,"href":"https:\/\/pararepublique.com\/index.php\/wp-json\/wp\/v2\/product_tag?post=13068"}],"curies":[{"name":"wp","href":"https:\/\/api.w.org\/{rel}","templated":true}]}}