{"id":13101,"date":"2024-10-21T12:52:10","date_gmt":"2024-10-21T12:52:10","guid":{"rendered":"https:\/\/pararepublique.com\/?post_type=product&#038;p=13101"},"modified":"2024-10-21T12:52:11","modified_gmt":"2024-10-21T12:52:11","slug":"f-bedon-royale-creme","status":"publish","type":"product","link":"https:\/\/pararepublique.com\/index.php\/product\/f-bedon-royale-creme\/","title":{"rendered":"F.BEDON ROYALE CREME"},"content":{"rendered":"<p>La <strong>F. Bedon Royale Cr\u00e8me<\/strong> est un soin \u00e9claircissant et hydratant haut de gamme con\u00e7u pour aider \u00e0 uniformiser le teint, \u00e9claircir les taches sombres et am\u00e9liorer la texture de la peau. Ce produit est id\u00e9al pour les peaux pr\u00e9sentant des irr\u00e9gularit\u00e9s, des taches d&rsquo;hyperpigmentation ou des cicatrices, tout en procurant une hydratation intense et durable.<\/p>\n<h3>Principaux ingr\u00e9dients et actions :<\/h3>\n<ul>\n<li><strong>Agents \u00e9claircissants puissants<\/strong> : Aident \u00e0 att\u00e9nuer les taches sombres, les zones hyperpigment\u00e9es et les cicatrices d&rsquo;acn\u00e9, en uniformisant le teint progressivement et efficacement.<\/li>\n<li><strong>Extraits naturels<\/strong> : Nourrissent et apaisent la peau tout en favorisant le renouvellement cellulaire, ce qui contribue \u00e0 am\u00e9liorer la texture de la peau et \u00e0 la rendre plus douce et plus lisse.<\/li>\n<li><strong>C\u00e9ramides et huiles nourrissantes<\/strong> : Maintiennent l&rsquo;hydratation de la peau, renforcent la barri\u00e8re cutan\u00e9e et pr\u00e9viennent la d\u00e9shydratation, tout en laissant la peau douce et souple.<\/li>\n<li><strong>Antioxydants<\/strong> : Prot\u00e8gent la peau contre les agressions environnementales et les radicaux libres, contribuant \u00e0 un teint plus \u00e9clatant et plus jeune.<\/li>\n<\/ul>\n<h3>Bienfaits :<\/h3>\n<ul>\n<li><strong>\u00c9claircissement<\/strong> : Aide \u00e0 r\u00e9duire l&rsquo;apparence des taches brunes, des cicatrices et des irr\u00e9gularit\u00e9s de pigmentation, offrant un teint plus uniforme.<\/li>\n<li><strong>Hydratation intense<\/strong> : La cr\u00e8me nourrit et hydrate la peau en profondeur, \u00e9vitant les tiraillements et les sensations de s\u00e9cheresse.<\/li>\n<li><strong>Teint \u00e9clatant<\/strong> : Les extraits naturels et les antioxydants aident \u00e0 redonner \u00e0 la peau un \u00e9clat sain et lumineux.<\/li>\n<li><strong>Am\u00e9lioration de la texture<\/strong> : Rend la peau plus lisse et plus douce gr\u00e2ce \u00e0 ses propri\u00e9t\u00e9s nourrissantes et exfoliantes douces.<\/li>\n<\/ul>\n<h3>Utilisation :<\/h3>\n<ul>\n<li>Appliquer quotidiennement sur une peau propre et s\u00e8che, en insistant sur les zones o\u00f9 des taches sombres ou des irr\u00e9gularit\u00e9s sont pr\u00e9sentes.<\/li>\n<li>Utiliser de pr\u00e9f\u00e9rence le matin et\/ou le soir pour de meilleurs r\u00e9sultats.<\/li>\n<li>Il est recommand\u00e9 d\u2019appliquer une protection solaire pendant la journ\u00e9e, car les produits \u00e9claircissants peuvent rendre la peau plus sensible aux rayons UV.<\/li>\n<\/ul>\n","protected":false},"excerpt":{"rendered":"<p>La <strong>F. Bedon Royale Cr\u00e8me<\/strong> est un soin \u00e9claircissant et hydratant haut de gamme con\u00e7u pour aider \u00e0 uniformiser le teint, \u00e9claircir les taches sombres et am\u00e9liorer la texture de la peau. Ce produit est id\u00e9al pour les peaux pr\u00e9sentant des irr\u00e9gularit\u00e9s, des taches d&rsquo;hyperpigmentation ou des cicatrices, tout en procurant une hydratation intense et durable.<\/p>\n","protected":false},"featured_media":13103,"comment_status":"open","ping_status":"closed","template":"","meta":{"inline_featured_image":false,"_monsterinsights_skip_tracking":false,"_monsterinsights_sitenote_active":false,"_monsterinsights_sitenote_note":"","_monsterinsights_sitenote_category":0,"_joinchat":[]},"product_cat":[129],"product_tag":[],"class_list":{"0":"post-13101","1":"product","2":"type-product","3":"status-publish","4":"has-post-thumbnail","6":"product_cat-francoise-bedon","8":"first","9":"instock","10":"shipping-taxable","11":"purchasable","12":"product-type-simple","13":"add-to-wishlist-after_add_to_cart"},"aioseo_notices":[],"_links":{"self":[{"href":"https:\/\/pararepublique.com\/index.php\/wp-json\/wp\/v2\/product\/13101","targetHints":{"allow":["GET"]}}],"collection":[{"href":"https:\/\/pararepublique.com\/index.php\/wp-json\/wp\/v2\/product"}],"about":[{"href":"https:\/\/pararepublique.com\/index.php\/wp-json\/wp\/v2\/types\/product"}],"replies":[{"embeddable":true,"href":"https:\/\/pararepublique.com\/index.php\/wp-json\/wp\/v2\/comments?post=13101"}],"version-history":[{"count":1,"href":"https:\/\/pararepublique.com\/index.php\/wp-json\/wp\/v2\/product\/13101\/revisions"}],"predecessor-version":[{"id":13104,"href":"https:\/\/pararepublique.com\/index.php\/wp-json\/wp\/v2\/product\/13101\/revisions\/13104"}],"wp:featuredmedia":[{"embeddable":true,"href":"https:\/\/pararepublique.com\/index.php\/wp-json\/wp\/v2\/media\/13103"}],"wp:attachment":[{"href":"https:\/\/pararepublique.com\/index.php\/wp-json\/wp\/v2\/media?parent=13101"}],"wp:term":[{"taxonomy":"product_cat","embeddable":true,"href":"https:\/\/pararepublique.com\/index.php\/wp-json\/wp\/v2\/product_cat?post=13101"},{"taxonomy":"product_tag","embeddable":true,"href":"https:\/\/pararepublique.com\/index.php\/wp-json\/wp\/v2\/product_tag?post=13101"}],"curies":[{"name":"wp","href":"https:\/\/api.w.org\/{rel}","templated":true}]}}