{"id":13118,"date":"2024-10-21T13:16:21","date_gmt":"2024-10-21T13:16:21","guid":{"rendered":"https:\/\/pararepublique.com\/?post_type=product&#038;p=13118"},"modified":"2024-10-21T13:16:21","modified_gmt":"2024-10-21T13:16:21","slug":"f-bedon-serum-royale","status":"publish","type":"product","link":"https:\/\/pararepublique.com\/index.php\/product\/f-bedon-serum-royale\/","title":{"rendered":"F.BEDON SERUM ROYALE"},"content":{"rendered":"<p>Le <strong>F. Bedon S\u00e9rum Royale<\/strong> est un s\u00e9rum \u00e9claircissant intensif, con\u00e7u pour am\u00e9liorer la clart\u00e9 et l&rsquo;uniformit\u00e9 du teint. Ce s\u00e9rum est sp\u00e9cialement formul\u00e9 pour r\u00e9duire l&rsquo;apparence des taches sombres, des cicatrices et des irr\u00e9gularit\u00e9s de pigmentation tout en hydratant la peau. Gr\u00e2ce \u00e0 sa formule puissante, il cible les zones sujettes \u00e0 l&rsquo;hyperpigmentation et aide \u00e0 obtenir une peau plus lisse, lumineuse et \u00e9clatante.<\/p>\n<h3>Principaux ingr\u00e9dients et actions :<\/h3>\n<ul>\n<li><strong>Agents \u00e9claircissants puissants<\/strong> : Ils aident \u00e0 r\u00e9duire les taches brunes, les cicatrices d&rsquo;acn\u00e9, et les zones d&rsquo;hyperpigmentation, unifiant progressivement le teint et offrant un effet \u00e9claircissant visible.<\/li>\n<li><strong>Extraits naturels<\/strong> : Ils nourrissent et apaisent la peau tout en aidant \u00e0 maintenir son hydratation et son \u00e9quilibre. Ces extraits favorisent \u00e9galement le renouvellement cellulaire pour am\u00e9liorer la texture de la peau.<\/li>\n<li><strong>Exfoliation douce<\/strong> : Le s\u00e9rum favorise un l\u00e9ger renouvellement cellulaire, permettant de lisser la peau et de r\u00e9duire les imperfections de surface.<\/li>\n<\/ul>\n<h3>Bienfaits :<\/h3>\n<ul>\n<li><strong>\u00c9claircissement<\/strong> : Att\u00e9nue les taches sombres, unifie le teint et am\u00e9liore la luminosit\u00e9 de la peau.<\/li>\n<li><strong>Teint uniforme<\/strong> : Aide \u00e0 r\u00e9duire les irr\u00e9gularit\u00e9s de pigmentation, cr\u00e9ant un teint homog\u00e8ne et radieux.<\/li>\n<li><strong>Hydratation<\/strong> : Fournit une hydratation n\u00e9cessaire, pr\u00e9venant la s\u00e9cheresse souvent associ\u00e9e aux produits \u00e9claircissants.<\/li>\n<li><strong>Am\u00e9lioration de la texture de la peau<\/strong> : Gr\u00e2ce \u00e0 ses propri\u00e9t\u00e9s exfoliantes et r\u00e9g\u00e9n\u00e9ratrices, le s\u00e9rum aide \u00e0 lisser la peau, la rendant plus douce et uniforme.<\/li>\n<\/ul>\n<h3>Utilisation :<\/h3>\n<ul>\n<li>Appliquer quelques gouttes du s\u00e9rum sur une peau propre et s\u00e8che, en insistant sur les zones sujettes aux taches et irr\u00e9gularit\u00e9s.<\/li>\n<li>Utiliser matin et\/ou soir selon les besoins de la peau.<\/li>\n<li>Pour de meilleurs r\u00e9sultats, il est recommand\u00e9 de compl\u00e9ter le s\u00e9rum avec une cr\u00e8me hydratante et d\u2019utiliser une protection solaire pendant la journ\u00e9e, car les produits \u00e9claircissants peuvent rendre la peau plus sensible aux UV.<\/li>\n<\/ul>\n","protected":false},"excerpt":{"rendered":"<p>Le <strong>F. Bedon S\u00e9rum Royale<\/strong> est un s\u00e9rum \u00e9claircissant intensif, con\u00e7u pour am\u00e9liorer la clart\u00e9 et l&rsquo;uniformit\u00e9 du teint. Ce s\u00e9rum est sp\u00e9cialement formul\u00e9 pour r\u00e9duire l&rsquo;apparence des taches sombres, des cicatrices et des irr\u00e9gularit\u00e9s de pigmentation tout en hydratant la peau. Gr\u00e2ce \u00e0 sa formule puissante, il cible les zones sujettes \u00e0 l&rsquo;hyperpigmentation et aide \u00e0 obtenir une peau plus lisse, lumineuse et \u00e9clatante.<\/p>\n","protected":false},"featured_media":13119,"comment_status":"open","ping_status":"closed","template":"","meta":{"inline_featured_image":false,"_monsterinsights_skip_tracking":false,"_monsterinsights_sitenote_active":false,"_monsterinsights_sitenote_note":"","_monsterinsights_sitenote_category":0,"_joinchat":[]},"product_cat":[129],"product_tag":[],"class_list":{"0":"post-13118","1":"product","2":"type-product","3":"status-publish","4":"has-post-thumbnail","6":"product_cat-francoise-bedon","8":"first","9":"instock","10":"shipping-taxable","11":"purchasable","12":"product-type-simple","13":"add-to-wishlist-after_add_to_cart"},"aioseo_notices":[],"_links":{"self":[{"href":"https:\/\/pararepublique.com\/index.php\/wp-json\/wp\/v2\/product\/13118","targetHints":{"allow":["GET"]}}],"collection":[{"href":"https:\/\/pararepublique.com\/index.php\/wp-json\/wp\/v2\/product"}],"about":[{"href":"https:\/\/pararepublique.com\/index.php\/wp-json\/wp\/v2\/types\/product"}],"replies":[{"embeddable":true,"href":"https:\/\/pararepublique.com\/index.php\/wp-json\/wp\/v2\/comments?post=13118"}],"version-history":[{"count":1,"href":"https:\/\/pararepublique.com\/index.php\/wp-json\/wp\/v2\/product\/13118\/revisions"}],"predecessor-version":[{"id":13120,"href":"https:\/\/pararepublique.com\/index.php\/wp-json\/wp\/v2\/product\/13118\/revisions\/13120"}],"wp:featuredmedia":[{"embeddable":true,"href":"https:\/\/pararepublique.com\/index.php\/wp-json\/wp\/v2\/media\/13119"}],"wp:attachment":[{"href":"https:\/\/pararepublique.com\/index.php\/wp-json\/wp\/v2\/media?parent=13118"}],"wp:term":[{"taxonomy":"product_cat","embeddable":true,"href":"https:\/\/pararepublique.com\/index.php\/wp-json\/wp\/v2\/product_cat?post=13118"},{"taxonomy":"product_tag","embeddable":true,"href":"https:\/\/pararepublique.com\/index.php\/wp-json\/wp\/v2\/product_tag?post=13118"}],"curies":[{"name":"wp","href":"https:\/\/api.w.org\/{rel}","templated":true}]}}