{"id":13124,"date":"2024-10-21T13:27:04","date_gmt":"2024-10-21T13:27:04","guid":{"rendered":"https:\/\/pararepublique.com\/?post_type=product&#038;p=13124"},"modified":"2024-10-21T13:27:05","modified_gmt":"2024-10-21T13:27:05","slug":"genskin-tache-gel-t-25g","status":"publish","type":"product","link":"https:\/\/pararepublique.com\/index.php\/product\/genskin-tache-gel-t-25g\/","title":{"rendered":"GENSKIN TACHE GEL T\/25G"},"content":{"rendered":"<p>Le <strong>GENSKIN Tache Gel<\/strong> (25 g) est un gel \u00e9claircissant sp\u00e9cialement formul\u00e9 pour traiter les taches sombres et les zones d&rsquo;hyperpigmentation sur la peau. Il est con\u00e7u pour estomper les imperfections, unifier le teint et am\u00e9liorer l&rsquo;apparence des taches caus\u00e9es par divers facteurs tels que l&rsquo;acn\u00e9, l&rsquo;exposition au soleil ou le vieillissement cutan\u00e9.<\/p>\n<h3>Principaux ingr\u00e9dients et actions :<\/h3>\n<ul>\n<li><strong>Agents \u00e9claircissants<\/strong> : Les actifs pr\u00e9sents dans ce gel aident \u00e0 r\u00e9duire les taches sombres, agissant sur l\u2019hyperpigmentation pour offrir un teint plus uniforme.<\/li>\n<li><strong>Exfoliants doux<\/strong> : Ces ingr\u00e9dients favorisent le renouvellement cellulaire en \u00e9liminant les cellules mortes \u00e0 la surface de la peau, am\u00e9liorant ainsi la texture et la clart\u00e9 de la peau.<\/li>\n<li><strong>Hydratants l\u00e9gers<\/strong> : Maintiennent l\u2019\u00e9quilibre hydrique de la peau, pr\u00e9venant le dess\u00e8chement et les irritations souvent associ\u00e9s aux traitements \u00e9claircissants.<\/li>\n<\/ul>\n<h3>Bienfaits :<\/h3>\n<ul>\n<li><strong>R\u00e9duction des taches<\/strong> : Cible les taches brunes, les taches de vieillesse et les marques d&rsquo;acn\u00e9 pour att\u00e9nuer leur apparence avec une utilisation r\u00e9guli\u00e8re.<\/li>\n<li><strong>Unification du teint<\/strong> : Am\u00e9liore l&rsquo;homog\u00e9n\u00e9it\u00e9 du teint en estompant les zones d&rsquo;hyperpigme<\/li>\n<\/ul>\n","protected":false},"excerpt":{"rendered":"<p>Le <strong>GENSKIN Tache Gel<\/strong> (25 g) est un gel \u00e9claircissant sp\u00e9cialement formul\u00e9 pour traiter les taches sombres et les zones d&rsquo;hyperpigmentation sur la peau. Il est con\u00e7u pour estomper les imperfections, unifier le teint et am\u00e9liorer l&rsquo;apparence des taches caus\u00e9es par divers facteurs tels que l&rsquo;acn\u00e9, l&rsquo;exposition au soleil ou le vieillissement cutan\u00e9.<\/p>\n","protected":false},"featured_media":13125,"comment_status":"open","ping_status":"closed","template":"","meta":{"inline_featured_image":false,"_monsterinsights_skip_tracking":false,"_monsterinsights_sitenote_active":false,"_monsterinsights_sitenote_note":"","_monsterinsights_sitenote_category":0,"_joinchat":[]},"product_cat":[129],"product_tag":[],"class_list":{"0":"post-13124","1":"product","2":"type-product","3":"status-publish","4":"has-post-thumbnail","6":"product_cat-francoise-bedon","8":"first","9":"instock","10":"shipping-taxable","11":"purchasable","12":"product-type-simple","13":"add-to-wishlist-after_add_to_cart"},"aioseo_notices":[],"_links":{"self":[{"href":"https:\/\/pararepublique.com\/index.php\/wp-json\/wp\/v2\/product\/13124","targetHints":{"allow":["GET"]}}],"collection":[{"href":"https:\/\/pararepublique.com\/index.php\/wp-json\/wp\/v2\/product"}],"about":[{"href":"https:\/\/pararepublique.com\/index.php\/wp-json\/wp\/v2\/types\/product"}],"replies":[{"embeddable":true,"href":"https:\/\/pararepublique.com\/index.php\/wp-json\/wp\/v2\/comments?post=13124"}],"version-history":[{"count":1,"href":"https:\/\/pararepublique.com\/index.php\/wp-json\/wp\/v2\/product\/13124\/revisions"}],"predecessor-version":[{"id":13126,"href":"https:\/\/pararepublique.com\/index.php\/wp-json\/wp\/v2\/product\/13124\/revisions\/13126"}],"wp:featuredmedia":[{"embeddable":true,"href":"https:\/\/pararepublique.com\/index.php\/wp-json\/wp\/v2\/media\/13125"}],"wp:attachment":[{"href":"https:\/\/pararepublique.com\/index.php\/wp-json\/wp\/v2\/media?parent=13124"}],"wp:term":[{"taxonomy":"product_cat","embeddable":true,"href":"https:\/\/pararepublique.com\/index.php\/wp-json\/wp\/v2\/product_cat?post=13124"},{"taxonomy":"product_tag","embeddable":true,"href":"https:\/\/pararepublique.com\/index.php\/wp-json\/wp\/v2\/product_tag?post=13124"}],"curies":[{"name":"wp","href":"https:\/\/api.w.org\/{rel}","templated":true}]}}