{"id":13134,"date":"2024-10-21T13:38:27","date_gmt":"2024-10-21T13:38:27","guid":{"rendered":"https:\/\/pararepublique.com\/?post_type=product&#038;p=13134"},"modified":"2024-10-21T13:38:28","modified_gmt":"2024-10-21T13:38:28","slug":"paulas-choice-bha-liquide-118ml-exfol","status":"publish","type":"product","link":"https:\/\/pararepublique.com\/index.php\/product\/paulas-choice-bha-liquide-118ml-exfol\/","title":{"rendered":"PAULAS CHOICE BHA LIQUIDE 118ML EXFOL"},"content":{"rendered":"<p>Le <strong>Paula&rsquo;s Choice Skin Perfecting 2% BHA Liquid Exfoliant<\/strong> (118 ml) est un exfoliant liquide \u00e0 base d&rsquo;acide salicylique (BHA) formul\u00e9 pour traiter les probl\u00e8mes de peau tels que les points noirs, les pores dilat\u00e9s, l&rsquo;acn\u00e9 et la texture irr\u00e9guli\u00e8re de la peau. Ce produit est r\u00e9put\u00e9 pour son efficacit\u00e9 \u00e0 exfolier en profondeur sans irriter la peau, tout en apportant un \u00e9clat et une douceur visibles d\u00e8s les premi\u00e8res utilisations.<\/p>\n<h3>Principaux ingr\u00e9dients et actions :<\/h3>\n<ul>\n<li><strong>Acide salicylique (2% BHA)<\/strong> : Cet ingr\u00e9dient phare exfolie les cellules mortes de la peau, lib\u00e8re les pores obstru\u00e9s et r\u00e9duit les points noirs et les imperfections. Le BHA a \u00e9galement des propri\u00e9t\u00e9s anti-inflammatoires et antibact\u00e9riennes, ce qui le rend particuli\u00e8rement adapt\u00e9 pour les peaux \u00e0 tendance acn\u00e9ique.<\/li>\n<li><strong>Extraits apaisants<\/strong> : Enrichi en antioxydants et ingr\u00e9dients apaisants, comme le th\u00e9 vert, il aide \u00e0 calmer la peau et \u00e0 r\u00e9duire les rougeurs, tout en prot\u00e9geant contre les dommages environnementaux.<\/li>\n<li><strong>Formule l\u00e9g\u00e8re<\/strong> : Ce produit est rapidement absorb\u00e9 par la peau, sans laisser de r\u00e9sidus gras, et convient \u00e0 tous les types de peau, y compris les peaux sensibles.<\/li>\n<\/ul>\n<h3>Bienfaits :<\/h3>\n<ul>\n<li><strong>D\u00e9sobstrue les pores<\/strong> : L&rsquo;acide salicylique p\u00e9n\u00e8tre en profondeur pour \u00e9liminer les impuret\u00e9s des pores, r\u00e9duisant ainsi l&rsquo;apparence des points noirs et des boutons.<\/li>\n<li><strong>Am\u00e9liore la texture de la peau<\/strong> : Exfolie en douceur pour r\u00e9v\u00e9ler une peau plus lisse et plus \u00e9clatante, tout en minimisant les pores dilat\u00e9s.<\/li>\n<li><strong>R\u00e9duit les imperfections<\/strong> : Calme les inflammations et pr\u00e9vient l\u2019apparition de nouvelles \u00e9ruptions cutan\u00e9es, tout en att\u00e9nuant les rougeurs.<\/li>\n<li><strong>\u00c9claircit le teint<\/strong> : Unifie le teint et am\u00e9liore son \u00e9clat naturel avec une utilisation r\u00e9guli\u00e8re.<\/li>\n<\/ul>\n<h3>Utilisation :<\/h3>\n<ul>\n<li>Appliquer apr\u00e8s le nettoyage sur une peau s\u00e8che. Impr\u00e9gner un coton du <strong>Paula&rsquo;s Choice BHA Liquid Exfoliant<\/strong> ou appliquer directement avec les doigts, en \u00e9vitant le contour des yeux.<\/li>\n<li>Utiliser une \u00e0 deux fois par jour selon les besoins et la tol\u00e9rance de votre peau. Commencez par une application quotidienne pour \u00e9valuer la tol\u00e9rance, puis ajustez en fonction.<\/li>\n<li>Il est essentiel d\u2019utiliser une protection solaire pendant la journ\u00e9e, car l&rsquo;exfoliation peut rendre la peau plus sensible aux rayons UV.<\/li>\n<\/ul>\n","protected":false},"excerpt":{"rendered":"<p>Le <strong>Paula&rsquo;s Choice Skin Perfecting 2% BHA Liquid Exfoliant<\/strong> (118 ml) est un exfoliant liquide \u00e0 base d&rsquo;acide salicylique (BHA) formul\u00e9 pour traiter les probl\u00e8mes de peau tels que les points noirs, les pores dilat\u00e9s, l&rsquo;acn\u00e9 et la texture irr\u00e9guli\u00e8re de la peau. Ce produit est r\u00e9put\u00e9 pour son efficacit\u00e9 \u00e0 exfolier en profondeur sans irriter la peau, tout en apportant un \u00e9clat et une douceur visibles d\u00e8s les premi\u00e8res utilisations.<\/p>\n","protected":false},"featured_media":13135,"comment_status":"open","ping_status":"closed","template":"","meta":{"inline_featured_image":false,"_monsterinsights_skip_tracking":false,"_monsterinsights_sitenote_active":false,"_monsterinsights_sitenote_note":"","_monsterinsights_sitenote_category":0,"_joinchat":[]},"product_cat":[115],"product_tag":[],"class_list":{"0":"post-13134","1":"product","2":"type-product","3":"status-publish","4":"has-post-thumbnail","6":"product_cat-paulas-choice","8":"first","9":"instock","10":"shipping-taxable","11":"purchasable","12":"product-type-simple","13":"add-to-wishlist-after_add_to_cart"},"aioseo_notices":[],"_links":{"self":[{"href":"https:\/\/pararepublique.com\/index.php\/wp-json\/wp\/v2\/product\/13134","targetHints":{"allow":["GET"]}}],"collection":[{"href":"https:\/\/pararepublique.com\/index.php\/wp-json\/wp\/v2\/product"}],"about":[{"href":"https:\/\/pararepublique.com\/index.php\/wp-json\/wp\/v2\/types\/product"}],"replies":[{"embeddable":true,"href":"https:\/\/pararepublique.com\/index.php\/wp-json\/wp\/v2\/comments?post=13134"}],"version-history":[{"count":1,"href":"https:\/\/pararepublique.com\/index.php\/wp-json\/wp\/v2\/product\/13134\/revisions"}],"predecessor-version":[{"id":13136,"href":"https:\/\/pararepublique.com\/index.php\/wp-json\/wp\/v2\/product\/13134\/revisions\/13136"}],"wp:featuredmedia":[{"embeddable":true,"href":"https:\/\/pararepublique.com\/index.php\/wp-json\/wp\/v2\/media\/13135"}],"wp:attachment":[{"href":"https:\/\/pararepublique.com\/index.php\/wp-json\/wp\/v2\/media?parent=13134"}],"wp:term":[{"taxonomy":"product_cat","embeddable":true,"href":"https:\/\/pararepublique.com\/index.php\/wp-json\/wp\/v2\/product_cat?post=13134"},{"taxonomy":"product_tag","embeddable":true,"href":"https:\/\/pararepublique.com\/index.php\/wp-json\/wp\/v2\/product_tag?post=13134"}],"curies":[{"name":"wp","href":"https:\/\/api.w.org\/{rel}","templated":true}]}}