{"id":13176,"date":"2024-10-22T10:10:12","date_gmt":"2024-10-22T10:10:12","guid":{"rendered":"https:\/\/pararepublique.com\/?post_type=product&#038;p=13176"},"modified":"2024-10-22T10:10:13","modified_gmt":"2024-10-22T10:10:13","slug":"mustele-bb-eau-rafraich-toil-spray-400ml","status":"publish","type":"product","link":"https:\/\/pararepublique.com\/index.php\/product\/mustele-bb-eau-rafraich-toil-spray-400ml\/","title":{"rendered":"MUSTELE BB EAU RAFRAICH TOIL SPRAY 400ML"},"content":{"rendered":"<h3><strong>Mustela B\u00e9b\u00e9 Eau Rafra\u00eechissante et Coiffante \u2013 400 ml \u2013 Fra\u00eecheur et Douceur pour B\u00e9b\u00e9<\/strong><\/h3>\n<p>Apportez une sensation de fra\u00eecheur imm\u00e9diate \u00e0 la peau et aux cheveux de votre b\u00e9b\u00e9 avec l&rsquo;<strong>Eau Rafra\u00eechissante et Coiffante<\/strong> de Mustela. Ce spray 2-en-1 est id\u00e9al pour rafra\u00eechir la peau et faciliter le coiffage quotidien tout en respectant la sensibilit\u00e9 des b\u00e9b\u00e9s.<\/p>\n<ul>\n<li><strong>Effet Rafra\u00eechissant<\/strong> : Cette eau l\u00e9g\u00e8re apporte un coup de fra\u00eecheur instantan\u00e9 \u00e0 la peau et laisse une agr\u00e9able sensation de propret\u00e9, id\u00e9ale pour les chaudes journ\u00e9es ou apr\u00e8s une sieste.<\/li>\n<li><strong>Coiffage Facile<\/strong> : Enrichie en extraits d\u2019avocat, elle aide \u00e0 d\u00e9m\u00ealer d\u00e9licatement les cheveux fins des b\u00e9b\u00e9s, tout en leur apportant douceur et brillance.<\/li>\n<li><strong>Hydratation et Protection<\/strong> : Gr\u00e2ce \u00e0 sa formule sans alcool et enrichie en pers\u00e9ose d&rsquo;avocat, elle hydrate et renforce la barri\u00e8re cutan\u00e9e, tout en pr\u00e9servant l&rsquo;\u00e9quilibre naturel du cuir chevelu.<\/li>\n<li><strong>Parfum Doux<\/strong> : Laisse un parfum d\u00e9licat et l\u00e9ger sur la peau et les cheveux, procurant une agr\u00e9able sensation de fra\u00eecheur et de bien-\u00eatre.<\/li>\n<li><strong>Formule Hypoallerg\u00e9nique<\/strong> : Test\u00e9e sous contr\u00f4le dermatologique et p\u00e9diatrique, elle est sans alcool, et adapt\u00e9e aux peaux sensibles d\u00e8s la naissance.<\/li>\n<\/ul>\n<p>Le format pratique de <strong>400 ml<\/strong> en spray rend l&rsquo;<strong>Eau Rafra\u00eechissante et Coiffante<\/strong> id\u00e9ale pour une utilisation quotidienne, pour rafra\u00eechir et coiffer b\u00e9b\u00e9 tout en douceur.<\/p>\n","protected":false},"excerpt":{"rendered":"<p>Apportez une sensation de fra\u00eecheur imm\u00e9diate \u00e0 la peau et aux cheveux de votre b\u00e9b\u00e9 avec l&rsquo;<strong>Eau Rafra\u00eechissante et Coiffante<\/strong> de Mustela. Ce spray 2-en-1 est id\u00e9al pour rafra\u00eechir la peau et faciliter le coiffage quotidien tout en respectant la sensibilit\u00e9 des b\u00e9b\u00e9s.<\/p>\n","protected":false},"featured_media":13177,"comment_status":"open","ping_status":"closed","template":"","meta":{"inline_featured_image":false,"_monsterinsights_skip_tracking":false,"_monsterinsights_sitenote_active":false,"_monsterinsights_sitenote_note":"","_monsterinsights_sitenote_category":0,"_joinchat":[]},"product_cat":[150],"product_tag":[],"class_list":{"0":"post-13176","1":"product","2":"type-product","3":"status-publish","4":"has-post-thumbnail","6":"product_cat-mustela","8":"first","9":"instock","10":"shipping-taxable","11":"purchasable","12":"product-type-simple","13":"add-to-wishlist-after_add_to_cart"},"aioseo_notices":[],"_links":{"self":[{"href":"https:\/\/pararepublique.com\/index.php\/wp-json\/wp\/v2\/product\/13176","targetHints":{"allow":["GET"]}}],"collection":[{"href":"https:\/\/pararepublique.com\/index.php\/wp-json\/wp\/v2\/product"}],"about":[{"href":"https:\/\/pararepublique.com\/index.php\/wp-json\/wp\/v2\/types\/product"}],"replies":[{"embeddable":true,"href":"https:\/\/pararepublique.com\/index.php\/wp-json\/wp\/v2\/comments?post=13176"}],"version-history":[{"count":1,"href":"https:\/\/pararepublique.com\/index.php\/wp-json\/wp\/v2\/product\/13176\/revisions"}],"predecessor-version":[{"id":13178,"href":"https:\/\/pararepublique.com\/index.php\/wp-json\/wp\/v2\/product\/13176\/revisions\/13178"}],"wp:featuredmedia":[{"embeddable":true,"href":"https:\/\/pararepublique.com\/index.php\/wp-json\/wp\/v2\/media\/13177"}],"wp:attachment":[{"href":"https:\/\/pararepublique.com\/index.php\/wp-json\/wp\/v2\/media?parent=13176"}],"wp:term":[{"taxonomy":"product_cat","embeddable":true,"href":"https:\/\/pararepublique.com\/index.php\/wp-json\/wp\/v2\/product_cat?post=13176"},{"taxonomy":"product_tag","embeddable":true,"href":"https:\/\/pararepublique.com\/index.php\/wp-json\/wp\/v2\/product_tag?post=13176"}],"curies":[{"name":"wp","href":"https:\/\/api.w.org\/{rel}","templated":true}]}}